{"id":3430,"date":"2026-02-27T11:05:32","date_gmt":"2026-02-27T10:05:32","guid":{"rendered":"https:\/\/condomett.it\/mechanikwerkstatt\/saldatura-industriale-piping\/"},"modified":"2026-02-27T11:56:43","modified_gmt":"2026-02-27T10:56:43","slug":"saldatura-industriale-piping","status":"publish","type":"page","link":"https:\/\/condomett.it\/de\/mechanikwerkstatt\/saldatura-industriale-piping\/","title":{"rendered":"Industrielles Schwei\u00dfen und Rohrleitungen"},"content":{"rendered":"<div class=\"wpb-content-wrapper\"><p>[vc_row][vc_column][vc_column_text]<style type=\"text\/css\">.easingslider-2367 { width: 100%; }.easingslider-2367 .easingslider-image { max-height: 400px; max-width: 640px; }.easingslider-2367 .easingslider-fade-in, .easingslider-fade-out { -webkit-animation-duration: 400ms; -moz-animation-duration: 400ms; animation-duration: 400ms; }<\/style><script type=\"text\/javascript\">window.EasingSlider2367 = {\"width\":640,\"height\":400,\"singleItem\":true,\"items\":1,\"itemsDesktop\":false,\"itemsDesktopSmall\":false,\"itemsTablet\":false,\"itemsTabletSmall\":false,\"itemsMobile\":false,\"responsive\":true,\"lazyLoad\":true,\"autoPlay\":4000,\"slideSpeed\":400,\"navigation\":true,\"navigationText\":[\"\",\"\"],\"pagination\":false,\"autoHeight\":false,\"mouseDrag\":false,\"touchDrag\":false,\"addClassActive\":true,\"transitionStyle\":\"fade\"};<\/script><div data-id=\"2367\" class=\"easingslider easingslider-2367 easingslider-container easingslider-full-width easingslider-resizing-enabled easingslider-aspect-ratio easingslider-arrows-inside\"><div class=\"easingslider-slide\"><a href=\"https:\/\/condomett.it\/wp-content\/uploads\/2017\/09\/18698410_1192077960915224_3481214328047803229_n-640x400.jpg\"><img decoding=\"async\" src=\"https:\/\/condomett.it\/wp-content\/plugins\/easing-slider\/assets\/images\/placeholder-pixel.png\" data-src=\"https:\/\/condomett.it\/wp-content\/uploads\/2017\/09\/18698410_1192077960915224_3481214328047803229_n-640x400.jpg\" alt=\"\" title=\"\" class=\"easingslider-image easingslider-lazy\" \/><\/a><\/div><div class=\"easingslider-slide\"><a href=\"https:\/\/condomett.it\/wp-content\/uploads\/2017\/09\/19369603_10211500325256060_1406649882_n-640x400.jpg\"><img decoding=\"async\" src=\"https:\/\/condomett.it\/wp-content\/plugins\/easing-slider\/assets\/images\/placeholder-pixel.png\" data-src=\"https:\/\/condomett.it\/wp-content\/uploads\/2017\/09\/19369603_10211500325256060_1406649882_n-640x400.jpg\" alt=\"\" title=\"\" class=\"easingslider-image easingslider-lazy\" \/><\/a><\/div><div class=\"easingslider-slide\"><a href=\"https:\/\/condomett.it\/wp-content\/uploads\/2017\/09\/19369837_10211500325456065_1514173197_n-640x400.jpg\"><img decoding=\"async\" src=\"https:\/\/condomett.it\/wp-content\/plugins\/easing-slider\/assets\/images\/placeholder-pixel.png\" data-src=\"https:\/\/condomett.it\/wp-content\/uploads\/2017\/09\/19369837_10211500325456065_1514173197_n-640x400.jpg\" alt=\"\" title=\"\" class=\"easingslider-image easingslider-lazy\" \/><\/a><\/div><div class=\"easingslider-slide\"><a href=\"https:\/\/condomett.it\/wp-content\/uploads\/2017\/09\/IMG_1110-640x400.jpg\"><img decoding=\"async\" src=\"https:\/\/condomett.it\/wp-content\/plugins\/easing-slider\/assets\/images\/placeholder-pixel.png\" data-src=\"https:\/\/condomett.it\/wp-content\/uploads\/2017\/09\/IMG_1110-640x400.jpg\" alt=\"\" title=\"\" class=\"easingslider-image easingslider-lazy\" \/><\/a><\/div><div class=\"easingslider-slide\"><a href=\"https:\/\/condomett.it\/wp-content\/uploads\/2017\/09\/IMG_1136-640x400.jpg\"><img decoding=\"async\" src=\"https:\/\/condomett.it\/wp-content\/plugins\/easing-slider\/assets\/images\/placeholder-pixel.png\" data-src=\"https:\/\/condomett.it\/wp-content\/uploads\/2017\/09\/IMG_1136-640x400.jpg\" alt=\"\" title=\"\" class=\"easingslider-image easingslider-lazy\" \/><\/a><\/div><div class=\"easingslider-slide\"><a href=\"https:\/\/condomett.it\/wp-content\/uploads\/2017\/09\/Officina-meccanica-1-640x400.jpg\"><img decoding=\"async\" src=\"https:\/\/condomett.it\/wp-content\/plugins\/easing-slider\/assets\/images\/placeholder-pixel.png\" data-src=\"https:\/\/condomett.it\/wp-content\/uploads\/2017\/09\/Officina-meccanica-1-640x400.jpg\" alt=\"\" title=\"\" class=\"easingslider-image easingslider-lazy\" \/><\/a><\/div><div class=\"easingslider-slide\"><a href=\"https:\/\/condomett.it\/wp-content\/uploads\/2017\/09\/Officina-meccanica-2-640x400.jpg\"><img decoding=\"async\" src=\"https:\/\/condomett.it\/wp-content\/plugins\/easing-slider\/assets\/images\/placeholder-pixel.png\" data-src=\"https:\/\/condomett.it\/wp-content\/uploads\/2017\/09\/Officina-meccanica-2-640x400.jpg\" alt=\"\" title=\"\" class=\"easingslider-image easingslider-lazy\" \/><\/a><\/div><div class=\"easingslider-slide\"><a href=\"https:\/\/condomett.it\/wp-content\/uploads\/2017\/09\/Immagine-640x400.jpg\"><img decoding=\"async\" src=\"https:\/\/condomett.it\/wp-content\/plugins\/easing-slider\/assets\/images\/placeholder-pixel.png\" data-src=\"https:\/\/condomett.it\/wp-content\/uploads\/2017\/09\/Immagine-640x400.jpg\" alt=\"\" title=\"\" class=\"easingslider-image easingslider-lazy\" \/><\/a><\/div><div class=\"easingslider-slide\"><a href=\"https:\/\/condomett.it\/wp-content\/uploads\/2017\/09\/download-640x400.png\"><img decoding=\"async\" src=\"https:\/\/condomett.it\/wp-content\/plugins\/easing-slider\/assets\/images\/placeholder-pixel.png\" data-src=\"https:\/\/condomett.it\/wp-content\/uploads\/2017\/09\/download-640x400.png\" alt=\"\" title=\"\" class=\"easingslider-image easingslider-lazy\" \/><\/a><\/div><div class=\"easingslider-slide\"><a href=\"https:\/\/condomett.it\/wp-content\/uploads\/2017\/09\/IMG_20160921_141431-640x400.jpg\"><img decoding=\"async\" src=\"https:\/\/condomett.it\/wp-content\/plugins\/easing-slider\/assets\/images\/placeholder-pixel.png\" data-src=\"https:\/\/condomett.it\/wp-content\/uploads\/2017\/09\/IMG_20160921_141431-640x400.jpg\" alt=\"\" title=\"\" class=\"easingslider-image easingslider-lazy\" \/><\/a><\/div><div class=\"easingslider-slide\"><a href=\"https:\/\/condomett.it\/wp-content\/uploads\/2017\/09\/IMG_20160921_141541-640x400.jpg\"><img decoding=\"async\" src=\"https:\/\/condomett.it\/wp-content\/plugins\/easing-slider\/assets\/images\/placeholder-pixel.png\" data-src=\"https:\/\/condomett.it\/wp-content\/uploads\/2017\/09\/IMG_20160921_141541-640x400.jpg\" alt=\"\" title=\"\" class=\"easingslider-image easingslider-lazy\" \/><\/a><\/div><div class=\"easingslider-slide\"><a href=\"https:\/\/condomett.it\/wp-content\/uploads\/2017\/09\/IMG_20160921_141552-640x400.jpg\"><img decoding=\"async\" src=\"https:\/\/condomett.it\/wp-content\/plugins\/easing-slider\/assets\/images\/placeholder-pixel.png\" data-src=\"https:\/\/condomett.it\/wp-content\/uploads\/2017\/09\/IMG_20160921_141552-640x400.jpg\" alt=\"\" title=\"\" class=\"easingslider-image easingslider-lazy\" \/><\/a><\/div><\/div>[\/vc_column_text][vc_column_text css=&#8220;&#8220;]Wir bieten fortschrittliche L\u00f6sungen f\u00fcr den Stahlbau und die Anlagentechnik, wobei wir handwerkliches Know-how mit strengsten industriellen Verfahren kombinieren. Unsere Schwei\u00dfabteilung ist so strukturiert, dass sie auch komplexeste mechanische Herausforderungen meistern kann und hochwertige strukturelle Verbindungen f\u00fcr eine Vielzahl von Materialien und Komponenten gew\u00e4hrleistet.<\/p>\n<p>Wir verwenden Technologien der neuesten Generation, um die maximale Integrit\u00e4t der Verbindung zu gew\u00e4hrleisten, und arbeiten je nach Projektspezifikationen mit verschiedenen Methoden:<\/p>\n<ul>\n<li style=\"list-style-type: none;\">\n<ul>\n<li><b>Drahtschwei\u00dfen (MIG\/MAG):<\/b> Ideal f\u00fcr hochproduktive Arbeiten an schweren und leichten Stahlkonstruktionen, garantiert eine optimale Eindringtiefe und Kontinuit\u00e4t der Schwei\u00dfnaht.<\/li>\n<li><b>Elektrodenschwei\u00dfen (MMA):<\/b> Vielseitigkeit und Robustheit f\u00fcr Arbeiten vor Ort und Wartungsarbeiten, wodurch auch unter schwierigen Umgebungsbedingungen widerstandsf\u00e4hige Verbindungen gew\u00e4hrleistet sind.<\/li>\n<\/ul>\n<\/li>\n<\/ul>\n<p>WIG-Schwei\u00dfen (GTAW): Die erste Wahl f\u00fcr Pr\u00e4zisionsarbeiten und geringe Wandst\u00e4rken.<\/p>\n<p>Unsere Kompetenz erstreckt sich auf die Bearbeitung und das Schwei\u00dfen von Metallen mit unterschiedlichen chemisch-physikalischen Eigenschaften, darunter <u>Kohlenstoffst\u00e4hle (Eisen<\/u>) und <u>austenitische St\u00e4hle (Edelstahl)<\/u><\/p>\n<p><strong>Rohrleitungs- und Ventilbau<\/strong><\/p>\n<p>Wir bieten einen schl\u00fcsselfertigen Service f\u00fcr die Realisierung von industriellen Rohrleitungen und k\u00fcmmern uns um jede Phase der Produktionskette:<\/p>\n<ol>\n<li><b>Schneiden und Vorbereiten:<\/b> Mechanisches Schneiden und Pr\u00e4zisionsschneiden, um eine perfekte Verbindung der Kanten zu gew\u00e4hrleisten.<\/li>\n<li><b>Montage:<\/b> Die Montage wird von erfahrenem Personal durchgef\u00fchrt, um die Einhaltung der Ma\u00dftoleranzen und isometrischen Schemata zu gew\u00e4hrleisten.<\/li>\n<li><b>Linienverschwei\u00dfung:<\/b> Ausf\u00fchrung der Verbindungen gem\u00e4\u00df den spezifischen Verfahren (WPS).<\/li>\n<li><b>Verschwei\u00dfung an Ventilen:<\/b> Spezialisierte Eingriffe an Ventilk\u00f6rpern und Steuerungskomponenten, bei denen thermische Pr\u00e4zision von grundlegender Bedeutung ist, um die Dichtungen und inneren Mechanismen nicht zu beeintr\u00e4chtigen.<\/li>\n<\/ol>\n<p>Unsere Mitarbeiter und Prozesse sind nach internationalen Standards zertifiziert, wodurch die rechtliche und strukturelle Konformit\u00e4t der Produktion gew\u00e4hrleistet ist:<\/p>\n<p><b>UNI EN ISO 3834-2:<\/b> Erweiterte Qualit\u00e4tsanforderungen f\u00fcr das Schwei\u00dfen von metallischen Werkstoffen, die die vollst\u00e4ndige Kontrolle des gesamten Produktionsprozesses bescheinigen.<\/p>\n<p><b>UNI EN 1090-1\/2\/3:<\/b> Obligatorische Zertifizierung (CE-Kennzeichnung) f\u00fcr die Herstellung von Stahl- und Aluminiumkonstruktionen, die die R\u00fcckverfolgbarkeit und Zuverl\u00e4ssigkeit der Bauteile gew\u00e4hrleistet.<\/p>\n<p>Dar\u00fcber hinaus liegt die besondere St\u00e4rke von Condomett S.r.l. in der nativen Integration zwischen dem operativen und dem Kontrollbereich: Dieser geschlossene Ansatz garantiert nicht nur maximale strukturelle Sicherheit von Rohrleitungen und Ventilen, sondern optimiert auch die Produktionszeiten und beseitigt Ineffizienzen zwischen der Konstruktionsphase und der Endpr\u00fcfung.[\/vc_column_text][\/vc_column][\/vc_row]<\/p>\n<\/div>","protected":false},"excerpt":{"rendered":"<p>[vc_row][vc_column][vc_column_text][\/vc_column_text][vc_column_text css=&#8220;&#8220;]Wir bieten fortschrittliche L\u00f6sungen f\u00fcr den Stahlbau und die Anlagentechnik, wobei wir handwerkliches Know-how mit strengsten industriellen Verfahren kombinieren. Unsere Schwei\u00dfabteilung ist so strukturiert, dass sie auch komplexeste mechanische Herausforderungen meistern kann und hochwertige strukturelle Verbindungen f\u00fcr eine Vielzahl von Materialien und Komponenten gew\u00e4hrleistet. Wir verwenden Technologien der neuesten Generation, um die maximale Integrit\u00e4t&#8230; <a class=\"read-more\" href=\"https:\/\/condomett.it\/de\/mechanikwerkstatt\/saldatura-industriale-piping\/\"> READ MORE<\/a><\/p>\n","protected":false},"author":3,"featured_media":3443,"parent":2982,"menu_order":0,"comment_status":"closed","ping_status":"closed","template":"","meta":{"footnotes":""},"class_list":["post-3430","page","type-page","status-publish","has-post-thumbnail","hentry"],"yoast_head":"<!-- This site is optimized with the Yoast SEO plugin v27.4 - https:\/\/yoast.com\/product\/yoast-seo-wordpress\/ -->\n<title>Industrielles Schwei\u00dfen und Rohrleitungen - Condomett<\/title>\n<meta name=\"robots\" content=\"index, follow, max-snippet:-1, max-image-preview:large, max-video-preview:-1\" \/>\n<link rel=\"canonical\" href=\"https:\/\/condomett.it\/officina-meccanica\/saldatura-industriale-piping\/\" \/>\n<meta property=\"og:locale\" content=\"de_DE\" \/>\n<meta property=\"og:type\" content=\"article\" \/>\n<meta property=\"og:title\" content=\"Industrielles Schwei\u00dfen und Rohrleitungen - Condomett\" \/>\n<meta property=\"og:description\" content=\"[vc_row][vc_column][vc_column_text][\/vc_column_text][vc_column_text css=&#8220;&#8220;]Wir bieten fortschrittliche L\u00f6sungen f\u00fcr den Stahlbau und die Anlagentechnik, wobei wir handwerkliches Know-how mit strengsten industriellen Verfahren kombinieren. Unsere Schwei\u00dfabteilung ist so strukturiert, dass sie auch komplexeste mechanische Herausforderungen meistern kann und hochwertige strukturelle Verbindungen f\u00fcr eine Vielzahl von Materialien und Komponenten gew\u00e4hrleistet. Wir verwenden Technologien der neuesten Generation, um die maximale Integrit\u00e4t... READ MORE\" \/>\n<meta property=\"og:url\" content=\"https:\/\/condomett.it\/officina-meccanica\/saldatura-industriale-piping\/\" \/>\n<meta property=\"og:site_name\" content=\"Condomett\" \/>\n<meta property=\"article:modified_time\" content=\"2026-02-27T10:56:43+00:00\" \/>\n<meta property=\"og:image\" content=\"https:\/\/condomett.it\/wp-content\/uploads\/2017\/09\/IMG_1110.jpg\" \/>\n\t<meta property=\"og:image:width\" content=\"1000\" \/>\n\t<meta property=\"og:image:height\" content=\"666\" \/>\n\t<meta property=\"og:image:type\" content=\"image\/jpeg\" \/>\n<meta name=\"twitter:card\" content=\"summary_large_image\" \/>\n<meta name=\"twitter:label1\" content=\"Gesch\u00e4tzte Lesezeit\" \/>\n\t<meta name=\"twitter:data1\" content=\"2\u00a0Minuten\" \/>\n<script type=\"application\/ld+json\" class=\"yoast-schema-graph\">{\"@context\":\"https:\\\/\\\/schema.org\",\"@graph\":[{\"@type\":\"WebPage\",\"@id\":\"https:\\\/\\\/condomett.it\\\/officina-meccanica\\\/saldatura-industriale-piping\\\/\",\"url\":\"https:\\\/\\\/condomett.it\\\/officina-meccanica\\\/saldatura-industriale-piping\\\/\",\"name\":\"Industrielles Schwei\u00dfen und Rohrleitungen - Condomett\",\"isPartOf\":{\"@id\":\"https:\\\/\\\/condomett.it\\\/de\\\/#website\"},\"primaryImageOfPage\":{\"@id\":\"https:\\\/\\\/condomett.it\\\/officina-meccanica\\\/saldatura-industriale-piping\\\/#primaryimage\"},\"image\":{\"@id\":\"https:\\\/\\\/condomett.it\\\/officina-meccanica\\\/saldatura-industriale-piping\\\/#primaryimage\"},\"thumbnailUrl\":\"https:\\\/\\\/condomett.it\\\/wp-content\\\/uploads\\\/2026\\\/03\\\/CONDOMETT-saldatura-13.jpg\",\"datePublished\":\"2026-02-27T10:05:32+00:00\",\"dateModified\":\"2026-02-27T10:56:43+00:00\",\"breadcrumb\":{\"@id\":\"https:\\\/\\\/condomett.it\\\/officina-meccanica\\\/saldatura-industriale-piping\\\/#breadcrumb\"},\"inLanguage\":\"de\",\"potentialAction\":[{\"@type\":\"ReadAction\",\"target\":[\"https:\\\/\\\/condomett.it\\\/officina-meccanica\\\/saldatura-industriale-piping\\\/\"]}]},{\"@type\":\"ImageObject\",\"inLanguage\":\"de\",\"@id\":\"https:\\\/\\\/condomett.it\\\/officina-meccanica\\\/saldatura-industriale-piping\\\/#primaryimage\",\"url\":\"https:\\\/\\\/condomett.it\\\/wp-content\\\/uploads\\\/2026\\\/03\\\/CONDOMETT-saldatura-13.jpg\",\"contentUrl\":\"https:\\\/\\\/condomett.it\\\/wp-content\\\/uploads\\\/2026\\\/03\\\/CONDOMETT-saldatura-13.jpg\",\"width\":2000,\"height\":1335},{\"@type\":\"BreadcrumbList\",\"@id\":\"https:\\\/\\\/condomett.it\\\/officina-meccanica\\\/saldatura-industriale-piping\\\/#breadcrumb\",\"itemListElement\":[{\"@type\":\"ListItem\",\"position\":1,\"name\":\"Home\",\"item\":\"https:\\\/\\\/condomett.it\\\/de\\\/\"},{\"@type\":\"ListItem\",\"position\":2,\"name\":\"Mechanikwerkstatt\",\"item\":\"https:\\\/\\\/condomett.it\\\/officina-meccanica\\\/\"},{\"@type\":\"ListItem\",\"position\":3,\"name\":\"Industrielles Schwei\u00dfen und Rohrleitungen\"}]},{\"@type\":\"WebSite\",\"@id\":\"https:\\\/\\\/condomett.it\\\/de\\\/#website\",\"url\":\"https:\\\/\\\/condomett.it\\\/de\\\/\",\"name\":\"Condomett\",\"description\":\"Condomett Fidenza (dal 1953 \u2013 Parma): controlli non distruttivi, trattamenti termici, officina meccanica, verifiche periodiche ed ispezioni aeree con drone\",\"potentialAction\":[{\"@type\":\"SearchAction\",\"target\":{\"@type\":\"EntryPoint\",\"urlTemplate\":\"https:\\\/\\\/condomett.it\\\/de\\\/?s={search_term_string}\"},\"query-input\":{\"@type\":\"PropertyValueSpecification\",\"valueRequired\":true,\"valueName\":\"search_term_string\"}}],\"inLanguage\":\"de\"}]}<\/script>\n<!-- \/ Yoast SEO plugin. -->","yoast_head_json":{"title":"Industrielles Schwei\u00dfen und Rohrleitungen - Condomett","robots":{"index":"index","follow":"follow","max-snippet":"max-snippet:-1","max-image-preview":"max-image-preview:large","max-video-preview":"max-video-preview:-1"},"canonical":"https:\/\/condomett.it\/officina-meccanica\/saldatura-industriale-piping\/","og_locale":"de_DE","og_type":"article","og_title":"Industrielles Schwei\u00dfen und Rohrleitungen - Condomett","og_description":"[vc_row][vc_column][vc_column_text][\/vc_column_text][vc_column_text css=&#8220;&#8220;]Wir bieten fortschrittliche L\u00f6sungen f\u00fcr den Stahlbau und die Anlagentechnik, wobei wir handwerkliches Know-how mit strengsten industriellen Verfahren kombinieren. Unsere Schwei\u00dfabteilung ist so strukturiert, dass sie auch komplexeste mechanische Herausforderungen meistern kann und hochwertige strukturelle Verbindungen f\u00fcr eine Vielzahl von Materialien und Komponenten gew\u00e4hrleistet. Wir verwenden Technologien der neuesten Generation, um die maximale Integrit\u00e4t... READ MORE","og_url":"https:\/\/condomett.it\/officina-meccanica\/saldatura-industriale-piping\/","og_site_name":"Condomett","article_modified_time":"2026-02-27T10:56:43+00:00","og_image":[{"width":1000,"height":666,"url":"https:\/\/condomett.it\/wp-content\/uploads\/2017\/09\/IMG_1110.jpg","type":"image\/jpeg"}],"twitter_card":"summary_large_image","twitter_misc":{"Gesch\u00e4tzte Lesezeit":"2\u00a0Minuten"},"schema":{"@context":"https:\/\/schema.org","@graph":[{"@type":"WebPage","@id":"https:\/\/condomett.it\/officina-meccanica\/saldatura-industriale-piping\/","url":"https:\/\/condomett.it\/officina-meccanica\/saldatura-industriale-piping\/","name":"Industrielles Schwei\u00dfen und Rohrleitungen - Condomett","isPartOf":{"@id":"https:\/\/condomett.it\/de\/#website"},"primaryImageOfPage":{"@id":"https:\/\/condomett.it\/officina-meccanica\/saldatura-industriale-piping\/#primaryimage"},"image":{"@id":"https:\/\/condomett.it\/officina-meccanica\/saldatura-industriale-piping\/#primaryimage"},"thumbnailUrl":"https:\/\/condomett.it\/wp-content\/uploads\/2026\/03\/CONDOMETT-saldatura-13.jpg","datePublished":"2026-02-27T10:05:32+00:00","dateModified":"2026-02-27T10:56:43+00:00","breadcrumb":{"@id":"https:\/\/condomett.it\/officina-meccanica\/saldatura-industriale-piping\/#breadcrumb"},"inLanguage":"de","potentialAction":[{"@type":"ReadAction","target":["https:\/\/condomett.it\/officina-meccanica\/saldatura-industriale-piping\/"]}]},{"@type":"ImageObject","inLanguage":"de","@id":"https:\/\/condomett.it\/officina-meccanica\/saldatura-industriale-piping\/#primaryimage","url":"https:\/\/condomett.it\/wp-content\/uploads\/2026\/03\/CONDOMETT-saldatura-13.jpg","contentUrl":"https:\/\/condomett.it\/wp-content\/uploads\/2026\/03\/CONDOMETT-saldatura-13.jpg","width":2000,"height":1335},{"@type":"BreadcrumbList","@id":"https:\/\/condomett.it\/officina-meccanica\/saldatura-industriale-piping\/#breadcrumb","itemListElement":[{"@type":"ListItem","position":1,"name":"Home","item":"https:\/\/condomett.it\/de\/"},{"@type":"ListItem","position":2,"name":"Mechanikwerkstatt","item":"https:\/\/condomett.it\/officina-meccanica\/"},{"@type":"ListItem","position":3,"name":"Industrielles Schwei\u00dfen und Rohrleitungen"}]},{"@type":"WebSite","@id":"https:\/\/condomett.it\/de\/#website","url":"https:\/\/condomett.it\/de\/","name":"Condomett","description":"Condomett Fidenza (dal 1953 \u2013 Parma): controlli non distruttivi, trattamenti termici, officina meccanica, verifiche periodiche ed ispezioni aeree con drone","potentialAction":[{"@type":"SearchAction","target":{"@type":"EntryPoint","urlTemplate":"https:\/\/condomett.it\/de\/?s={search_term_string}"},"query-input":{"@type":"PropertyValueSpecification","valueRequired":true,"valueName":"search_term_string"}}],"inLanguage":"de"}]}},"_links":{"self":[{"href":"https:\/\/condomett.it\/de\/wp-json\/wp\/v2\/pages\/3430","targetHints":{"allow":["GET"]}}],"collection":[{"href":"https:\/\/condomett.it\/de\/wp-json\/wp\/v2\/pages"}],"about":[{"href":"https:\/\/condomett.it\/de\/wp-json\/wp\/v2\/types\/page"}],"author":[{"embeddable":true,"href":"https:\/\/condomett.it\/de\/wp-json\/wp\/v2\/users\/3"}],"replies":[{"embeddable":true,"href":"https:\/\/condomett.it\/de\/wp-json\/wp\/v2\/comments?post=3430"}],"version-history":[{"count":1,"href":"https:\/\/condomett.it\/de\/wp-json\/wp\/v2\/pages\/3430\/revisions"}],"predecessor-version":[{"id":3431,"href":"https:\/\/condomett.it\/de\/wp-json\/wp\/v2\/pages\/3430\/revisions\/3431"}],"up":[{"embeddable":true,"href":"https:\/\/condomett.it\/de\/wp-json\/wp\/v2\/pages\/2982"}],"wp:featuredmedia":[{"embeddable":true,"href":"https:\/\/condomett.it\/de\/wp-json\/wp\/v2\/media\/3443"}],"wp:attachment":[{"href":"https:\/\/condomett.it\/de\/wp-json\/wp\/v2\/media?parent=3430"}],"curies":[{"name":"wp","href":"https:\/\/api.w.org\/{rel}","templated":true}]}}