{"id":2988,"date":"2017-07-04T11:18:40","date_gmt":"2017-07-04T09:18:40","guid":{"rendered":"https:\/\/condomett.it\/trattamenti-termici\/"},"modified":"2017-10-10T15:19:30","modified_gmt":"2017-10-10T13:19:30","slug":"waermebehandlungen","status":"publish","type":"page","link":"https:\/\/condomett.it\/de\/waermebehandlungen\/","title":{"rendered":"W\u00e4rmebehandlungen"},"content":{"rendered":"<style type=\"text\/css\">.easingslider-2343 { width: 100%; }.easingslider-2343 .easingslider-image { max-height: 500px; max-width: 840px; }.easingslider-2343 .easingslider-fade-in, .easingslider-fade-out { -webkit-animation-duration: 400ms; -moz-animation-duration: 400ms; animation-duration: 400ms; }<\/style><script type=\"text\/javascript\">window.EasingSlider2343 = {\"width\":840,\"height\":500,\"singleItem\":true,\"items\":1,\"itemsDesktop\":false,\"itemsDesktopSmall\":false,\"itemsTablet\":false,\"itemsTabletSmall\":false,\"itemsMobile\":false,\"responsive\":true,\"lazyLoad\":true,\"autoPlay\":4000,\"slideSpeed\":400,\"navigation\":true,\"navigationText\":[\"\",\"\"],\"pagination\":false,\"autoHeight\":false,\"mouseDrag\":false,\"touchDrag\":false,\"addClassActive\":true,\"transitionStyle\":\"fade\"};<\/script><div data-id=\"2343\" class=\"easingslider easingslider-2343 easingslider-container easingslider-full-width easingslider-resizing-enabled easingslider-aspect-ratio easingslider-arrows-inside\"><div class=\"easingslider-slide\"><a href=\"https:\/\/condomett.it\/wp-content\/uploads\/2017\/09\/Trattamento-ad-aria-calda-1-840x500.jpg\"><img decoding=\"async\" src=\"https:\/\/condomett.it\/wp-content\/plugins\/easing-slider\/assets\/images\/placeholder-pixel.png\" data-src=\"https:\/\/condomett.it\/wp-content\/uploads\/2017\/09\/Trattamento-ad-aria-calda-1-840x500.jpg\" alt=\"\" title=\"\" class=\"easingslider-image easingslider-lazy\" \/><\/a><\/div><div class=\"easingslider-slide\"><a href=\"https:\/\/condomett.it\/wp-content\/uploads\/2017\/09\/trattamento-ad-aria-calda-2-840x500.jpg\"><img decoding=\"async\" src=\"https:\/\/condomett.it\/wp-content\/plugins\/easing-slider\/assets\/images\/placeholder-pixel.png\" data-src=\"https:\/\/condomett.it\/wp-content\/uploads\/2017\/09\/trattamento-ad-aria-calda-2-840x500.jpg\" alt=\"\" title=\"\" class=\"easingslider-image easingslider-lazy\" \/><\/a><\/div><div class=\"easingslider-slide\"><a href=\"https:\/\/condomett.it\/wp-content\/uploads\/2017\/09\/trattamento-ad-aria-calda-4-840x500.jpg\"><img decoding=\"async\" src=\"https:\/\/condomett.it\/wp-content\/plugins\/easing-slider\/assets\/images\/placeholder-pixel.png\" data-src=\"https:\/\/condomett.it\/wp-content\/uploads\/2017\/09\/trattamento-ad-aria-calda-4-840x500.jpg\" alt=\"\" title=\"\" class=\"easingslider-image easingslider-lazy\" \/><\/a><\/div><div class=\"easingslider-slide\"><a href=\"https:\/\/condomett.it\/wp-content\/uploads\/2017\/09\/Trattamento-ad-aria-calda-840x500.jpg\"><img decoding=\"async\" src=\"https:\/\/condomett.it\/wp-content\/plugins\/easing-slider\/assets\/images\/placeholder-pixel.png\" data-src=\"https:\/\/condomett.it\/wp-content\/uploads\/2017\/09\/Trattamento-ad-aria-calda-840x500.jpg\" alt=\"\" title=\"\" class=\"easingslider-image easingslider-lazy\" \/><\/a><\/div><div class=\"easingslider-slide\"><a href=\"https:\/\/condomett.it\/wp-content\/uploads\/2017\/09\/Trattementi-termici-3-840x500.jpg\"><img decoding=\"async\" src=\"https:\/\/condomett.it\/wp-content\/plugins\/easing-slider\/assets\/images\/placeholder-pixel.png\" data-src=\"https:\/\/condomett.it\/wp-content\/uploads\/2017\/09\/Trattementi-termici-3-840x500.jpg\" alt=\"\" title=\"\" class=\"easingslider-image easingslider-lazy\" \/><\/a><\/div><div class=\"easingslider-slide\"><a href=\"https:\/\/condomett.it\/wp-content\/uploads\/2017\/09\/IMG_1093-840x500.jpg\"><img decoding=\"async\" src=\"https:\/\/condomett.it\/wp-content\/plugins\/easing-slider\/assets\/images\/placeholder-pixel.png\" data-src=\"https:\/\/condomett.it\/wp-content\/uploads\/2017\/09\/IMG_1093-840x500.jpg\" alt=\"\" title=\"\" class=\"easingslider-image easingslider-lazy\" \/><\/a><\/div><\/div>\n<hr \/>\n<p>Die Firma Condomett kann mit ihrer Erfahrung aus \u00fcber 50 Jahren im Bereich der W\u00e4rmebehandlungen, mit ihrem hochspezialisierten Personal, der konstanten technischen Entwicklung und dazu mit dem Einsatz von hochmodernen Maschinenanlagen jede einzelne Anfrage eines Kunden interpretieren und erf\u00fcllen.<\/p>\n<p>Condomett bietet verschiedene L\u00f6sungen der W\u00e4rmebehandlung an:<\/p>\n<ul>\n<li>Widerstands-W\u00e4rmebehandlungen<\/li>\n<li>Induktive W\u00e4rmebehandlungen<\/li>\n<li>W\u00e4rmebehandlungen mit Hei\u00dfluft<\/li>\n<\/ul>\n<p>Die W\u00e4rmebehandlungen werden ausschlie\u00dflich mit vollautomatischen Maschinen und mit computergesteuerten Kontrollsystemen durchgef\u00fchrt, die alle einzelnen Prozessphasen steuern. Zu der hohen Produktivit\u00e4t kommt eine absolute Wiederholbarkeit der Prozesse \u2013 eine unerl\u00e4ssliche Voraussetzung, um dem Produkt dauerhaft konstante Qualit\u00e4t zu garantieren.<\/p>\n<p>Die Vielseitigkeit unserer Ausr\u00fcstungen erm\u00f6glicht uns den bequemen Zugang in allen Bereichen, so dass wir immer hervorragende Ergebnisse garantieren k\u00f6nnen.<\/p>\n<p>Condomett kann \u00d6fen in allen Gr\u00f6\u00dfen zusammenbauen, sowohl in der eigenen Niederlassung als auch beim Kunden, so dass jeder Bedarf erf\u00fcllt werden kann.<br \/>\nAlle W\u00e4rmebehandlungen werden mit der dazugeh\u00f6rigen Grafik ausgef\u00fchrt, die den Temperaturverlauf dabei bescheinigt.<\/p>\n","protected":false},"excerpt":{"rendered":"<p>Die Firma Condomett kann mit ihrer Erfahrung aus \u00fcber 50 Jahren im Bereich der W\u00e4rmebehandlungen, mit ihrem hochspezialisierten Personal, der konstanten technischen Entwicklung und dazu mit dem Einsatz von hochmodernen Maschinenanlagen jede einzelne Anfrage eines Kunden interpretieren und erf\u00fcllen. Condomett bietet verschiedene L\u00f6sungen der W\u00e4rmebehandlung an: Widerstands-W\u00e4rmebehandlungen Induktive W\u00e4rmebehandlungen W\u00e4rmebehandlungen mit Hei\u00dfluft Die W\u00e4rmebehandlungen werden&#8230; <a class=\"read-more\" href=\"https:\/\/condomett.it\/de\/waermebehandlungen\/\"> READ MORE<\/a><\/p>\n","protected":false},"author":3,"featured_media":0,"parent":0,"menu_order":0,"comment_status":"closed","ping_status":"closed","template":"","meta":{"footnotes":""},"class_list":["post-2988","page","type-page","status-publish","hentry"],"yoast_head":"<!-- This site is optimized with the Yoast SEO plugin v27.4 - https:\/\/yoast.com\/product\/yoast-seo-wordpress\/ -->\n<title>W\u00e4rmebehandlungen - Condomett<\/title>\n<meta name=\"robots\" content=\"index, follow, max-snippet:-1, max-image-preview:large, max-video-preview:-1\" \/>\n<link rel=\"canonical\" href=\"https:\/\/condomett.it\/trattamenti-termici\/\" \/>\n<meta property=\"og:locale\" content=\"de_DE\" \/>\n<meta property=\"og:type\" content=\"article\" \/>\n<meta property=\"og:title\" content=\"W\u00e4rmebehandlungen - Condomett\" \/>\n<meta property=\"og:description\" content=\"Die Firma Condomett kann mit ihrer Erfahrung aus \u00fcber 50 Jahren im Bereich der W\u00e4rmebehandlungen, mit ihrem hochspezialisierten Personal, der konstanten technischen Entwicklung und dazu mit dem Einsatz von hochmodernen Maschinenanlagen jede einzelne Anfrage eines Kunden interpretieren und erf\u00fcllen. Condomett bietet verschiedene L\u00f6sungen der W\u00e4rmebehandlung an: Widerstands-W\u00e4rmebehandlungen Induktive W\u00e4rmebehandlungen W\u00e4rmebehandlungen mit Hei\u00dfluft Die W\u00e4rmebehandlungen werden... READ MORE\" \/>\n<meta property=\"og:url\" content=\"https:\/\/condomett.it\/trattamenti-termici\/\" \/>\n<meta property=\"og:site_name\" content=\"Condomett\" \/>\n<meta property=\"article:modified_time\" content=\"2017-10-10T13:19:30+00:00\" \/>\n<meta name=\"twitter:card\" content=\"summary_large_image\" \/>\n<meta name=\"twitter:label1\" content=\"Gesch\u00e4tzte Lesezeit\" \/>\n\t<meta name=\"twitter:data1\" content=\"1\u00a0Minute\" \/>\n<script type=\"application\/ld+json\" class=\"yoast-schema-graph\">{\"@context\":\"https:\\\/\\\/schema.org\",\"@graph\":[{\"@type\":\"WebPage\",\"@id\":\"https:\\\/\\\/condomett.it\\\/trattamenti-termici\\\/\",\"url\":\"https:\\\/\\\/condomett.it\\\/trattamenti-termici\\\/\",\"name\":\"W\u00e4rmebehandlungen - Condomett\",\"isPartOf\":{\"@id\":\"https:\\\/\\\/condomett.it\\\/de\\\/#website\"},\"datePublished\":\"2017-07-04T09:18:40+00:00\",\"dateModified\":\"2017-10-10T13:19:30+00:00\",\"breadcrumb\":{\"@id\":\"https:\\\/\\\/condomett.it\\\/trattamenti-termici\\\/#breadcrumb\"},\"inLanguage\":\"de\",\"potentialAction\":[{\"@type\":\"ReadAction\",\"target\":[\"https:\\\/\\\/condomett.it\\\/trattamenti-termici\\\/\"]}]},{\"@type\":\"BreadcrumbList\",\"@id\":\"https:\\\/\\\/condomett.it\\\/trattamenti-termici\\\/#breadcrumb\",\"itemListElement\":[{\"@type\":\"ListItem\",\"position\":1,\"name\":\"Home\",\"item\":\"https:\\\/\\\/condomett.it\\\/de\\\/\"},{\"@type\":\"ListItem\",\"position\":2,\"name\":\"W\u00e4rmebehandlungen\"}]},{\"@type\":\"WebSite\",\"@id\":\"https:\\\/\\\/condomett.it\\\/de\\\/#website\",\"url\":\"https:\\\/\\\/condomett.it\\\/de\\\/\",\"name\":\"Condomett\",\"description\":\"Condomett Fidenza (dal 1953 \u2013 Parma): controlli non distruttivi, trattamenti termici, officina meccanica, verifiche periodiche ed ispezioni aeree con drone\",\"potentialAction\":[{\"@type\":\"SearchAction\",\"target\":{\"@type\":\"EntryPoint\",\"urlTemplate\":\"https:\\\/\\\/condomett.it\\\/de\\\/?s={search_term_string}\"},\"query-input\":{\"@type\":\"PropertyValueSpecification\",\"valueRequired\":true,\"valueName\":\"search_term_string\"}}],\"inLanguage\":\"de\"}]}<\/script>\n<!-- \/ Yoast SEO plugin. -->","yoast_head_json":{"title":"W\u00e4rmebehandlungen - Condomett","robots":{"index":"index","follow":"follow","max-snippet":"max-snippet:-1","max-image-preview":"max-image-preview:large","max-video-preview":"max-video-preview:-1"},"canonical":"https:\/\/condomett.it\/trattamenti-termici\/","og_locale":"de_DE","og_type":"article","og_title":"W\u00e4rmebehandlungen - Condomett","og_description":"Die Firma Condomett kann mit ihrer Erfahrung aus \u00fcber 50 Jahren im Bereich der W\u00e4rmebehandlungen, mit ihrem hochspezialisierten Personal, der konstanten technischen Entwicklung und dazu mit dem Einsatz von hochmodernen Maschinenanlagen jede einzelne Anfrage eines Kunden interpretieren und erf\u00fcllen. Condomett bietet verschiedene L\u00f6sungen der W\u00e4rmebehandlung an: Widerstands-W\u00e4rmebehandlungen Induktive W\u00e4rmebehandlungen W\u00e4rmebehandlungen mit Hei\u00dfluft Die W\u00e4rmebehandlungen werden... READ MORE","og_url":"https:\/\/condomett.it\/trattamenti-termici\/","og_site_name":"Condomett","article_modified_time":"2017-10-10T13:19:30+00:00","twitter_card":"summary_large_image","twitter_misc":{"Gesch\u00e4tzte Lesezeit":"1\u00a0Minute"},"schema":{"@context":"https:\/\/schema.org","@graph":[{"@type":"WebPage","@id":"https:\/\/condomett.it\/trattamenti-termici\/","url":"https:\/\/condomett.it\/trattamenti-termici\/","name":"W\u00e4rmebehandlungen - Condomett","isPartOf":{"@id":"https:\/\/condomett.it\/de\/#website"},"datePublished":"2017-07-04T09:18:40+00:00","dateModified":"2017-10-10T13:19:30+00:00","breadcrumb":{"@id":"https:\/\/condomett.it\/trattamenti-termici\/#breadcrumb"},"inLanguage":"de","potentialAction":[{"@type":"ReadAction","target":["https:\/\/condomett.it\/trattamenti-termici\/"]}]},{"@type":"BreadcrumbList","@id":"https:\/\/condomett.it\/trattamenti-termici\/#breadcrumb","itemListElement":[{"@type":"ListItem","position":1,"name":"Home","item":"https:\/\/condomett.it\/de\/"},{"@type":"ListItem","position":2,"name":"W\u00e4rmebehandlungen"}]},{"@type":"WebSite","@id":"https:\/\/condomett.it\/de\/#website","url":"https:\/\/condomett.it\/de\/","name":"Condomett","description":"Condomett Fidenza (dal 1953 \u2013 Parma): controlli non distruttivi, trattamenti termici, officina meccanica, verifiche periodiche ed ispezioni aeree con drone","potentialAction":[{"@type":"SearchAction","target":{"@type":"EntryPoint","urlTemplate":"https:\/\/condomett.it\/de\/?s={search_term_string}"},"query-input":{"@type":"PropertyValueSpecification","valueRequired":true,"valueName":"search_term_string"}}],"inLanguage":"de"}]}},"_links":{"self":[{"href":"https:\/\/condomett.it\/de\/wp-json\/wp\/v2\/pages\/2988","targetHints":{"allow":["GET"]}}],"collection":[{"href":"https:\/\/condomett.it\/de\/wp-json\/wp\/v2\/pages"}],"about":[{"href":"https:\/\/condomett.it\/de\/wp-json\/wp\/v2\/types\/page"}],"author":[{"embeddable":true,"href":"https:\/\/condomett.it\/de\/wp-json\/wp\/v2\/users\/3"}],"replies":[{"embeddable":true,"href":"https:\/\/condomett.it\/de\/wp-json\/wp\/v2\/comments?post=2988"}],"version-history":[{"count":2,"href":"https:\/\/condomett.it\/de\/wp-json\/wp\/v2\/pages\/2988\/revisions"}],"predecessor-version":[{"id":2991,"href":"https:\/\/condomett.it\/de\/wp-json\/wp\/v2\/pages\/2988\/revisions\/2991"}],"wp:attachment":[{"href":"https:\/\/condomett.it\/de\/wp-json\/wp\/v2\/media?parent=2988"}],"curies":[{"name":"wp","href":"https:\/\/api.w.org\/{rel}","templated":true}]}}