{"id":2985,"date":"2017-07-04T11:13:18","date_gmt":"2017-07-04T09:13:18","guid":{"rendered":"https:\/\/condomett.it\/storia\/"},"modified":"2017-10-10T14:09:25","modified_gmt":"2017-10-10T12:09:25","slug":"storia","status":"publish","type":"page","link":"https:\/\/condomett.it\/de\/storia\/","title":{"rendered":"Geschichte"},"content":{"rendered":"<div class=\"wpb-content-wrapper\"><p>[vc_row][vc_column][vc_column_text]Condomett wurde Ende der 60er Jahre gegr\u00fcndet, aber die Wurzeln reichen noch ein paar Jahre weiter zur\u00fcck, genauer gesagt bis 1953, als ein junger Industriegutachter mit Namen Antonino Besagni die Firma IPERCON (Impresa Per Controlli, d.h. Unternehmen f\u00fcr Pr\u00fcfungen) gr\u00fcndete, die<strong> erste Gesellschaft in Italien, die zerst\u00f6rungsfreie Pr\u00fcfungen im Auftrag Dritter anbot<\/strong>. Bis dahin f\u00fchrten n\u00e4mlich nur das Istituto Breda und die Universit\u00e4t Politecnico in Mailand Durchstrahlungspr\u00fcfungen in Schiedsgerichtsverfahren durch.<\/p>\n<p>Die Intuition erwies sich als erfolgreich: <strong>Onshore<\/strong>\u00a0wurden Eindringpr\u00fcfungen, Magnetpulverpr\u00fcfungen, Ultraschallkontrollen, aber vor allem Durchstrahlungspr\u00fcfungen vorgenommen.<\/p>\n<p>Im Laufe der Jahre florierte die Gesellschaft und die mobilen R\u00f6ntgensysteme wurden zu Eins\u00e4tzen in ganz Italien gerufen. Gegen Ende der 60er Jahre wurde eine weitere T\u00e4tigkeit aufgenommen: die\u00a0<strong>W\u00e4rmebehandlungen mit Hei\u00dfluft.<\/strong><\/p>\n<p>Die Nachfrage nach den Diensten nahm zu, und um die Anforderungen der Kunden bestm\u00f6glich erf\u00fcllen zu k\u00f6nnen, beschloss Besagni, dass der Zeitpunkt f\u00fcr eine Erweiterung gekommen war: Man brauchte eine Werkstatt, man brauchte einen neuen Namen. So entstand 1968 die Firma Condomett mit Sitz in Fidenza. In den folgenden Jahren f\u00fchrten die konstante Aufmerksamkeit f\u00fcr die Branchenentwicklung, die <strong>st\u00e4ndige Innovation<\/strong>\u00a0bei den Pr\u00fcfmethoden und die Zuverl\u00e4ssigkeit, einen <strong>hohen Qualit\u00e4tsstandard<\/strong> zu garantieren, zur Zusammenarbeit der Firma mit den gr\u00f6\u00dften Konzernen der Petrochemie in Italien und im Ausland.<\/p>\n<p>1999 begann Condomett mit der<strong>\u00a0Raffinerie Saras in Sarroch<\/strong> zusammenzuarbeiten: Die Werkvertr\u00e4ge umfassten Wartung, zerst\u00f6rungsfreie Kontrollen und W\u00e4rmebehandlungen. Bis heute haben die zahlreichen Auftr\u00e4ge f\u00fcr Dienstleistungen in der Raffinerie \u2013 sowie in ganz Sardinien \u2013 und die st\u00e4ndige Pr\u00e4senz eines\u00a0<strong>kompetenten Fachteams<\/strong>\u00a0diese strategische Basis gefestigt und zu einem der St\u00fctzpfeiler der Gesellschaftsstruktur gemacht.[\/vc_column_text][\/vc_column][\/vc_row]<\/p>\n<\/div>","protected":false},"excerpt":{"rendered":"<p>[vc_row][vc_column][vc_column_text]Condomett wurde Ende der 60er Jahre gegr\u00fcndet, aber die Wurzeln reichen noch ein paar Jahre weiter zur\u00fcck, genauer gesagt bis 1953, als ein junger Industriegutachter mit Namen Antonino Besagni die Firma IPERCON (Impresa Per Controlli, d.h. Unternehmen f\u00fcr Pr\u00fcfungen) gr\u00fcndete, die erste Gesellschaft in Italien, die zerst\u00f6rungsfreie Pr\u00fcfungen im Auftrag Dritter anbot. Bis dahin f\u00fchrten&#8230; <a class=\"read-more\" href=\"https:\/\/condomett.it\/de\/storia\/\"> READ MORE<\/a><\/p>\n","protected":false},"author":3,"featured_media":0,"parent":0,"menu_order":0,"comment_status":"closed","ping_status":"closed","template":"","meta":{"footnotes":""},"class_list":["post-2985","page","type-page","status-publish","hentry"],"yoast_head":"<!-- This site is optimized with the Yoast SEO plugin v27.4 - https:\/\/yoast.com\/product\/yoast-seo-wordpress\/ -->\n<title>Geschichte - Condomett<\/title>\n<meta name=\"robots\" content=\"index, follow, max-snippet:-1, max-image-preview:large, max-video-preview:-1\" \/>\n<link rel=\"canonical\" href=\"https:\/\/condomett.it\/storia\/\" \/>\n<meta property=\"og:locale\" content=\"de_DE\" \/>\n<meta property=\"og:type\" content=\"article\" \/>\n<meta property=\"og:title\" content=\"Geschichte - Condomett\" \/>\n<meta property=\"og:description\" content=\"[vc_row][vc_column][vc_column_text]Condomett wurde Ende der 60er Jahre gegr\u00fcndet, aber die Wurzeln reichen noch ein paar Jahre weiter zur\u00fcck, genauer gesagt bis 1953, als ein junger Industriegutachter mit Namen Antonino Besagni die Firma IPERCON (Impresa Per Controlli, d.h. Unternehmen f\u00fcr Pr\u00fcfungen) gr\u00fcndete, die erste Gesellschaft in Italien, die zerst\u00f6rungsfreie Pr\u00fcfungen im Auftrag Dritter anbot. Bis dahin f\u00fchrten... READ MORE\" \/>\n<meta property=\"og:url\" content=\"https:\/\/condomett.it\/storia\/\" \/>\n<meta property=\"og:site_name\" content=\"Condomett\" \/>\n<meta property=\"article:modified_time\" content=\"2017-10-10T12:09:25+00:00\" \/>\n<meta name=\"twitter:card\" content=\"summary_large_image\" \/>\n<meta name=\"twitter:label1\" content=\"Gesch\u00e4tzte Lesezeit\" \/>\n\t<meta name=\"twitter:data1\" content=\"2\u00a0Minuten\" \/>\n<script type=\"application\/ld+json\" class=\"yoast-schema-graph\">{\"@context\":\"https:\\\/\\\/schema.org\",\"@graph\":[{\"@type\":\"WebPage\",\"@id\":\"https:\\\/\\\/condomett.it\\\/storia\\\/\",\"url\":\"https:\\\/\\\/condomett.it\\\/storia\\\/\",\"name\":\"Geschichte - Condomett\",\"isPartOf\":{\"@id\":\"https:\\\/\\\/condomett.it\\\/de\\\/#website\"},\"datePublished\":\"2017-07-04T09:13:18+00:00\",\"dateModified\":\"2017-10-10T12:09:25+00:00\",\"breadcrumb\":{\"@id\":\"https:\\\/\\\/condomett.it\\\/storia\\\/#breadcrumb\"},\"inLanguage\":\"de\",\"potentialAction\":[{\"@type\":\"ReadAction\",\"target\":[\"https:\\\/\\\/condomett.it\\\/storia\\\/\"]}]},{\"@type\":\"BreadcrumbList\",\"@id\":\"https:\\\/\\\/condomett.it\\\/storia\\\/#breadcrumb\",\"itemListElement\":[{\"@type\":\"ListItem\",\"position\":1,\"name\":\"Home\",\"item\":\"https:\\\/\\\/condomett.it\\\/de\\\/\"},{\"@type\":\"ListItem\",\"position\":2,\"name\":\"Geschichte\"}]},{\"@type\":\"WebSite\",\"@id\":\"https:\\\/\\\/condomett.it\\\/de\\\/#website\",\"url\":\"https:\\\/\\\/condomett.it\\\/de\\\/\",\"name\":\"Condomett\",\"description\":\"Condomett Fidenza (dal 1953 \u2013 Parma): controlli non distruttivi, trattamenti termici, officina meccanica, verifiche periodiche ed ispezioni aeree con drone\",\"potentialAction\":[{\"@type\":\"SearchAction\",\"target\":{\"@type\":\"EntryPoint\",\"urlTemplate\":\"https:\\\/\\\/condomett.it\\\/de\\\/?s={search_term_string}\"},\"query-input\":{\"@type\":\"PropertyValueSpecification\",\"valueRequired\":true,\"valueName\":\"search_term_string\"}}],\"inLanguage\":\"de\"}]}<\/script>\n<!-- \/ Yoast SEO plugin. -->","yoast_head_json":{"title":"Geschichte - Condomett","robots":{"index":"index","follow":"follow","max-snippet":"max-snippet:-1","max-image-preview":"max-image-preview:large","max-video-preview":"max-video-preview:-1"},"canonical":"https:\/\/condomett.it\/storia\/","og_locale":"de_DE","og_type":"article","og_title":"Geschichte - Condomett","og_description":"[vc_row][vc_column][vc_column_text]Condomett wurde Ende der 60er Jahre gegr\u00fcndet, aber die Wurzeln reichen noch ein paar Jahre weiter zur\u00fcck, genauer gesagt bis 1953, als ein junger Industriegutachter mit Namen Antonino Besagni die Firma IPERCON (Impresa Per Controlli, d.h. Unternehmen f\u00fcr Pr\u00fcfungen) gr\u00fcndete, die erste Gesellschaft in Italien, die zerst\u00f6rungsfreie Pr\u00fcfungen im Auftrag Dritter anbot. Bis dahin f\u00fchrten... READ MORE","og_url":"https:\/\/condomett.it\/storia\/","og_site_name":"Condomett","article_modified_time":"2017-10-10T12:09:25+00:00","twitter_card":"summary_large_image","twitter_misc":{"Gesch\u00e4tzte Lesezeit":"2\u00a0Minuten"},"schema":{"@context":"https:\/\/schema.org","@graph":[{"@type":"WebPage","@id":"https:\/\/condomett.it\/storia\/","url":"https:\/\/condomett.it\/storia\/","name":"Geschichte - Condomett","isPartOf":{"@id":"https:\/\/condomett.it\/de\/#website"},"datePublished":"2017-07-04T09:13:18+00:00","dateModified":"2017-10-10T12:09:25+00:00","breadcrumb":{"@id":"https:\/\/condomett.it\/storia\/#breadcrumb"},"inLanguage":"de","potentialAction":[{"@type":"ReadAction","target":["https:\/\/condomett.it\/storia\/"]}]},{"@type":"BreadcrumbList","@id":"https:\/\/condomett.it\/storia\/#breadcrumb","itemListElement":[{"@type":"ListItem","position":1,"name":"Home","item":"https:\/\/condomett.it\/de\/"},{"@type":"ListItem","position":2,"name":"Geschichte"}]},{"@type":"WebSite","@id":"https:\/\/condomett.it\/de\/#website","url":"https:\/\/condomett.it\/de\/","name":"Condomett","description":"Condomett Fidenza (dal 1953 \u2013 Parma): controlli non distruttivi, trattamenti termici, officina meccanica, verifiche periodiche ed ispezioni aeree con drone","potentialAction":[{"@type":"SearchAction","target":{"@type":"EntryPoint","urlTemplate":"https:\/\/condomett.it\/de\/?s={search_term_string}"},"query-input":{"@type":"PropertyValueSpecification","valueRequired":true,"valueName":"search_term_string"}}],"inLanguage":"de"}]}},"_links":{"self":[{"href":"https:\/\/condomett.it\/de\/wp-json\/wp\/v2\/pages\/2985","targetHints":{"allow":["GET"]}}],"collection":[{"href":"https:\/\/condomett.it\/de\/wp-json\/wp\/v2\/pages"}],"about":[{"href":"https:\/\/condomett.it\/de\/wp-json\/wp\/v2\/types\/page"}],"author":[{"embeddable":true,"href":"https:\/\/condomett.it\/de\/wp-json\/wp\/v2\/users\/3"}],"replies":[{"embeddable":true,"href":"https:\/\/condomett.it\/de\/wp-json\/wp\/v2\/comments?post=2985"}],"version-history":[{"count":2,"href":"https:\/\/condomett.it\/de\/wp-json\/wp\/v2\/pages\/2985\/revisions"}],"predecessor-version":[{"id":2987,"href":"https:\/\/condomett.it\/de\/wp-json\/wp\/v2\/pages\/2985\/revisions\/2987"}],"wp:attachment":[{"href":"https:\/\/condomett.it\/de\/wp-json\/wp\/v2\/media?parent=2985"}],"curies":[{"name":"wp","href":"https:\/\/api.w.org\/{rel}","templated":true}]}}