{"id":2982,"date":"2017-07-04T15:08:55","date_gmt":"2017-07-04T13:08:55","guid":{"rendered":"https:\/\/condomett.it\/officina-meccanica\/"},"modified":"2026-02-27T11:39:00","modified_gmt":"2026-02-27T10:39:00","slug":"mechanikwerkstatt","status":"publish","type":"page","link":"https:\/\/condomett.it\/de\/mechanikwerkstatt\/","title":{"rendered":"Mechanikwerkstatt"},"content":{"rendered":"<div class=\"wpb-content-wrapper\"><p>[vc_row][vc_column][vc_column_text css=&#8220;&#8220;]Seit \u00fcber 40 Jahren bietet Condomett neben zerst\u00f6rungsfreien Pr\u00fcfungen und W\u00e4rmebehandlungen auch eine Mechanikwerkstatt, die haupts\u00e4chlich f\u00fcr die Industriezweige OIL &amp; GAS, Petrochemie, Chemie, Lebensmittel und Pharmazie t\u00e4tig ist.<br \/>\nDie Abteilung der Mechanikwerkstatt, die \u00fcber 2500 m\u00b2 Fl\u00e4che einnimmt, befindet sich in der Niederlassung in Fidenza (Parma) und f\u00fchrt den Zusammenbau und die Bewegung von kleinen und mittelgro\u00dfen Metallstrukturen und -konstruktionen aus.<\/p>\n<p>Durch gezielte Investitionen der letzten Jahre in hochmoderne Ausstattung und das qualifizierte, erfahrene Personal kann Condomett Bearbeitungen im Stahlbau und an Leitungen nach Kundenprojekt und -spezifikationen durchf\u00fchren.<\/p>\n<p>Au\u00dferdem bietet Condomett den Kunden einen Global Service mit erheblichen Vorteilen durch die Begrenzung der Betriebskosten und eine Erh\u00f6hung von Qualit\u00e4t und Quantit\u00e4t der Leistungen.<\/p>\n<h3>Dienstleistungen der mechanischen Werkstatt<\/h3>\n<p>[\/vc_column_text][\/vc_column][\/vc_row]<\/p>\n<\/div>","protected":false},"excerpt":{"rendered":"<p>[vc_row][vc_column][vc_column_text css=&#8220;&#8220;]Seit \u00fcber 40 Jahren bietet Condomett neben zerst\u00f6rungsfreien Pr\u00fcfungen und W\u00e4rmebehandlungen auch eine Mechanikwerkstatt, die haupts\u00e4chlich f\u00fcr die Industriezweige OIL &amp; GAS, Petrochemie, Chemie, Lebensmittel und Pharmazie t\u00e4tig ist. Die Abteilung der Mechanikwerkstatt, die \u00fcber 2500 m\u00b2 Fl\u00e4che einnimmt, befindet sich in der Niederlassung in Fidenza (Parma) und f\u00fchrt den Zusammenbau und die Bewegung&#8230; <a class=\"read-more\" href=\"https:\/\/condomett.it\/de\/mechanikwerkstatt\/\"> READ MORE<\/a><\/p>\n","protected":false},"author":3,"featured_media":0,"parent":0,"menu_order":0,"comment_status":"closed","ping_status":"closed","template":"controlli non distruttivi.php","meta":{"footnotes":""},"class_list":["post-2982","page","type-page","status-publish","hentry"],"yoast_head":"<!-- This site is optimized with the Yoast SEO plugin v27.4 - https:\/\/yoast.com\/product\/yoast-seo-wordpress\/ -->\n<title>Mechanikwerkstatt - Condomett<\/title>\n<meta name=\"robots\" content=\"index, follow, max-snippet:-1, max-image-preview:large, max-video-preview:-1\" \/>\n<link rel=\"canonical\" href=\"https:\/\/condomett.it\/officina-meccanica\/\" \/>\n<meta property=\"og:locale\" content=\"de_DE\" \/>\n<meta property=\"og:type\" content=\"article\" \/>\n<meta property=\"og:title\" content=\"Mechanikwerkstatt - Condomett\" \/>\n<meta property=\"og:description\" content=\"[vc_row][vc_column][vc_column_text css=&#8220;&#8220;]Seit \u00fcber 40 Jahren bietet Condomett neben zerst\u00f6rungsfreien Pr\u00fcfungen und W\u00e4rmebehandlungen auch eine Mechanikwerkstatt, die haupts\u00e4chlich f\u00fcr die Industriezweige OIL &amp; GAS, Petrochemie, Chemie, Lebensmittel und Pharmazie t\u00e4tig ist. Die Abteilung der Mechanikwerkstatt, die \u00fcber 2500 m\u00b2 Fl\u00e4che einnimmt, befindet sich in der Niederlassung in Fidenza (Parma) und f\u00fchrt den Zusammenbau und die Bewegung... READ MORE\" \/>\n<meta property=\"og:url\" content=\"https:\/\/condomett.it\/officina-meccanica\/\" \/>\n<meta property=\"og:site_name\" content=\"Condomett\" \/>\n<meta property=\"article:modified_time\" content=\"2026-02-27T10:39:00+00:00\" \/>\n<meta name=\"twitter:card\" content=\"summary_large_image\" \/>\n<meta name=\"twitter:label1\" content=\"Gesch\u00e4tzte Lesezeit\" \/>\n\t<meta name=\"twitter:data1\" content=\"1\u00a0Minute\" \/>\n<script type=\"application\/ld+json\" class=\"yoast-schema-graph\">{\"@context\":\"https:\\\/\\\/schema.org\",\"@graph\":[{\"@type\":\"WebPage\",\"@id\":\"https:\\\/\\\/condomett.it\\\/officina-meccanica\\\/\",\"url\":\"https:\\\/\\\/condomett.it\\\/officina-meccanica\\\/\",\"name\":\"Mechanikwerkstatt - Condomett\",\"isPartOf\":{\"@id\":\"https:\\\/\\\/condomett.it\\\/de\\\/#website\"},\"datePublished\":\"2017-07-04T13:08:55+00:00\",\"dateModified\":\"2026-02-27T10:39:00+00:00\",\"breadcrumb\":{\"@id\":\"https:\\\/\\\/condomett.it\\\/officina-meccanica\\\/#breadcrumb\"},\"inLanguage\":\"de\",\"potentialAction\":[{\"@type\":\"ReadAction\",\"target\":[\"https:\\\/\\\/condomett.it\\\/officina-meccanica\\\/\"]}]},{\"@type\":\"BreadcrumbList\",\"@id\":\"https:\\\/\\\/condomett.it\\\/officina-meccanica\\\/#breadcrumb\",\"itemListElement\":[{\"@type\":\"ListItem\",\"position\":1,\"name\":\"Home\",\"item\":\"https:\\\/\\\/condomett.it\\\/de\\\/\"},{\"@type\":\"ListItem\",\"position\":2,\"name\":\"Mechanikwerkstatt\"}]},{\"@type\":\"WebSite\",\"@id\":\"https:\\\/\\\/condomett.it\\\/de\\\/#website\",\"url\":\"https:\\\/\\\/condomett.it\\\/de\\\/\",\"name\":\"Condomett\",\"description\":\"Condomett Fidenza (dal 1953 \u2013 Parma): controlli non distruttivi, trattamenti termici, officina meccanica, verifiche periodiche ed ispezioni aeree con drone\",\"potentialAction\":[{\"@type\":\"SearchAction\",\"target\":{\"@type\":\"EntryPoint\",\"urlTemplate\":\"https:\\\/\\\/condomett.it\\\/de\\\/?s={search_term_string}\"},\"query-input\":{\"@type\":\"PropertyValueSpecification\",\"valueRequired\":true,\"valueName\":\"search_term_string\"}}],\"inLanguage\":\"de\"}]}<\/script>\n<!-- \/ Yoast SEO plugin. -->","yoast_head_json":{"title":"Mechanikwerkstatt - Condomett","robots":{"index":"index","follow":"follow","max-snippet":"max-snippet:-1","max-image-preview":"max-image-preview:large","max-video-preview":"max-video-preview:-1"},"canonical":"https:\/\/condomett.it\/officina-meccanica\/","og_locale":"de_DE","og_type":"article","og_title":"Mechanikwerkstatt - Condomett","og_description":"[vc_row][vc_column][vc_column_text css=&#8220;&#8220;]Seit \u00fcber 40 Jahren bietet Condomett neben zerst\u00f6rungsfreien Pr\u00fcfungen und W\u00e4rmebehandlungen auch eine Mechanikwerkstatt, die haupts\u00e4chlich f\u00fcr die Industriezweige OIL &amp; GAS, Petrochemie, Chemie, Lebensmittel und Pharmazie t\u00e4tig ist. Die Abteilung der Mechanikwerkstatt, die \u00fcber 2500 m\u00b2 Fl\u00e4che einnimmt, befindet sich in der Niederlassung in Fidenza (Parma) und f\u00fchrt den Zusammenbau und die Bewegung... READ MORE","og_url":"https:\/\/condomett.it\/officina-meccanica\/","og_site_name":"Condomett","article_modified_time":"2026-02-27T10:39:00+00:00","twitter_card":"summary_large_image","twitter_misc":{"Gesch\u00e4tzte Lesezeit":"1\u00a0Minute"},"schema":{"@context":"https:\/\/schema.org","@graph":[{"@type":"WebPage","@id":"https:\/\/condomett.it\/officina-meccanica\/","url":"https:\/\/condomett.it\/officina-meccanica\/","name":"Mechanikwerkstatt - Condomett","isPartOf":{"@id":"https:\/\/condomett.it\/de\/#website"},"datePublished":"2017-07-04T13:08:55+00:00","dateModified":"2026-02-27T10:39:00+00:00","breadcrumb":{"@id":"https:\/\/condomett.it\/officina-meccanica\/#breadcrumb"},"inLanguage":"de","potentialAction":[{"@type":"ReadAction","target":["https:\/\/condomett.it\/officina-meccanica\/"]}]},{"@type":"BreadcrumbList","@id":"https:\/\/condomett.it\/officina-meccanica\/#breadcrumb","itemListElement":[{"@type":"ListItem","position":1,"name":"Home","item":"https:\/\/condomett.it\/de\/"},{"@type":"ListItem","position":2,"name":"Mechanikwerkstatt"}]},{"@type":"WebSite","@id":"https:\/\/condomett.it\/de\/#website","url":"https:\/\/condomett.it\/de\/","name":"Condomett","description":"Condomett Fidenza (dal 1953 \u2013 Parma): controlli non distruttivi, trattamenti termici, officina meccanica, verifiche periodiche ed ispezioni aeree con drone","potentialAction":[{"@type":"SearchAction","target":{"@type":"EntryPoint","urlTemplate":"https:\/\/condomett.it\/de\/?s={search_term_string}"},"query-input":{"@type":"PropertyValueSpecification","valueRequired":true,"valueName":"search_term_string"}}],"inLanguage":"de"}]}},"_links":{"self":[{"href":"https:\/\/condomett.it\/de\/wp-json\/wp\/v2\/pages\/2982","targetHints":{"allow":["GET"]}}],"collection":[{"href":"https:\/\/condomett.it\/de\/wp-json\/wp\/v2\/pages"}],"about":[{"href":"https:\/\/condomett.it\/de\/wp-json\/wp\/v2\/types\/page"}],"author":[{"embeddable":true,"href":"https:\/\/condomett.it\/de\/wp-json\/wp\/v2\/users\/3"}],"replies":[{"embeddable":true,"href":"https:\/\/condomett.it\/de\/wp-json\/wp\/v2\/comments?post=2982"}],"version-history":[{"count":2,"href":"https:\/\/condomett.it\/de\/wp-json\/wp\/v2\/pages\/2982\/revisions"}],"predecessor-version":[{"id":3419,"href":"https:\/\/condomett.it\/de\/wp-json\/wp\/v2\/pages\/2982\/revisions\/3419"}],"wp:attachment":[{"href":"https:\/\/condomett.it\/de\/wp-json\/wp\/v2\/media?parent=2982"}],"curies":[{"name":"wp","href":"https:\/\/api.w.org\/{rel}","templated":true}]}}