{"id":2978,"date":"2017-07-04T15:05:00","date_gmt":"2017-07-04T13:05:00","guid":{"rendered":"https:\/\/condomett.it\/ispezioni-con-droni\/"},"modified":"2017-10-10T14:04:03","modified_gmt":"2017-10-10T12:04:03","slug":"pruefungen-mit-drohnen","status":"publish","type":"page","link":"https:\/\/condomett.it\/de\/pruefungen-mit-drohnen\/","title":{"rendered":"Pr\u00fcfungen mit drohnen"},"content":{"rendered":"<p><a href=\"https:\/\/condomett.it\/wp-content\/uploads\/2017\/07\/DRONE.jpg\"><img loading=\"lazy\" decoding=\"async\" class=\"alignnone size-full wp-image-1880\" src=\"https:\/\/condomett.it\/wp-content\/uploads\/2017\/07\/DRONE.jpg\" alt=\"\" width=\"1146\" height=\"567\" \/><\/a><\/p>\n<p>&nbsp;<\/p>\n<p>F\u00fcr Condomett steht die Kundenzufriedenheit im Mittelpunkt der  T\u00e4tigkeit. Um stets mit der technischen Entwicklung Schritt zu halten, hat das Unternehmen vor Kurzem seinen Maschinenpark erweitert und bietet nun einen effizienten Service mit visuellen Inspektionen aus der Luft mit Hilfe von unbemannten Flugger\u00e4ten.<\/p>\n<p>Condomett nutzt ausschlie\u00dflich professionelle Drohnen, die in Italien hergestellt und von der NATIONALEN BEH\u00d6RDE F\u00dcR DIE ZIVILE LUFTFAHRT (ENAC) zertifiziert sind.<br \/>\nUnsere Bediener verf\u00fcgen alle \u00fcber den vom ENAC ausgestellten Pilotenschein APR mit der Zulassung, Arbeitsg\u00e4nge in kritischer Umgebung durchzuf\u00fchren.<\/p>\n<p>Wir bieten unseren Kunden folgende Dienstleistungen:<\/p>\n<ul>\n<li>Sichtpr\u00fcfungen aus der Luft (Schornsteine, Schlote, Tankd\u00e4cher, Pipings usw.)<\/li>\n<li>Inspektionen kritischer Infrastrukturen (Br\u00fccken, Erd\u00f6lleitungen, \u00dcberf\u00fchrungen, Staud\u00e4mme usw.)<\/li>\n<li>Inspektionen von Windkraft- und Fotovoltaikanlagen<\/li>\n<li>Luftphotogrammetrie und Erstellung von extrem komplexen 3D-Modellen<\/li>\n<li>thermographische Messungen<\/li>\n<\/ul>\n<p>Flexibilit\u00e4t, schnelle Intervention, Beseitigung von Gefahrensituationen, komplette Ergebnisse und nicht zuletzt die Wirtschaftlichkeit der Leistung sind die Vorteile, durch die eine Inspektion oder eine Messung aus der Luft mit Hilfe von Drohnen deutlich n\u00fctzlicher, innovativer und g\u00fcnstiger ist als eine \u00e4quivalente Ma\u00dfnahme, die am Boden durch Fachpersonal ausgef\u00fchrt wird.<\/p>\n","protected":false},"excerpt":{"rendered":"<p>&nbsp; F\u00fcr Condomett steht die Kundenzufriedenheit im Mittelpunkt der T\u00e4tigkeit. Um stets mit der technischen Entwicklung Schritt zu halten, hat das Unternehmen vor Kurzem seinen Maschinenpark erweitert und bietet nun einen effizienten Service mit visuellen Inspektionen aus der Luft mit Hilfe von unbemannten Flugger\u00e4ten. Condomett nutzt ausschlie\u00dflich professionelle Drohnen, die in Italien hergestellt und von&#8230; <a class=\"read-more\" href=\"https:\/\/condomett.it\/de\/pruefungen-mit-drohnen\/\"> READ MORE<\/a><\/p>\n","protected":false},"author":3,"featured_media":0,"parent":0,"menu_order":0,"comment_status":"closed","ping_status":"closed","template":"","meta":{"footnotes":""},"class_list":["post-2978","page","type-page","status-publish","hentry"],"yoast_head":"<!-- This site is optimized with the Yoast SEO plugin v27.4 - https:\/\/yoast.com\/product\/yoast-seo-wordpress\/ -->\n<title>Pr\u00fcfungen mit drohnen - Condomett<\/title>\n<meta name=\"robots\" content=\"index, follow, max-snippet:-1, max-image-preview:large, max-video-preview:-1\" \/>\n<link rel=\"canonical\" href=\"https:\/\/condomett.it\/ispezioni-con-droni\/\" \/>\n<meta property=\"og:locale\" content=\"de_DE\" \/>\n<meta property=\"og:type\" content=\"article\" \/>\n<meta property=\"og:title\" content=\"Pr\u00fcfungen mit drohnen - Condomett\" \/>\n<meta property=\"og:description\" content=\"&nbsp; F\u00fcr Condomett steht die Kundenzufriedenheit im Mittelpunkt der T\u00e4tigkeit. Um stets mit der technischen Entwicklung Schritt zu halten, hat das Unternehmen vor Kurzem seinen Maschinenpark erweitert und bietet nun einen effizienten Service mit visuellen Inspektionen aus der Luft mit Hilfe von unbemannten Flugger\u00e4ten. Condomett nutzt ausschlie\u00dflich professionelle Drohnen, die in Italien hergestellt und von... READ MORE\" \/>\n<meta property=\"og:url\" content=\"https:\/\/condomett.it\/ispezioni-con-droni\/\" \/>\n<meta property=\"og:site_name\" content=\"Condomett\" \/>\n<meta property=\"article:modified_time\" content=\"2017-10-10T12:04:03+00:00\" \/>\n<meta property=\"og:image\" content=\"https:\/\/condomett.it\/wp-content\/uploads\/2017\/07\/DRONE-e1505220216133.jpg\" \/>\n\t<meta property=\"og:image:width\" content=\"1146\" \/>\n\t<meta property=\"og:image:height\" content=\"567\" \/>\n\t<meta property=\"og:image:type\" content=\"image\/jpeg\" \/>\n<meta name=\"twitter:card\" content=\"summary_large_image\" \/>\n<meta name=\"twitter:label1\" content=\"Gesch\u00e4tzte Lesezeit\" \/>\n\t<meta name=\"twitter:data1\" content=\"1\u00a0Minute\" \/>\n<script type=\"application\/ld+json\" class=\"yoast-schema-graph\">{\"@context\":\"https:\\\/\\\/schema.org\",\"@graph\":[{\"@type\":\"WebPage\",\"@id\":\"https:\\\/\\\/condomett.it\\\/ispezioni-con-droni\\\/\",\"url\":\"https:\\\/\\\/condomett.it\\\/ispezioni-con-droni\\\/\",\"name\":\"Pr\u00fcfungen mit drohnen - Condomett\",\"isPartOf\":{\"@id\":\"https:\\\/\\\/condomett.it\\\/de\\\/#website\"},\"primaryImageOfPage\":{\"@id\":\"https:\\\/\\\/condomett.it\\\/ispezioni-con-droni\\\/#primaryimage\"},\"image\":{\"@id\":\"https:\\\/\\\/condomett.it\\\/ispezioni-con-droni\\\/#primaryimage\"},\"thumbnailUrl\":\"https:\\\/\\\/condomett.it\\\/wp-content\\\/uploads\\\/2017\\\/07\\\/DRONE.jpg\",\"datePublished\":\"2017-07-04T13:05:00+00:00\",\"dateModified\":\"2017-10-10T12:04:03+00:00\",\"breadcrumb\":{\"@id\":\"https:\\\/\\\/condomett.it\\\/ispezioni-con-droni\\\/#breadcrumb\"},\"inLanguage\":\"de\",\"potentialAction\":[{\"@type\":\"ReadAction\",\"target\":[\"https:\\\/\\\/condomett.it\\\/ispezioni-con-droni\\\/\"]}]},{\"@type\":\"ImageObject\",\"inLanguage\":\"de\",\"@id\":\"https:\\\/\\\/condomett.it\\\/ispezioni-con-droni\\\/#primaryimage\",\"url\":\"https:\\\/\\\/condomett.it\\\/wp-content\\\/uploads\\\/2017\\\/07\\\/DRONE.jpg\",\"contentUrl\":\"https:\\\/\\\/condomett.it\\\/wp-content\\\/uploads\\\/2017\\\/07\\\/DRONE.jpg\"},{\"@type\":\"BreadcrumbList\",\"@id\":\"https:\\\/\\\/condomett.it\\\/ispezioni-con-droni\\\/#breadcrumb\",\"itemListElement\":[{\"@type\":\"ListItem\",\"position\":1,\"name\":\"Home\",\"item\":\"https:\\\/\\\/condomett.it\\\/de\\\/\"},{\"@type\":\"ListItem\",\"position\":2,\"name\":\"Pr\u00fcfungen mit drohnen\"}]},{\"@type\":\"WebSite\",\"@id\":\"https:\\\/\\\/condomett.it\\\/de\\\/#website\",\"url\":\"https:\\\/\\\/condomett.it\\\/de\\\/\",\"name\":\"Condomett\",\"description\":\"Condomett Fidenza (dal 1953 \u2013 Parma): controlli non distruttivi, trattamenti termici, officina meccanica, verifiche periodiche ed ispezioni aeree con drone\",\"potentialAction\":[{\"@type\":\"SearchAction\",\"target\":{\"@type\":\"EntryPoint\",\"urlTemplate\":\"https:\\\/\\\/condomett.it\\\/de\\\/?s={search_term_string}\"},\"query-input\":{\"@type\":\"PropertyValueSpecification\",\"valueRequired\":true,\"valueName\":\"search_term_string\"}}],\"inLanguage\":\"de\"}]}<\/script>\n<!-- \/ Yoast SEO plugin. -->","yoast_head_json":{"title":"Pr\u00fcfungen mit drohnen - Condomett","robots":{"index":"index","follow":"follow","max-snippet":"max-snippet:-1","max-image-preview":"max-image-preview:large","max-video-preview":"max-video-preview:-1"},"canonical":"https:\/\/condomett.it\/ispezioni-con-droni\/","og_locale":"de_DE","og_type":"article","og_title":"Pr\u00fcfungen mit drohnen - Condomett","og_description":"&nbsp; F\u00fcr Condomett steht die Kundenzufriedenheit im Mittelpunkt der T\u00e4tigkeit. Um stets mit der technischen Entwicklung Schritt zu halten, hat das Unternehmen vor Kurzem seinen Maschinenpark erweitert und bietet nun einen effizienten Service mit visuellen Inspektionen aus der Luft mit Hilfe von unbemannten Flugger\u00e4ten. Condomett nutzt ausschlie\u00dflich professionelle Drohnen, die in Italien hergestellt und von... READ MORE","og_url":"https:\/\/condomett.it\/ispezioni-con-droni\/","og_site_name":"Condomett","article_modified_time":"2017-10-10T12:04:03+00:00","og_image":[{"width":1146,"height":567,"url":"https:\/\/condomett.it\/wp-content\/uploads\/2017\/07\/DRONE-e1505220216133.jpg","type":"image\/jpeg"}],"twitter_card":"summary_large_image","twitter_misc":{"Gesch\u00e4tzte Lesezeit":"1\u00a0Minute"},"schema":{"@context":"https:\/\/schema.org","@graph":[{"@type":"WebPage","@id":"https:\/\/condomett.it\/ispezioni-con-droni\/","url":"https:\/\/condomett.it\/ispezioni-con-droni\/","name":"Pr\u00fcfungen mit drohnen - Condomett","isPartOf":{"@id":"https:\/\/condomett.it\/de\/#website"},"primaryImageOfPage":{"@id":"https:\/\/condomett.it\/ispezioni-con-droni\/#primaryimage"},"image":{"@id":"https:\/\/condomett.it\/ispezioni-con-droni\/#primaryimage"},"thumbnailUrl":"https:\/\/condomett.it\/wp-content\/uploads\/2017\/07\/DRONE.jpg","datePublished":"2017-07-04T13:05:00+00:00","dateModified":"2017-10-10T12:04:03+00:00","breadcrumb":{"@id":"https:\/\/condomett.it\/ispezioni-con-droni\/#breadcrumb"},"inLanguage":"de","potentialAction":[{"@type":"ReadAction","target":["https:\/\/condomett.it\/ispezioni-con-droni\/"]}]},{"@type":"ImageObject","inLanguage":"de","@id":"https:\/\/condomett.it\/ispezioni-con-droni\/#primaryimage","url":"https:\/\/condomett.it\/wp-content\/uploads\/2017\/07\/DRONE.jpg","contentUrl":"https:\/\/condomett.it\/wp-content\/uploads\/2017\/07\/DRONE.jpg"},{"@type":"BreadcrumbList","@id":"https:\/\/condomett.it\/ispezioni-con-droni\/#breadcrumb","itemListElement":[{"@type":"ListItem","position":1,"name":"Home","item":"https:\/\/condomett.it\/de\/"},{"@type":"ListItem","position":2,"name":"Pr\u00fcfungen mit drohnen"}]},{"@type":"WebSite","@id":"https:\/\/condomett.it\/de\/#website","url":"https:\/\/condomett.it\/de\/","name":"Condomett","description":"Condomett Fidenza (dal 1953 \u2013 Parma): controlli non distruttivi, trattamenti termici, officina meccanica, verifiche periodiche ed ispezioni aeree con drone","potentialAction":[{"@type":"SearchAction","target":{"@type":"EntryPoint","urlTemplate":"https:\/\/condomett.it\/de\/?s={search_term_string}"},"query-input":{"@type":"PropertyValueSpecification","valueRequired":true,"valueName":"search_term_string"}}],"inLanguage":"de"}]}},"_links":{"self":[{"href":"https:\/\/condomett.it\/de\/wp-json\/wp\/v2\/pages\/2978","targetHints":{"allow":["GET"]}}],"collection":[{"href":"https:\/\/condomett.it\/de\/wp-json\/wp\/v2\/pages"}],"about":[{"href":"https:\/\/condomett.it\/de\/wp-json\/wp\/v2\/types\/page"}],"author":[{"embeddable":true,"href":"https:\/\/condomett.it\/de\/wp-json\/wp\/v2\/users\/3"}],"replies":[{"embeddable":true,"href":"https:\/\/condomett.it\/de\/wp-json\/wp\/v2\/comments?post=2978"}],"version-history":[{"count":2,"href":"https:\/\/condomett.it\/de\/wp-json\/wp\/v2\/pages\/2978\/revisions"}],"predecessor-version":[{"id":2981,"href":"https:\/\/condomett.it\/de\/wp-json\/wp\/v2\/pages\/2978\/revisions\/2981"}],"wp:attachment":[{"href":"https:\/\/condomett.it\/de\/wp-json\/wp\/v2\/media?parent=2978"}],"curies":[{"name":"wp","href":"https:\/\/api.w.org\/{rel}","templated":true}]}}