{"id":2969,"date":"2017-07-04T14:28:46","date_gmt":"2017-07-04T12:28:46","guid":{"rendered":"https:\/\/condomett.it\/zerstoerungsfreie-pruefungen\/prove-durezze-ht\/"},"modified":"2017-10-10T12:43:51","modified_gmt":"2017-10-10T10:43:51","slug":"haertepruefungen","status":"publish","type":"page","link":"https:\/\/condomett.it\/de\/zerstoerungsfreie-pruefungen\/haertepruefungen\/","title":{"rendered":"H\u00e4rtepr\u00fcfungen (HT)"},"content":{"rendered":"<style type=\"text\/css\">.easingslider-2311 { width: 100%; }.easingslider-2311 .easingslider-image { max-height: 400px; max-width: 640px; }.easingslider-2311 .easingslider-fade-in, .easingslider-fade-out { -webkit-animation-duration: 400ms; -moz-animation-duration: 400ms; animation-duration: 400ms; }<\/style><script type=\"text\/javascript\">window.EasingSlider2311 = {\"width\":640,\"height\":400,\"singleItem\":true,\"items\":1,\"itemsDesktop\":false,\"itemsDesktopSmall\":false,\"itemsTablet\":false,\"itemsTabletSmall\":false,\"itemsMobile\":false,\"responsive\":true,\"lazyLoad\":true,\"autoPlay\":4000,\"slideSpeed\":400,\"navigation\":true,\"navigationText\":[\"\",\"\"],\"pagination\":false,\"autoHeight\":false,\"mouseDrag\":false,\"touchDrag\":false,\"addClassActive\":true,\"transitionStyle\":\"fade\"};<\/script><div data-id=\"2311\" class=\"easingslider easingslider-2311 easingslider-container easingslider-full-width easingslider-resizing-enabled easingslider-aspect-ratio easingslider-arrows-inside\"><div class=\"easingslider-slide\"><a href=\"https:\/\/condomett.it\/wp-content\/uploads\/2017\/09\/IMG-20170918-WA0001-640x400.jpg\"><img decoding=\"async\" src=\"https:\/\/condomett.it\/wp-content\/plugins\/easing-slider\/assets\/images\/placeholder-pixel.png\" data-src=\"https:\/\/condomett.it\/wp-content\/uploads\/2017\/09\/IMG-20170918-WA0001-640x400.jpg\" alt=\"\" title=\"\" class=\"easingslider-image easingslider-lazy\" \/><\/a><\/div><div class=\"easingslider-slide\"><a href=\"https:\/\/condomett.it\/wp-content\/uploads\/2017\/09\/IMG-20170918-WA0002-640x400.jpg\"><img decoding=\"async\" src=\"https:\/\/condomett.it\/wp-content\/plugins\/easing-slider\/assets\/images\/placeholder-pixel.png\" data-src=\"https:\/\/condomett.it\/wp-content\/uploads\/2017\/09\/IMG-20170918-WA0002-640x400.jpg\" alt=\"\" title=\"\" class=\"easingslider-image easingslider-lazy\" \/><\/a><\/div><div class=\"easingslider-slide\"><a href=\"https:\/\/condomett.it\/wp-content\/uploads\/2017\/09\/IMG-20170918-WA0003-e1507013185236-640x400.jpg\"><img decoding=\"async\" src=\"https:\/\/condomett.it\/wp-content\/plugins\/easing-slider\/assets\/images\/placeholder-pixel.png\" data-src=\"https:\/\/condomett.it\/wp-content\/uploads\/2017\/09\/IMG-20170918-WA0003-e1507013185236-640x400.jpg\" alt=\"\" title=\"\" class=\"easingslider-image easingslider-lazy\" \/><\/a><\/div><div class=\"easingslider-slide\"><a href=\"https:\/\/condomett.it\/wp-content\/uploads\/2017\/09\/IMG-20170918-WA0004-640x400.jpg\"><img decoding=\"async\" src=\"https:\/\/condomett.it\/wp-content\/plugins\/easing-slider\/assets\/images\/placeholder-pixel.png\" data-src=\"https:\/\/condomett.it\/wp-content\/uploads\/2017\/09\/IMG-20170918-WA0004-640x400.jpg\" alt=\"\" title=\"\" class=\"easingslider-image easingslider-lazy\" \/><\/a><\/div><div class=\"easingslider-slide\"><a href=\"https:\/\/condomett.it\/wp-content\/uploads\/2017\/10\/IMG_1366-640x400.jpg\"><img decoding=\"async\" src=\"https:\/\/condomett.it\/wp-content\/plugins\/easing-slider\/assets\/images\/placeholder-pixel.png\" data-src=\"https:\/\/condomett.it\/wp-content\/uploads\/2017\/10\/IMG_1366-640x400.jpg\" alt=\"\" title=\"\" class=\"easingslider-image easingslider-lazy\" \/><\/a><\/div><div class=\"easingslider-slide\"><a href=\"https:\/\/condomett.it\/wp-content\/uploads\/2017\/10\/IMG_1368-640x400.jpg\"><img decoding=\"async\" src=\"https:\/\/condomett.it\/wp-content\/plugins\/easing-slider\/assets\/images\/placeholder-pixel.png\" data-src=\"https:\/\/condomett.it\/wp-content\/uploads\/2017\/10\/IMG_1368-640x400.jpg\" alt=\"\" title=\"\" class=\"easingslider-image easingslider-lazy\" \/><\/a><\/div><\/div>\n<hr \/>\n<p>H\u00e4rtepr\u00fcfungen bestimmen den Widerstand eines Materials gegen das Eindringen eines anderen (Eindringk\u00f6rper). Es gibt verschiedene Skalen, um die H\u00e4rte von Materialien zu testen. Am h\u00e4ufigsten verwendet werden: HR, HV, HB, HL, N\/mm\u00b2.<\/p>\n<p>Condomett kann diese Messungen mit tragbaren Durometern beim Kunden ausf\u00fchren.<\/p>\n","protected":false},"excerpt":{"rendered":"<p>H\u00e4rtepr\u00fcfungen bestimmen den Widerstand eines Materials gegen das Eindringen eines anderen (Eindringk\u00f6rper). Es gibt verschiedene Skalen, um die H\u00e4rte von Materialien zu testen. Am h\u00e4ufigsten verwendet werden: HR, HV, HB, HL, N\/mm\u00b2. Condomett kann diese Messungen mit tragbaren Durometern beim Kunden ausf\u00fchren.<\/p>\n","protected":false},"author":3,"featured_media":2971,"parent":2914,"menu_order":8,"comment_status":"closed","ping_status":"closed","template":"","meta":{"footnotes":""},"class_list":["post-2969","page","type-page","status-publish","has-post-thumbnail","hentry"],"yoast_head":"<!-- This site is optimized with the Yoast SEO plugin v27.4 - https:\/\/yoast.com\/product\/yoast-seo-wordpress\/ -->\n<title>H\u00e4rtepr\u00fcfungen (HT) - Condomett<\/title>\n<meta name=\"robots\" content=\"index, follow, max-snippet:-1, max-image-preview:large, max-video-preview:-1\" \/>\n<link rel=\"canonical\" href=\"https:\/\/condomett.it\/controlli-non-distruttivi\/prove-durezze-ht\/\" \/>\n<meta property=\"og:locale\" content=\"de_DE\" \/>\n<meta property=\"og:type\" content=\"article\" \/>\n<meta property=\"og:title\" content=\"H\u00e4rtepr\u00fcfungen (HT) - Condomett\" \/>\n<meta property=\"og:description\" content=\"H\u00e4rtepr\u00fcfungen bestimmen den Widerstand eines Materials gegen das Eindringen eines anderen (Eindringk\u00f6rper). Es gibt verschiedene Skalen, um die H\u00e4rte von Materialien zu testen. Am h\u00e4ufigsten verwendet werden: HR, HV, HB, HL, N\/mm\u00b2. Condomett kann diese Messungen mit tragbaren Durometern beim Kunden ausf\u00fchren.\" \/>\n<meta property=\"og:url\" content=\"https:\/\/condomett.it\/controlli-non-distruttivi\/prove-durezze-ht\/\" \/>\n<meta property=\"og:site_name\" content=\"Condomett\" \/>\n<meta property=\"article:modified_time\" content=\"2017-10-10T10:43:51+00:00\" \/>\n<meta property=\"og:image\" content=\"https:\/\/condomett.it\/wp-content\/uploads\/2017\/10\/IMG_1366-1024x683.jpg\" \/>\n\t<meta property=\"og:image:width\" content=\"1024\" \/>\n\t<meta property=\"og:image:height\" content=\"683\" \/>\n\t<meta property=\"og:image:type\" content=\"image\/jpeg\" \/>\n<meta name=\"twitter:card\" content=\"summary_large_image\" \/>\n<script type=\"application\/ld+json\" class=\"yoast-schema-graph\">{\"@context\":\"https:\\\/\\\/schema.org\",\"@graph\":[{\"@type\":\"WebPage\",\"@id\":\"https:\\\/\\\/condomett.it\\\/controlli-non-distruttivi\\\/prove-durezze-ht\\\/\",\"url\":\"https:\\\/\\\/condomett.it\\\/controlli-non-distruttivi\\\/prove-durezze-ht\\\/\",\"name\":\"H\u00e4rtepr\u00fcfungen (HT) - Condomett\",\"isPartOf\":{\"@id\":\"https:\\\/\\\/condomett.it\\\/de\\\/#website\"},\"primaryImageOfPage\":{\"@id\":\"https:\\\/\\\/condomett.it\\\/controlli-non-distruttivi\\\/prove-durezze-ht\\\/#primaryimage\"},\"image\":{\"@id\":\"https:\\\/\\\/condomett.it\\\/controlli-non-distruttivi\\\/prove-durezze-ht\\\/#primaryimage\"},\"thumbnailUrl\":\"https:\\\/\\\/condomett.it\\\/wp-content\\\/uploads\\\/2017\\\/10\\\/IMG_1366.jpg\",\"datePublished\":\"2017-07-04T12:28:46+00:00\",\"dateModified\":\"2017-10-10T10:43:51+00:00\",\"breadcrumb\":{\"@id\":\"https:\\\/\\\/condomett.it\\\/controlli-non-distruttivi\\\/prove-durezze-ht\\\/#breadcrumb\"},\"inLanguage\":\"de\",\"potentialAction\":[{\"@type\":\"ReadAction\",\"target\":[\"https:\\\/\\\/condomett.it\\\/controlli-non-distruttivi\\\/prove-durezze-ht\\\/\"]}]},{\"@type\":\"ImageObject\",\"inLanguage\":\"de\",\"@id\":\"https:\\\/\\\/condomett.it\\\/controlli-non-distruttivi\\\/prove-durezze-ht\\\/#primaryimage\",\"url\":\"https:\\\/\\\/condomett.it\\\/wp-content\\\/uploads\\\/2017\\\/10\\\/IMG_1366.jpg\",\"contentUrl\":\"https:\\\/\\\/condomett.it\\\/wp-content\\\/uploads\\\/2017\\\/10\\\/IMG_1366.jpg\",\"width\":6000,\"height\":4000},{\"@type\":\"BreadcrumbList\",\"@id\":\"https:\\\/\\\/condomett.it\\\/controlli-non-distruttivi\\\/prove-durezze-ht\\\/#breadcrumb\",\"itemListElement\":[{\"@type\":\"ListItem\",\"position\":1,\"name\":\"Home\",\"item\":\"https:\\\/\\\/condomett.it\\\/de\\\/\"},{\"@type\":\"ListItem\",\"position\":2,\"name\":\"Zerst\u00f6rungsfreie pr\u00fcfungen\",\"item\":\"https:\\\/\\\/condomett.it\\\/controlli-non-distruttivi\\\/\"},{\"@type\":\"ListItem\",\"position\":3,\"name\":\"H\u00e4rtepr\u00fcfungen (HT)\"}]},{\"@type\":\"WebSite\",\"@id\":\"https:\\\/\\\/condomett.it\\\/de\\\/#website\",\"url\":\"https:\\\/\\\/condomett.it\\\/de\\\/\",\"name\":\"Condomett\",\"description\":\"Condomett Fidenza (dal 1953 \u2013 Parma): controlli non distruttivi, trattamenti termici, officina meccanica, verifiche periodiche ed ispezioni aeree con drone\",\"potentialAction\":[{\"@type\":\"SearchAction\",\"target\":{\"@type\":\"EntryPoint\",\"urlTemplate\":\"https:\\\/\\\/condomett.it\\\/de\\\/?s={search_term_string}\"},\"query-input\":{\"@type\":\"PropertyValueSpecification\",\"valueRequired\":true,\"valueName\":\"search_term_string\"}}],\"inLanguage\":\"de\"}]}<\/script>\n<!-- \/ Yoast SEO plugin. -->","yoast_head_json":{"title":"H\u00e4rtepr\u00fcfungen (HT) - Condomett","robots":{"index":"index","follow":"follow","max-snippet":"max-snippet:-1","max-image-preview":"max-image-preview:large","max-video-preview":"max-video-preview:-1"},"canonical":"https:\/\/condomett.it\/controlli-non-distruttivi\/prove-durezze-ht\/","og_locale":"de_DE","og_type":"article","og_title":"H\u00e4rtepr\u00fcfungen (HT) - Condomett","og_description":"H\u00e4rtepr\u00fcfungen bestimmen den Widerstand eines Materials gegen das Eindringen eines anderen (Eindringk\u00f6rper). Es gibt verschiedene Skalen, um die H\u00e4rte von Materialien zu testen. Am h\u00e4ufigsten verwendet werden: HR, HV, HB, HL, N\/mm\u00b2. Condomett kann diese Messungen mit tragbaren Durometern beim Kunden ausf\u00fchren.","og_url":"https:\/\/condomett.it\/controlli-non-distruttivi\/prove-durezze-ht\/","og_site_name":"Condomett","article_modified_time":"2017-10-10T10:43:51+00:00","og_image":[{"width":1024,"height":683,"url":"https:\/\/condomett.it\/wp-content\/uploads\/2017\/10\/IMG_1366-1024x683.jpg","type":"image\/jpeg"}],"twitter_card":"summary_large_image","schema":{"@context":"https:\/\/schema.org","@graph":[{"@type":"WebPage","@id":"https:\/\/condomett.it\/controlli-non-distruttivi\/prove-durezze-ht\/","url":"https:\/\/condomett.it\/controlli-non-distruttivi\/prove-durezze-ht\/","name":"H\u00e4rtepr\u00fcfungen (HT) - Condomett","isPartOf":{"@id":"https:\/\/condomett.it\/de\/#website"},"primaryImageOfPage":{"@id":"https:\/\/condomett.it\/controlli-non-distruttivi\/prove-durezze-ht\/#primaryimage"},"image":{"@id":"https:\/\/condomett.it\/controlli-non-distruttivi\/prove-durezze-ht\/#primaryimage"},"thumbnailUrl":"https:\/\/condomett.it\/wp-content\/uploads\/2017\/10\/IMG_1366.jpg","datePublished":"2017-07-04T12:28:46+00:00","dateModified":"2017-10-10T10:43:51+00:00","breadcrumb":{"@id":"https:\/\/condomett.it\/controlli-non-distruttivi\/prove-durezze-ht\/#breadcrumb"},"inLanguage":"de","potentialAction":[{"@type":"ReadAction","target":["https:\/\/condomett.it\/controlli-non-distruttivi\/prove-durezze-ht\/"]}]},{"@type":"ImageObject","inLanguage":"de","@id":"https:\/\/condomett.it\/controlli-non-distruttivi\/prove-durezze-ht\/#primaryimage","url":"https:\/\/condomett.it\/wp-content\/uploads\/2017\/10\/IMG_1366.jpg","contentUrl":"https:\/\/condomett.it\/wp-content\/uploads\/2017\/10\/IMG_1366.jpg","width":6000,"height":4000},{"@type":"BreadcrumbList","@id":"https:\/\/condomett.it\/controlli-non-distruttivi\/prove-durezze-ht\/#breadcrumb","itemListElement":[{"@type":"ListItem","position":1,"name":"Home","item":"https:\/\/condomett.it\/de\/"},{"@type":"ListItem","position":2,"name":"Zerst\u00f6rungsfreie pr\u00fcfungen","item":"https:\/\/condomett.it\/controlli-non-distruttivi\/"},{"@type":"ListItem","position":3,"name":"H\u00e4rtepr\u00fcfungen (HT)"}]},{"@type":"WebSite","@id":"https:\/\/condomett.it\/de\/#website","url":"https:\/\/condomett.it\/de\/","name":"Condomett","description":"Condomett Fidenza (dal 1953 \u2013 Parma): controlli non distruttivi, trattamenti termici, officina meccanica, verifiche periodiche ed ispezioni aeree con drone","potentialAction":[{"@type":"SearchAction","target":{"@type":"EntryPoint","urlTemplate":"https:\/\/condomett.it\/de\/?s={search_term_string}"},"query-input":{"@type":"PropertyValueSpecification","valueRequired":true,"valueName":"search_term_string"}}],"inLanguage":"de"}]}},"_links":{"self":[{"href":"https:\/\/condomett.it\/de\/wp-json\/wp\/v2\/pages\/2969","targetHints":{"allow":["GET"]}}],"collection":[{"href":"https:\/\/condomett.it\/de\/wp-json\/wp\/v2\/pages"}],"about":[{"href":"https:\/\/condomett.it\/de\/wp-json\/wp\/v2\/types\/page"}],"author":[{"embeddable":true,"href":"https:\/\/condomett.it\/de\/wp-json\/wp\/v2\/users\/3"}],"replies":[{"embeddable":true,"href":"https:\/\/condomett.it\/de\/wp-json\/wp\/v2\/comments?post=2969"}],"version-history":[{"count":1,"href":"https:\/\/condomett.it\/de\/wp-json\/wp\/v2\/pages\/2969\/revisions"}],"predecessor-version":[{"id":2972,"href":"https:\/\/condomett.it\/de\/wp-json\/wp\/v2\/pages\/2969\/revisions\/2972"}],"up":[{"embeddable":true,"href":"https:\/\/condomett.it\/de\/wp-json\/wp\/v2\/pages\/2914"}],"wp:featuredmedia":[{"embeddable":true,"href":"https:\/\/condomett.it\/de\/wp-json\/wp\/v2\/media\/2971"}],"wp:attachment":[{"href":"https:\/\/condomett.it\/de\/wp-json\/wp\/v2\/media?parent=2969"}],"curies":[{"name":"wp","href":"https:\/\/api.w.org\/{rel}","templated":true}]}}