{"id":2965,"date":"2017-07-04T11:32:03","date_gmt":"2017-07-04T09:32:03","guid":{"rendered":"https:\/\/condomett.it\/zerstoerungsfreie-pruefungen\/esame-visivo\/"},"modified":"2017-10-11T10:09:43","modified_gmt":"2017-10-11T08:09:43","slug":"visuelle-inspektion","status":"publish","type":"page","link":"https:\/\/condomett.it\/de\/zerstoerungsfreie-pruefungen\/visuelle-inspektion\/","title":{"rendered":"Visuelle inspektion (VT)"},"content":{"rendered":"<style type=\"text\/css\">.easingslider-2260 { width: 100%; }.easingslider-2260 .easingslider-image { max-height: 400px; max-width: 640px; }.easingslider-2260 .easingslider-fade-in, .easingslider-fade-out { -webkit-animation-duration: 1000ms; -moz-animation-duration: 1000ms; animation-duration: 1000ms; }<\/style><script type=\"text\/javascript\">window.EasingSlider2260 = {\"width\":640,\"height\":400,\"singleItem\":true,\"items\":1,\"itemsDesktop\":false,\"itemsDesktopSmall\":false,\"itemsTablet\":false,\"itemsTabletSmall\":false,\"itemsMobile\":false,\"responsive\":true,\"lazyLoad\":true,\"autoPlay\":4000,\"slideSpeed\":1000,\"navigation\":true,\"navigationText\":[\"\",\"\"],\"pagination\":false,\"autoHeight\":false,\"mouseDrag\":false,\"touchDrag\":false,\"addClassActive\":true,\"transitionStyle\":\"fade\"};<\/script><div data-id=\"2260\" class=\"easingslider easingslider-2260 easingslider-container easingslider-full-width easingslider-resizing-enabled easingslider-aspect-ratio easingslider-arrows-inside\"><div class=\"easingslider-slide\"><a href=\"https:\/\/condomett.it\/wp-content\/uploads\/2017\/09\/Ispezioni-visive-con-Tablet-640x400.jpg\"><img decoding=\"async\" src=\"https:\/\/condomett.it\/wp-content\/plugins\/easing-slider\/assets\/images\/placeholder-pixel.png\" data-src=\"https:\/\/condomett.it\/wp-content\/uploads\/2017\/09\/Ispezioni-visive-con-Tablet-640x400.jpg\" alt=\"\" title=\"\" class=\"easingslider-image easingslider-lazy\" \/><\/a><\/div><div class=\"easingslider-slide\"><a href=\"https:\/\/condomett.it\/wp-content\/uploads\/2017\/09\/1708220009-640x400.jpg\"><img decoding=\"async\" src=\"https:\/\/condomett.it\/wp-content\/plugins\/easing-slider\/assets\/images\/placeholder-pixel.png\" data-src=\"https:\/\/condomett.it\/wp-content\/uploads\/2017\/09\/1708220009-640x400.jpg\" alt=\"\" title=\"\" class=\"easingslider-image easingslider-lazy\" \/><\/a><\/div><div class=\"easingslider-slide\"><a href=\"https:\/\/condomett.it\/wp-content\/uploads\/2017\/09\/VT2-1-640x400.jpg\"><img decoding=\"async\" src=\"https:\/\/condomett.it\/wp-content\/plugins\/easing-slider\/assets\/images\/placeholder-pixel.png\" data-src=\"https:\/\/condomett.it\/wp-content\/uploads\/2017\/09\/VT2-1-640x400.jpg\" alt=\"\" title=\"\" class=\"easingslider-image easingslider-lazy\" \/><\/a><\/div><div class=\"easingslider-slide\"><a href=\"https:\/\/condomett.it\/wp-content\/uploads\/2017\/09\/VT2-2-640x400.jpg\"><img decoding=\"async\" src=\"https:\/\/condomett.it\/wp-content\/plugins\/easing-slider\/assets\/images\/placeholder-pixel.png\" data-src=\"https:\/\/condomett.it\/wp-content\/uploads\/2017\/09\/VT2-2-640x400.jpg\" alt=\"\" title=\"\" class=\"easingslider-image easingslider-lazy\" \/><\/a><\/div><\/div>\n<hr \/>\n<p>Bei der zerst\u00f6rungsfreien Pr\u00fcfung mit visueller Inspektion (VT) erfolgt die Interpretation und Auswertung der Ergebnisse durch den Bediener auf der Basis spezifischer Parameter f\u00fcr die Annehmbarkeit des gepr\u00fcften Teils.<\/p>\n<p>Nat\u00fcrlich sind die technische Kompetenz und gro\u00dfe Erfahrung des Pr\u00fcfungspersonals wesentlich, um die Sensitivit\u00e4t und Zuverl\u00e4ssigkeit des Ergebnisses zu gew\u00e4hrleisten.<\/p>\n<p>Visuelle Inspektionen werden in der Regel verwendet, um spezifische Oberfl\u00e4chen- bzw. Ma\u00dfeigenschaften festzustellen wie: Ausrichtung, Form und Gr\u00f6\u00dfe von Maschinen- Anlagenteilen oder Fabrikaten, Oberfl\u00e4chenzustand usw.<\/p>\n<p>Sie werden generell aufgeteilt ist:<\/p>\n<ul>\n<li>DIREKTE SICHTPR\u00dcFUNGEN: Sie k\u00f6nnen verwendet werden, wenn man den Pr\u00fcfling mit den Augen \u2013 auch mit Hilfe von Lupen, Spiegeln, Messlehren \u2013 erreicht.<\/li>\n<li>INDIREKTE SICHTPR\u00dcFUNGEN: Sie werden verwendet, wenn man keinen direkten Zugang zu dem zu pr\u00fcfenden Objekt oder der Oberfl\u00e4che hat. F\u00fcr diesen Zweck werden Ger\u00e4te wie Endoskope oder Kameras eingesetzt. Dabei muss die Aufl\u00f6sung der Ger\u00e4te in jedem Fall, unabh\u00e4ngig von ihrer Art, mindestens der des menschlichen Auges entsprechen.<\/li>\n<\/ul>\n<p>Condomett nutzt f\u00fcr visuelle Inspektionen auch eine professionelle Drohne mit Piloten, die von der italienischen Flugbeh\u00f6rde ENAC zugelassen sind. Der Vorteil ist, dass man Bereiche inspizieren kann, die f\u00fcr den Bediener schwer zug\u00e4nglich sind.<\/p>\n<p>Das gesamte Personal, das f\u00fcr die zerst\u00f6rungsfreien Pr\u00fcfungen mit VT-Methode eingesetzt wird, wird regelm\u00e4\u00dfig einem sorgf\u00e4ltigen Sehtest unterzogen, in dem sowohl die Sehkraft (direkt oder mit Brille) als auch die F\u00e4higkeit zur Farbunterscheidung \u00fcberpr\u00fcft wird.<\/p>\n<p>&nbsp;<\/p>\n","protected":false},"excerpt":{"rendered":"<p>Bei der zerst\u00f6rungsfreien Pr\u00fcfung mit visueller Inspektion (VT) erfolgt die Interpretation und Auswertung der Ergebnisse durch den Bediener auf der Basis spezifischer Parameter f\u00fcr die Annehmbarkeit des gepr\u00fcften Teils. Nat\u00fcrlich sind die technische Kompetenz und gro\u00dfe Erfahrung des Pr\u00fcfungspersonals wesentlich, um die Sensitivit\u00e4t und Zuverl\u00e4ssigkeit des Ergebnisses zu gew\u00e4hrleisten. Visuelle Inspektionen werden in der Regel&#8230; <a class=\"read-more\" href=\"https:\/\/condomett.it\/de\/zerstoerungsfreie-pruefungen\/visuelle-inspektion\/\"> READ MORE<\/a><\/p>\n","protected":false},"author":3,"featured_media":2966,"parent":2914,"menu_order":1,"comment_status":"closed","ping_status":"closed","template":"","meta":{"footnotes":""},"class_list":["post-2965","page","type-page","status-publish","has-post-thumbnail","hentry"],"yoast_head":"<!-- This site is optimized with the Yoast SEO plugin v27.4 - https:\/\/yoast.com\/product\/yoast-seo-wordpress\/ -->\n<title>Visuelle inspektion (VT) - Condomett<\/title>\n<meta name=\"robots\" content=\"index, follow, max-snippet:-1, max-image-preview:large, max-video-preview:-1\" \/>\n<link rel=\"canonical\" href=\"https:\/\/condomett.it\/controlli-non-distruttivi\/esame-visivo\/\" \/>\n<meta property=\"og:locale\" content=\"de_DE\" \/>\n<meta property=\"og:type\" content=\"article\" \/>\n<meta property=\"og:title\" content=\"Visuelle inspektion (VT) - Condomett\" \/>\n<meta property=\"og:description\" content=\"Bei der zerst\u00f6rungsfreien Pr\u00fcfung mit visueller Inspektion (VT) erfolgt die Interpretation und Auswertung der Ergebnisse durch den Bediener auf der Basis spezifischer Parameter f\u00fcr die Annehmbarkeit des gepr\u00fcften Teils. Nat\u00fcrlich sind die technische Kompetenz und gro\u00dfe Erfahrung des Pr\u00fcfungspersonals wesentlich, um die Sensitivit\u00e4t und Zuverl\u00e4ssigkeit des Ergebnisses zu gew\u00e4hrleisten. Visuelle Inspektionen werden in der Regel... READ MORE\" \/>\n<meta property=\"og:url\" content=\"https:\/\/condomett.it\/controlli-non-distruttivi\/esame-visivo\/\" \/>\n<meta property=\"og:site_name\" content=\"Condomett\" \/>\n<meta property=\"article:modified_time\" content=\"2017-10-11T08:09:43+00:00\" \/>\n<meta property=\"og:image\" content=\"https:\/\/condomett.it\/wp-content\/uploads\/2017\/07\/Ispezioni-visive-con-Tablet.jpg\" \/>\n\t<meta property=\"og:image:width\" content=\"1150\" \/>\n\t<meta property=\"og:image:height\" content=\"600\" \/>\n\t<meta property=\"og:image:type\" content=\"image\/jpeg\" \/>\n<meta name=\"twitter:card\" content=\"summary_large_image\" \/>\n<meta name=\"twitter:label1\" content=\"Gesch\u00e4tzte Lesezeit\" \/>\n\t<meta name=\"twitter:data1\" content=\"1\u00a0Minute\" \/>\n<script type=\"application\/ld+json\" class=\"yoast-schema-graph\">{\"@context\":\"https:\\\/\\\/schema.org\",\"@graph\":[{\"@type\":\"WebPage\",\"@id\":\"https:\\\/\\\/condomett.it\\\/controlli-non-distruttivi\\\/esame-visivo\\\/\",\"url\":\"https:\\\/\\\/condomett.it\\\/controlli-non-distruttivi\\\/esame-visivo\\\/\",\"name\":\"Visuelle inspektion (VT) - Condomett\",\"isPartOf\":{\"@id\":\"https:\\\/\\\/condomett.it\\\/de\\\/#website\"},\"primaryImageOfPage\":{\"@id\":\"https:\\\/\\\/condomett.it\\\/controlli-non-distruttivi\\\/esame-visivo\\\/#primaryimage\"},\"image\":{\"@id\":\"https:\\\/\\\/condomett.it\\\/controlli-non-distruttivi\\\/esame-visivo\\\/#primaryimage\"},\"thumbnailUrl\":\"https:\\\/\\\/condomett.it\\\/wp-content\\\/uploads\\\/2017\\\/07\\\/Ispezioni-visive-con-Tablet.jpg\",\"datePublished\":\"2017-07-04T09:32:03+00:00\",\"dateModified\":\"2017-10-11T08:09:43+00:00\",\"breadcrumb\":{\"@id\":\"https:\\\/\\\/condomett.it\\\/controlli-non-distruttivi\\\/esame-visivo\\\/#breadcrumb\"},\"inLanguage\":\"de\",\"potentialAction\":[{\"@type\":\"ReadAction\",\"target\":[\"https:\\\/\\\/condomett.it\\\/controlli-non-distruttivi\\\/esame-visivo\\\/\"]}]},{\"@type\":\"ImageObject\",\"inLanguage\":\"de\",\"@id\":\"https:\\\/\\\/condomett.it\\\/controlli-non-distruttivi\\\/esame-visivo\\\/#primaryimage\",\"url\":\"https:\\\/\\\/condomett.it\\\/wp-content\\\/uploads\\\/2017\\\/07\\\/Ispezioni-visive-con-Tablet.jpg\",\"contentUrl\":\"https:\\\/\\\/condomett.it\\\/wp-content\\\/uploads\\\/2017\\\/07\\\/Ispezioni-visive-con-Tablet.jpg\",\"width\":1150,\"height\":600},{\"@type\":\"BreadcrumbList\",\"@id\":\"https:\\\/\\\/condomett.it\\\/controlli-non-distruttivi\\\/esame-visivo\\\/#breadcrumb\",\"itemListElement\":[{\"@type\":\"ListItem\",\"position\":1,\"name\":\"Home\",\"item\":\"https:\\\/\\\/condomett.it\\\/de\\\/\"},{\"@type\":\"ListItem\",\"position\":2,\"name\":\"Zerst\u00f6rungsfreie pr\u00fcfungen\",\"item\":\"https:\\\/\\\/condomett.it\\\/controlli-non-distruttivi\\\/\"},{\"@type\":\"ListItem\",\"position\":3,\"name\":\"Visuelle inspektion (VT)\"}]},{\"@type\":\"WebSite\",\"@id\":\"https:\\\/\\\/condomett.it\\\/de\\\/#website\",\"url\":\"https:\\\/\\\/condomett.it\\\/de\\\/\",\"name\":\"Condomett\",\"description\":\"Condomett Fidenza (dal 1953 \u2013 Parma): controlli non distruttivi, trattamenti termici, officina meccanica, verifiche periodiche ed ispezioni aeree con drone\",\"potentialAction\":[{\"@type\":\"SearchAction\",\"target\":{\"@type\":\"EntryPoint\",\"urlTemplate\":\"https:\\\/\\\/condomett.it\\\/de\\\/?s={search_term_string}\"},\"query-input\":{\"@type\":\"PropertyValueSpecification\",\"valueRequired\":true,\"valueName\":\"search_term_string\"}}],\"inLanguage\":\"de\"}]}<\/script>\n<!-- \/ Yoast SEO plugin. -->","yoast_head_json":{"title":"Visuelle inspektion (VT) - Condomett","robots":{"index":"index","follow":"follow","max-snippet":"max-snippet:-1","max-image-preview":"max-image-preview:large","max-video-preview":"max-video-preview:-1"},"canonical":"https:\/\/condomett.it\/controlli-non-distruttivi\/esame-visivo\/","og_locale":"de_DE","og_type":"article","og_title":"Visuelle inspektion (VT) - Condomett","og_description":"Bei der zerst\u00f6rungsfreien Pr\u00fcfung mit visueller Inspektion (VT) erfolgt die Interpretation und Auswertung der Ergebnisse durch den Bediener auf der Basis spezifischer Parameter f\u00fcr die Annehmbarkeit des gepr\u00fcften Teils. Nat\u00fcrlich sind die technische Kompetenz und gro\u00dfe Erfahrung des Pr\u00fcfungspersonals wesentlich, um die Sensitivit\u00e4t und Zuverl\u00e4ssigkeit des Ergebnisses zu gew\u00e4hrleisten. Visuelle Inspektionen werden in der Regel... READ MORE","og_url":"https:\/\/condomett.it\/controlli-non-distruttivi\/esame-visivo\/","og_site_name":"Condomett","article_modified_time":"2017-10-11T08:09:43+00:00","og_image":[{"width":1150,"height":600,"url":"https:\/\/condomett.it\/wp-content\/uploads\/2017\/07\/Ispezioni-visive-con-Tablet.jpg","type":"image\/jpeg"}],"twitter_card":"summary_large_image","twitter_misc":{"Gesch\u00e4tzte Lesezeit":"1\u00a0Minute"},"schema":{"@context":"https:\/\/schema.org","@graph":[{"@type":"WebPage","@id":"https:\/\/condomett.it\/controlli-non-distruttivi\/esame-visivo\/","url":"https:\/\/condomett.it\/controlli-non-distruttivi\/esame-visivo\/","name":"Visuelle inspektion (VT) - Condomett","isPartOf":{"@id":"https:\/\/condomett.it\/de\/#website"},"primaryImageOfPage":{"@id":"https:\/\/condomett.it\/controlli-non-distruttivi\/esame-visivo\/#primaryimage"},"image":{"@id":"https:\/\/condomett.it\/controlli-non-distruttivi\/esame-visivo\/#primaryimage"},"thumbnailUrl":"https:\/\/condomett.it\/wp-content\/uploads\/2017\/07\/Ispezioni-visive-con-Tablet.jpg","datePublished":"2017-07-04T09:32:03+00:00","dateModified":"2017-10-11T08:09:43+00:00","breadcrumb":{"@id":"https:\/\/condomett.it\/controlli-non-distruttivi\/esame-visivo\/#breadcrumb"},"inLanguage":"de","potentialAction":[{"@type":"ReadAction","target":["https:\/\/condomett.it\/controlli-non-distruttivi\/esame-visivo\/"]}]},{"@type":"ImageObject","inLanguage":"de","@id":"https:\/\/condomett.it\/controlli-non-distruttivi\/esame-visivo\/#primaryimage","url":"https:\/\/condomett.it\/wp-content\/uploads\/2017\/07\/Ispezioni-visive-con-Tablet.jpg","contentUrl":"https:\/\/condomett.it\/wp-content\/uploads\/2017\/07\/Ispezioni-visive-con-Tablet.jpg","width":1150,"height":600},{"@type":"BreadcrumbList","@id":"https:\/\/condomett.it\/controlli-non-distruttivi\/esame-visivo\/#breadcrumb","itemListElement":[{"@type":"ListItem","position":1,"name":"Home","item":"https:\/\/condomett.it\/de\/"},{"@type":"ListItem","position":2,"name":"Zerst\u00f6rungsfreie pr\u00fcfungen","item":"https:\/\/condomett.it\/controlli-non-distruttivi\/"},{"@type":"ListItem","position":3,"name":"Visuelle inspektion (VT)"}]},{"@type":"WebSite","@id":"https:\/\/condomett.it\/de\/#website","url":"https:\/\/condomett.it\/de\/","name":"Condomett","description":"Condomett Fidenza (dal 1953 \u2013 Parma): controlli non distruttivi, trattamenti termici, officina meccanica, verifiche periodiche ed ispezioni aeree con drone","potentialAction":[{"@type":"SearchAction","target":{"@type":"EntryPoint","urlTemplate":"https:\/\/condomett.it\/de\/?s={search_term_string}"},"query-input":{"@type":"PropertyValueSpecification","valueRequired":true,"valueName":"search_term_string"}}],"inLanguage":"de"}]}},"_links":{"self":[{"href":"https:\/\/condomett.it\/de\/wp-json\/wp\/v2\/pages\/2965","targetHints":{"allow":["GET"]}}],"collection":[{"href":"https:\/\/condomett.it\/de\/wp-json\/wp\/v2\/pages"}],"about":[{"href":"https:\/\/condomett.it\/de\/wp-json\/wp\/v2\/types\/page"}],"author":[{"embeddable":true,"href":"https:\/\/condomett.it\/de\/wp-json\/wp\/v2\/users\/3"}],"replies":[{"embeddable":true,"href":"https:\/\/condomett.it\/de\/wp-json\/wp\/v2\/comments?post=2965"}],"version-history":[{"count":2,"href":"https:\/\/condomett.it\/de\/wp-json\/wp\/v2\/pages\/2965\/revisions"}],"predecessor-version":[{"id":2968,"href":"https:\/\/condomett.it\/de\/wp-json\/wp\/v2\/pages\/2965\/revisions\/2968"}],"up":[{"embeddable":true,"href":"https:\/\/condomett.it\/de\/wp-json\/wp\/v2\/pages\/2914"}],"wp:featuredmedia":[{"embeddable":true,"href":"https:\/\/condomett.it\/de\/wp-json\/wp\/v2\/media\/2966"}],"wp:attachment":[{"href":"https:\/\/condomett.it\/de\/wp-json\/wp\/v2\/media?parent=2965"}],"curies":[{"name":"wp","href":"https:\/\/api.w.org\/{rel}","templated":true}]}}