{"id":2954,"date":"2017-07-04T11:42:28","date_gmt":"2017-07-04T09:42:28","guid":{"rendered":"https:\/\/condomett.it\/zerstoerungsfreie-pruefungen\/radiografie\/"},"modified":"2017-10-10T16:23:55","modified_gmt":"2017-10-10T14:23:55","slug":"durchstrahlungspruefungen","status":"publish","type":"page","link":"https:\/\/condomett.it\/de\/zerstoerungsfreie-pruefungen\/durchstrahlungspruefungen\/","title":{"rendered":"Durchstrahlungspr\u00fcfungen (RT)"},"content":{"rendered":"<style type=\"text\/css\">.easingslider-2258 { width: 100%; }.easingslider-2258 .easingslider-image { max-height: 400px; max-width: 640px; }.easingslider-2258 .easingslider-fade-in, .easingslider-fade-out { -webkit-animation-duration: 400ms; -moz-animation-duration: 400ms; animation-duration: 400ms; }<\/style><script type=\"text\/javascript\">window.EasingSlider2258 = {\"width\":640,\"height\":400,\"singleItem\":true,\"items\":1,\"itemsDesktop\":false,\"itemsDesktopSmall\":false,\"itemsTablet\":false,\"itemsTabletSmall\":false,\"itemsMobile\":false,\"responsive\":true,\"lazyLoad\":true,\"autoPlay\":4000,\"slideSpeed\":400,\"navigation\":true,\"navigationText\":[\"\",\"\"],\"pagination\":false,\"autoHeight\":false,\"mouseDrag\":false,\"touchDrag\":false,\"addClassActive\":true,\"transitionStyle\":\"fade\"};<\/script><div data-id=\"2258\" class=\"easingslider easingslider-2258 easingslider-container easingslider-full-width easingslider-resizing-enabled easingslider-aspect-ratio easingslider-arrows-inside\"><div class=\"easingslider-slide\"><a href=\"https:\/\/condomett.it\/wp-content\/uploads\/2017\/09\/IMG_1100-640x400.jpg\"><img decoding=\"async\" src=\"https:\/\/condomett.it\/wp-content\/plugins\/easing-slider\/assets\/images\/placeholder-pixel.png\" data-src=\"https:\/\/condomett.it\/wp-content\/uploads\/2017\/09\/IMG_1100-640x400.jpg\" alt=\"\" title=\"\" class=\"easingslider-image easingslider-lazy\" \/><\/a><\/div><div class=\"easingslider-slide\"><a href=\"https:\/\/condomett.it\/wp-content\/uploads\/2017\/09\/IMG_1111-640x400.jpg\"><img decoding=\"async\" src=\"https:\/\/condomett.it\/wp-content\/plugins\/easing-slider\/assets\/images\/placeholder-pixel.png\" data-src=\"https:\/\/condomett.it\/wp-content\/uploads\/2017\/09\/IMG_1111-640x400.jpg\" alt=\"\" title=\"\" class=\"easingslider-image easingslider-lazy\" \/><\/a><\/div><div class=\"easingslider-slide\"><a href=\"https:\/\/condomett.it\/wp-content\/uploads\/2017\/09\/radio-1-640x400.jpg\"><img decoding=\"async\" src=\"https:\/\/condomett.it\/wp-content\/plugins\/easing-slider\/assets\/images\/placeholder-pixel.png\" data-src=\"https:\/\/condomett.it\/wp-content\/uploads\/2017\/09\/radio-1-640x400.jpg\" alt=\"\" title=\"\" class=\"easingslider-image easingslider-lazy\" \/><\/a><\/div><div class=\"easingslider-slide\"><a href=\"https:\/\/condomett.it\/wp-content\/uploads\/2017\/09\/radio-2-640x400.jpg\"><img decoding=\"async\" src=\"https:\/\/condomett.it\/wp-content\/plugins\/easing-slider\/assets\/images\/placeholder-pixel.png\" data-src=\"https:\/\/condomett.it\/wp-content\/uploads\/2017\/09\/radio-2-640x400.jpg\" alt=\"\" title=\"\" class=\"easingslider-image easingslider-lazy\" \/><\/a><\/div><div class=\"easingslider-slide\"><a href=\"https:\/\/condomett.it\/wp-content\/uploads\/2017\/09\/radio-3-640x400.jpg\"><img decoding=\"async\" src=\"https:\/\/condomett.it\/wp-content\/plugins\/easing-slider\/assets\/images\/placeholder-pixel.png\" data-src=\"https:\/\/condomett.it\/wp-content\/uploads\/2017\/09\/radio-3-640x400.jpg\" alt=\"\" title=\"\" class=\"easingslider-image easingslider-lazy\" \/><\/a><\/div><div class=\"easingslider-slide\"><a href=\"https:\/\/condomett.it\/wp-content\/uploads\/2017\/09\/radio-4-640x400.jpg\"><img decoding=\"async\" src=\"https:\/\/condomett.it\/wp-content\/plugins\/easing-slider\/assets\/images\/placeholder-pixel.png\" data-src=\"https:\/\/condomett.it\/wp-content\/uploads\/2017\/09\/radio-4-640x400.jpg\" alt=\"\" title=\"\" class=\"easingslider-image easingslider-lazy\" \/><\/a><\/div><div class=\"easingslider-slide\"><a href=\"https:\/\/condomett.it\/wp-content\/uploads\/2017\/09\/Radiografia-digitale-640x400.jpg\"><img decoding=\"async\" src=\"https:\/\/condomett.it\/wp-content\/plugins\/easing-slider\/assets\/images\/placeholder-pixel.png\" data-src=\"https:\/\/condomett.it\/wp-content\/uploads\/2017\/09\/Radiografia-digitale-640x400.jpg\" alt=\"\" title=\"\" class=\"easingslider-image easingslider-lazy\" \/><\/a><\/div><div class=\"easingslider-slide\"><a href=\"https:\/\/condomett.it\/wp-content\/uploads\/2017\/10\/IMG_1363-640x400.jpg\"><img decoding=\"async\" src=\"https:\/\/condomett.it\/wp-content\/plugins\/easing-slider\/assets\/images\/placeholder-pixel.png\" data-src=\"https:\/\/condomett.it\/wp-content\/uploads\/2017\/10\/IMG_1363-640x400.jpg\" alt=\"\" title=\"\" class=\"easingslider-image easingslider-lazy\" \/><\/a><\/div><\/div>\n<hr \/>\n<h3>Standard Durchstrahlungspr\u00fcfungen <\/h3>\n<p>Mit Strahlentechniken (R\u00f6ntgen- und Gammastrahlen) kann man eine gro\u00dfe Zahl an Materialtrennungen in industriellen Fabrikaten, G\u00fcssen oder Schwei\u00dfungen feststellen, z.B. Poren, Einschl\u00fcsse, Lunker, Risse, Holzw\u00fcrmer, Schlackeneinschl\u00fcsse, fehlende Durchdringung.<\/p>\n<p>Das Funktionsprinzip dieser Techniken basiert auf den Ver\u00e4nderungen, die elektromagnetische Strahlen erfahren, wenn sie auf ihrem Weg durch den Werkstoff auf eine Fehlstelle treffen. Die durchdringenden R\u00f6ntgen- oder Gammastrahlen projizieren das Bild auf eine Fotoplatte, die sich hinter dem Pr\u00fcfobjekt befindet.<\/p>\n<p>Bei der Entwicklung erzeugt der Film ein zweidimensionales Bild des aufgenommenen Objekts. In diesem Bild erscheinen Ver\u00e4nderungen der Dicke, der Dichte, der Zusammensetzung des Objekts als Variationen in der Bilddichte (praktisch als Variationen einer Grauskala). F\u00fcr die Auswertung wird die radiografische Dichte verglichen mit den bekannten Eigenschaften des Objekts oder mit Standardaufnahmen, die dasselbe Objekt in annehmbarer Qualit\u00e4t erzeugt hat. Die Durchstrahlungspr\u00fcfung umfasst also drei wesentliche Elemente: die Strahlenquelle, das Pr\u00fcfobjekt und die R\u00f6ntgenplatte.<\/p>\n<p>Condomett verf\u00fcgt \u00fcber verschiedene radioaktive Strahlenquellen, die auch sehr starke Dicke durchdringen k\u00f6nnen.<\/p>\n<ul>\n<li>N\u00b0 2 radioaktive Kobalt-60-Quellen<\/li>\n<li>N\u00b0 9 radioaktive Iridium-192-Quellen<\/li>\n<li>N\u00b0 3 radioaktive Selen-75-Quellen<\/li>\n<li>N\u00b0 4 R\u00f6ntgenger\u00e4te<\/li>\n<\/ul>\n<p>In den 2 Niederlassungen befinden sich folgende Ausstattungen:<\/p>\n<ul>\n<li>N\u00b0 3 R\u00f6ntgenbunker;<\/li>\n<li>N\u00b0 2 mobile Einheiten, die Filme direkt am Arbeitsplatz entwickeln k\u00f6nnen, um die Zeiten zu optimieren.<\/li>\n<\/ul>\n<h3>Digitale Durchstrahlungspr\u00fcfungen<\/h3>\n<p>Die digitale Durchstrahlungspr\u00fcfung entstand mit dem Zweck, die Archivierung der R\u00f6ntgenfilme und die Bildbearbeitung nach der Aufnahme zu erleichtern. Im Unterschied zur Standard-Durchstrahlungspr\u00fcfung k\u00f6nnen die Filme mit dieser Technik mehrfach verwendet werden; man braucht einen Laser-Scanner, der das Bild an einen Monitor sendet.<\/p>\n","protected":false},"excerpt":{"rendered":"<p>Standard Durchstrahlungspr\u00fcfungen Mit Strahlentechniken (R\u00f6ntgen- und Gammastrahlen) kann man eine gro\u00dfe Zahl an Materialtrennungen in industriellen Fabrikaten, G\u00fcssen oder Schwei\u00dfungen feststellen, z.B. Poren, Einschl\u00fcsse, Lunker, Risse, Holzw\u00fcrmer, Schlackeneinschl\u00fcsse, fehlende Durchdringung. Das Funktionsprinzip dieser Techniken basiert auf den Ver\u00e4nderungen, die elektromagnetische Strahlen erfahren, wenn sie auf ihrem Weg durch den Werkstoff auf eine Fehlstelle treffen. Die&#8230; <a class=\"read-more\" href=\"https:\/\/condomett.it\/de\/zerstoerungsfreie-pruefungen\/durchstrahlungspruefungen\/\"> READ MORE<\/a><\/p>\n","protected":false},"author":3,"featured_media":2955,"parent":2914,"menu_order":4,"comment_status":"closed","ping_status":"closed","template":"","meta":{"footnotes":""},"class_list":["post-2954","page","type-page","status-publish","has-post-thumbnail","hentry"],"yoast_head":"<!-- This site is optimized with the Yoast SEO plugin v27.4 - https:\/\/yoast.com\/product\/yoast-seo-wordpress\/ -->\n<title>Durchstrahlungspr\u00fcfungen (RT) - Condomett<\/title>\n<meta name=\"robots\" content=\"index, follow, max-snippet:-1, max-image-preview:large, max-video-preview:-1\" \/>\n<link rel=\"canonical\" href=\"https:\/\/condomett.it\/controlli-non-distruttivi\/radiografie\/\" \/>\n<meta property=\"og:locale\" content=\"de_DE\" \/>\n<meta property=\"og:type\" content=\"article\" \/>\n<meta property=\"og:title\" content=\"Durchstrahlungspr\u00fcfungen (RT) - Condomett\" \/>\n<meta property=\"og:description\" content=\"Standard Durchstrahlungspr\u00fcfungen Mit Strahlentechniken (R\u00f6ntgen- und Gammastrahlen) kann man eine gro\u00dfe Zahl an Materialtrennungen in industriellen Fabrikaten, G\u00fcssen oder Schwei\u00dfungen feststellen, z.B. Poren, Einschl\u00fcsse, Lunker, Risse, Holzw\u00fcrmer, Schlackeneinschl\u00fcsse, fehlende Durchdringung. Das Funktionsprinzip dieser Techniken basiert auf den Ver\u00e4nderungen, die elektromagnetische Strahlen erfahren, wenn sie auf ihrem Weg durch den Werkstoff auf eine Fehlstelle treffen. Die... READ MORE\" \/>\n<meta property=\"og:url\" content=\"https:\/\/condomett.it\/controlli-non-distruttivi\/radiografie\/\" \/>\n<meta property=\"og:site_name\" content=\"Condomett\" \/>\n<meta property=\"article:modified_time\" content=\"2017-10-10T14:23:55+00:00\" \/>\n<meta property=\"og:image\" content=\"https:\/\/condomett.it\/wp-content\/uploads\/2017\/07\/Radiografia-digitale.jpg\" \/>\n\t<meta property=\"og:image:width\" content=\"1459\" \/>\n\t<meta property=\"og:image:height\" content=\"600\" \/>\n\t<meta property=\"og:image:type\" content=\"image\/jpeg\" \/>\n<meta name=\"twitter:card\" content=\"summary_large_image\" \/>\n<meta name=\"twitter:label1\" content=\"Gesch\u00e4tzte Lesezeit\" \/>\n\t<meta name=\"twitter:data1\" content=\"1\u00a0Minute\" \/>\n<script type=\"application\/ld+json\" class=\"yoast-schema-graph\">{\"@context\":\"https:\\\/\\\/schema.org\",\"@graph\":[{\"@type\":\"WebPage\",\"@id\":\"https:\\\/\\\/condomett.it\\\/controlli-non-distruttivi\\\/radiografie\\\/\",\"url\":\"https:\\\/\\\/condomett.it\\\/controlli-non-distruttivi\\\/radiografie\\\/\",\"name\":\"Durchstrahlungspr\u00fcfungen (RT) - Condomett\",\"isPartOf\":{\"@id\":\"https:\\\/\\\/condomett.it\\\/de\\\/#website\"},\"primaryImageOfPage\":{\"@id\":\"https:\\\/\\\/condomett.it\\\/controlli-non-distruttivi\\\/radiografie\\\/#primaryimage\"},\"image\":{\"@id\":\"https:\\\/\\\/condomett.it\\\/controlli-non-distruttivi\\\/radiografie\\\/#primaryimage\"},\"thumbnailUrl\":\"https:\\\/\\\/condomett.it\\\/wp-content\\\/uploads\\\/2017\\\/07\\\/Radiografia-digitale.jpg\",\"datePublished\":\"2017-07-04T09:42:28+00:00\",\"dateModified\":\"2017-10-10T14:23:55+00:00\",\"breadcrumb\":{\"@id\":\"https:\\\/\\\/condomett.it\\\/controlli-non-distruttivi\\\/radiografie\\\/#breadcrumb\"},\"inLanguage\":\"de\",\"potentialAction\":[{\"@type\":\"ReadAction\",\"target\":[\"https:\\\/\\\/condomett.it\\\/controlli-non-distruttivi\\\/radiografie\\\/\"]}]},{\"@type\":\"ImageObject\",\"inLanguage\":\"de\",\"@id\":\"https:\\\/\\\/condomett.it\\\/controlli-non-distruttivi\\\/radiografie\\\/#primaryimage\",\"url\":\"https:\\\/\\\/condomett.it\\\/wp-content\\\/uploads\\\/2017\\\/07\\\/Radiografia-digitale.jpg\",\"contentUrl\":\"https:\\\/\\\/condomett.it\\\/wp-content\\\/uploads\\\/2017\\\/07\\\/Radiografia-digitale.jpg\",\"width\":1459,\"height\":600},{\"@type\":\"BreadcrumbList\",\"@id\":\"https:\\\/\\\/condomett.it\\\/controlli-non-distruttivi\\\/radiografie\\\/#breadcrumb\",\"itemListElement\":[{\"@type\":\"ListItem\",\"position\":1,\"name\":\"Home\",\"item\":\"https:\\\/\\\/condomett.it\\\/de\\\/\"},{\"@type\":\"ListItem\",\"position\":2,\"name\":\"Zerst\u00f6rungsfreie pr\u00fcfungen\",\"item\":\"https:\\\/\\\/condomett.it\\\/controlli-non-distruttivi\\\/\"},{\"@type\":\"ListItem\",\"position\":3,\"name\":\"Durchstrahlungspr\u00fcfungen (RT)\"}]},{\"@type\":\"WebSite\",\"@id\":\"https:\\\/\\\/condomett.it\\\/de\\\/#website\",\"url\":\"https:\\\/\\\/condomett.it\\\/de\\\/\",\"name\":\"Condomett\",\"description\":\"Condomett Fidenza (dal 1953 \u2013 Parma): controlli non distruttivi, trattamenti termici, officina meccanica, verifiche periodiche ed ispezioni aeree con drone\",\"potentialAction\":[{\"@type\":\"SearchAction\",\"target\":{\"@type\":\"EntryPoint\",\"urlTemplate\":\"https:\\\/\\\/condomett.it\\\/de\\\/?s={search_term_string}\"},\"query-input\":{\"@type\":\"PropertyValueSpecification\",\"valueRequired\":true,\"valueName\":\"search_term_string\"}}],\"inLanguage\":\"de\"}]}<\/script>\n<!-- \/ Yoast SEO plugin. -->","yoast_head_json":{"title":"Durchstrahlungspr\u00fcfungen (RT) - Condomett","robots":{"index":"index","follow":"follow","max-snippet":"max-snippet:-1","max-image-preview":"max-image-preview:large","max-video-preview":"max-video-preview:-1"},"canonical":"https:\/\/condomett.it\/controlli-non-distruttivi\/radiografie\/","og_locale":"de_DE","og_type":"article","og_title":"Durchstrahlungspr\u00fcfungen (RT) - Condomett","og_description":"Standard Durchstrahlungspr\u00fcfungen Mit Strahlentechniken (R\u00f6ntgen- und Gammastrahlen) kann man eine gro\u00dfe Zahl an Materialtrennungen in industriellen Fabrikaten, G\u00fcssen oder Schwei\u00dfungen feststellen, z.B. Poren, Einschl\u00fcsse, Lunker, Risse, Holzw\u00fcrmer, Schlackeneinschl\u00fcsse, fehlende Durchdringung. Das Funktionsprinzip dieser Techniken basiert auf den Ver\u00e4nderungen, die elektromagnetische Strahlen erfahren, wenn sie auf ihrem Weg durch den Werkstoff auf eine Fehlstelle treffen. Die... READ MORE","og_url":"https:\/\/condomett.it\/controlli-non-distruttivi\/radiografie\/","og_site_name":"Condomett","article_modified_time":"2017-10-10T14:23:55+00:00","og_image":[{"width":1459,"height":600,"url":"https:\/\/condomett.it\/wp-content\/uploads\/2017\/07\/Radiografia-digitale.jpg","type":"image\/jpeg"}],"twitter_card":"summary_large_image","twitter_misc":{"Gesch\u00e4tzte Lesezeit":"1\u00a0Minute"},"schema":{"@context":"https:\/\/schema.org","@graph":[{"@type":"WebPage","@id":"https:\/\/condomett.it\/controlli-non-distruttivi\/radiografie\/","url":"https:\/\/condomett.it\/controlli-non-distruttivi\/radiografie\/","name":"Durchstrahlungspr\u00fcfungen (RT) - Condomett","isPartOf":{"@id":"https:\/\/condomett.it\/de\/#website"},"primaryImageOfPage":{"@id":"https:\/\/condomett.it\/controlli-non-distruttivi\/radiografie\/#primaryimage"},"image":{"@id":"https:\/\/condomett.it\/controlli-non-distruttivi\/radiografie\/#primaryimage"},"thumbnailUrl":"https:\/\/condomett.it\/wp-content\/uploads\/2017\/07\/Radiografia-digitale.jpg","datePublished":"2017-07-04T09:42:28+00:00","dateModified":"2017-10-10T14:23:55+00:00","breadcrumb":{"@id":"https:\/\/condomett.it\/controlli-non-distruttivi\/radiografie\/#breadcrumb"},"inLanguage":"de","potentialAction":[{"@type":"ReadAction","target":["https:\/\/condomett.it\/controlli-non-distruttivi\/radiografie\/"]}]},{"@type":"ImageObject","inLanguage":"de","@id":"https:\/\/condomett.it\/controlli-non-distruttivi\/radiografie\/#primaryimage","url":"https:\/\/condomett.it\/wp-content\/uploads\/2017\/07\/Radiografia-digitale.jpg","contentUrl":"https:\/\/condomett.it\/wp-content\/uploads\/2017\/07\/Radiografia-digitale.jpg","width":1459,"height":600},{"@type":"BreadcrumbList","@id":"https:\/\/condomett.it\/controlli-non-distruttivi\/radiografie\/#breadcrumb","itemListElement":[{"@type":"ListItem","position":1,"name":"Home","item":"https:\/\/condomett.it\/de\/"},{"@type":"ListItem","position":2,"name":"Zerst\u00f6rungsfreie pr\u00fcfungen","item":"https:\/\/condomett.it\/controlli-non-distruttivi\/"},{"@type":"ListItem","position":3,"name":"Durchstrahlungspr\u00fcfungen (RT)"}]},{"@type":"WebSite","@id":"https:\/\/condomett.it\/de\/#website","url":"https:\/\/condomett.it\/de\/","name":"Condomett","description":"Condomett Fidenza (dal 1953 \u2013 Parma): controlli non distruttivi, trattamenti termici, officina meccanica, verifiche periodiche ed ispezioni aeree con drone","potentialAction":[{"@type":"SearchAction","target":{"@type":"EntryPoint","urlTemplate":"https:\/\/condomett.it\/de\/?s={search_term_string}"},"query-input":{"@type":"PropertyValueSpecification","valueRequired":true,"valueName":"search_term_string"}}],"inLanguage":"de"}]}},"_links":{"self":[{"href":"https:\/\/condomett.it\/de\/wp-json\/wp\/v2\/pages\/2954","targetHints":{"allow":["GET"]}}],"collection":[{"href":"https:\/\/condomett.it\/de\/wp-json\/wp\/v2\/pages"}],"about":[{"href":"https:\/\/condomett.it\/de\/wp-json\/wp\/v2\/types\/page"}],"author":[{"embeddable":true,"href":"https:\/\/condomett.it\/de\/wp-json\/wp\/v2\/users\/3"}],"replies":[{"embeddable":true,"href":"https:\/\/condomett.it\/de\/wp-json\/wp\/v2\/comments?post=2954"}],"version-history":[{"count":2,"href":"https:\/\/condomett.it\/de\/wp-json\/wp\/v2\/pages\/2954\/revisions"}],"predecessor-version":[{"id":2957,"href":"https:\/\/condomett.it\/de\/wp-json\/wp\/v2\/pages\/2954\/revisions\/2957"}],"up":[{"embeddable":true,"href":"https:\/\/condomett.it\/de\/wp-json\/wp\/v2\/pages\/2914"}],"wp:featuredmedia":[{"embeddable":true,"href":"https:\/\/condomett.it\/de\/wp-json\/wp\/v2\/media\/2955"}],"wp:attachment":[{"href":"https:\/\/condomett.it\/de\/wp-json\/wp\/v2\/media?parent=2954"}],"curies":[{"name":"wp","href":"https:\/\/api.w.org\/{rel}","templated":true}]}}