{"id":2950,"date":"2017-07-04T11:51:49","date_gmt":"2017-07-04T09:51:49","guid":{"rendered":"https:\/\/condomett.it\/zerstoerungsfreie-pruefungen\/ultrasuoni\/"},"modified":"2017-10-10T15:45:20","modified_gmt":"2017-10-10T13:45:20","slug":"ultraschallpruefung","status":"publish","type":"page","link":"https:\/\/condomett.it\/de\/zerstoerungsfreie-pruefungen\/ultraschallpruefung\/","title":{"rendered":"Ultraschallpr\u00fcfung (UT)"},"content":{"rendered":"<style type=\"text\/css\">.easingslider-2293 { width: 100%; }.easingslider-2293 .easingslider-image { max-height: 400px; max-width: 640px; }.easingslider-2293 .easingslider-fade-in, .easingslider-fade-out { -webkit-animation-duration: 400ms; -moz-animation-duration: 400ms; animation-duration: 400ms; }<\/style><script type=\"text\/javascript\">window.EasingSlider2293 = {\"width\":640,\"height\":400,\"singleItem\":true,\"items\":1,\"itemsDesktop\":false,\"itemsDesktopSmall\":false,\"itemsTablet\":false,\"itemsTabletSmall\":false,\"itemsMobile\":false,\"responsive\":true,\"lazyLoad\":true,\"autoPlay\":4000,\"slideSpeed\":400,\"navigation\":true,\"navigationText\":[\"\",\"\"],\"pagination\":false,\"autoHeight\":false,\"mouseDrag\":false,\"touchDrag\":false,\"addClassActive\":true,\"transitionStyle\":\"fade\"};<\/script><div data-id=\"2293\" class=\"easingslider easingslider-2293 easingslider-container easingslider-full-width easingslider-resizing-enabled easingslider-aspect-ratio easingslider-arrows-inside\"><div class=\"easingslider-slide\"><a href=\"https:\/\/condomett.it\/wp-content\/uploads\/2017\/09\/Spessimetria-con-Robot-2-640x400.jpg\"><img decoding=\"async\" src=\"https:\/\/condomett.it\/wp-content\/plugins\/easing-slider\/assets\/images\/placeholder-pixel.png\" data-src=\"https:\/\/condomett.it\/wp-content\/uploads\/2017\/09\/Spessimetria-con-Robot-2-640x400.jpg\" alt=\"\" title=\"\" class=\"easingslider-image easingslider-lazy\" \/><\/a><\/div><div class=\"easingslider-slide\"><a href=\"https:\/\/condomett.it\/wp-content\/uploads\/2017\/10\/IMG_1407-640x400.jpg\"><img decoding=\"async\" src=\"https:\/\/condomett.it\/wp-content\/plugins\/easing-slider\/assets\/images\/placeholder-pixel.png\" data-src=\"https:\/\/condomett.it\/wp-content\/uploads\/2017\/10\/IMG_1407-640x400.jpg\" alt=\"\" title=\"\" class=\"easingslider-image easingslider-lazy\" \/><\/a><\/div><div class=\"easingslider-slide\"><a href=\"https:\/\/condomett.it\/wp-content\/uploads\/2017\/10\/IMG_1414-640x400.jpg\"><img decoding=\"async\" src=\"https:\/\/condomett.it\/wp-content\/plugins\/easing-slider\/assets\/images\/placeholder-pixel.png\" data-src=\"https:\/\/condomett.it\/wp-content\/uploads\/2017\/10\/IMG_1414-640x400.jpg\" alt=\"\" title=\"\" class=\"easingslider-image easingslider-lazy\" \/><\/a><\/div><div class=\"easingslider-slide\"><a href=\"https:\/\/condomett.it\/wp-content\/uploads\/2018\/07\/59c6ef40-b986-466b-8ded-e0ab1bcf3ac4-original-Copia-640x400.jpg\"><img decoding=\"async\" src=\"https:\/\/condomett.it\/wp-content\/plugins\/easing-slider\/assets\/images\/placeholder-pixel.png\" data-src=\"https:\/\/condomett.it\/wp-content\/uploads\/2018\/07\/59c6ef40-b986-466b-8ded-e0ab1bcf3ac4-original-Copia-640x400.jpg\" alt=\"\" title=\"\" class=\"easingslider-image easingslider-lazy\" \/><\/a><\/div><div class=\"easingslider-slide\"><a href=\"https:\/\/condomett.it\/wp-content\/uploads\/2018\/07\/SAM_5109-Copia-640x400.jpg\"><img decoding=\"async\" src=\"https:\/\/condomett.it\/wp-content\/plugins\/easing-slider\/assets\/images\/placeholder-pixel.png\" data-src=\"https:\/\/condomett.it\/wp-content\/uploads\/2018\/07\/SAM_5109-Copia-640x400.jpg\" alt=\"\" title=\"\" class=\"easingslider-image easingslider-lazy\" \/><\/a><\/div><div class=\"easingslider-slide\"><a href=\"https:\/\/condomett.it\/wp-content\/uploads\/2018\/07\/IMG_1702-Copia-2-Copia-640x400.jpg\"><img decoding=\"async\" src=\"https:\/\/condomett.it\/wp-content\/plugins\/easing-slider\/assets\/images\/placeholder-pixel.png\" data-src=\"https:\/\/condomett.it\/wp-content\/uploads\/2018\/07\/IMG_1702-Copia-2-Copia-640x400.jpg\" alt=\"\" title=\"\" class=\"easingslider-image easingslider-lazy\" \/><\/a><\/div><div class=\"easingslider-slide\"><a href=\"https:\/\/condomett.it\/wp-content\/uploads\/2018\/07\/IMG_0807-Copia-640x400.jpg\"><img decoding=\"async\" src=\"https:\/\/condomett.it\/wp-content\/plugins\/easing-slider\/assets\/images\/placeholder-pixel.png\" data-src=\"https:\/\/condomett.it\/wp-content\/uploads\/2018\/07\/IMG_0807-Copia-640x400.jpg\" alt=\"\" title=\"\" class=\"easingslider-image easingslider-lazy\" \/><\/a><\/div><div class=\"easingslider-slide\"><a href=\"https:\/\/condomett.it\/wp-content\/uploads\/2018\/07\/IMG_0621-Copia-640x400.jpg\"><img decoding=\"async\" src=\"https:\/\/condomett.it\/wp-content\/plugins\/easing-slider\/assets\/images\/placeholder-pixel.png\" data-src=\"https:\/\/condomett.it\/wp-content\/uploads\/2018\/07\/IMG_0621-Copia-640x400.jpg\" alt=\"\" title=\"\" class=\"easingslider-image easingslider-lazy\" \/><\/a><\/div><div class=\"easingslider-slide\"><a href=\"https:\/\/condomett.it\/wp-content\/uploads\/2018\/07\/IMG_1396-640x400.jpg\"><img decoding=\"async\" src=\"https:\/\/condomett.it\/wp-content\/plugins\/easing-slider\/assets\/images\/placeholder-pixel.png\" data-src=\"https:\/\/condomett.it\/wp-content\/uploads\/2018\/07\/IMG_1396-640x400.jpg\" alt=\"\" title=\"\" class=\"easingslider-image easingslider-lazy\" \/><\/a><\/div><\/div>\n<hr \/>\n<p>Die Inspektion mit Ultraschall ist eine zerst\u00f6rungsfreie Methode, bei der Hochfrequenz-Schallwellen in das zu pr\u00fcfende Material eingef\u00fchrt werden, um Oberfl\u00e4chen- oder innere M\u00e4ngel festzustellen, die Materialdicke zu erfassen, den Abstand und das Ausma\u00df der Fehlstellen zu messen.<\/p>\n<p>Der wichtigste Anwendungsbereich ist die Pr\u00fcfung von Schwei\u00dfungen (voll durchgeschwei\u00dfte N\u00e4hte), Blechen, Schmiedest\u00fccken, Schmelzungen und Verbundmaterialien.<br \/>\nIn den letzten Jahren wurden bedeutende Fortschritte in der Entwicklung neuer Techniken gemacht, um die Sensitivit\u00e4t zu verbessern und die Suche nach Fehlstellen zu erweitern. Die Methode mit konventionellen Messger\u00e4ten wurde durch die Technologien Phased Array und TOFD erg\u00e4nzt.<\/p>\n<p>Phased Array: Dieses Verfahren erm\u00f6glicht eine gr\u00f6\u00dfere Sensitivit\u00e4t und eine Optimierung der Zeiten, denn das Objekt wird mit Hochgeschwindigkeit abgetastet und bietet multiple Winkel in einer einzigen Sonde.  Mit Hilfe von Scanner und Encoder kann man die Pr\u00fcfung aufzeichnen und halbautomatisch durchf\u00fchren, was erhebliche Vorteile in Bezug auf die Interpretation der Ergebnisse sowie die Verf\u00fcgbarkeit eines dauerhaften Reports bietet.<\/p>\n<p>TOFD (Time Of Flight Diffraction): Diese Technik, die bei der Schwei\u00dfpr\u00fcfung weit verbreitet ist, erm\u00f6glicht es, einen relevanten Volumenbereich der Schwei\u00dfung mit einer einfachen linearen Abtastung parallel zur Schwei\u00dfnaht zu untersuchen, was die Pr\u00fcfzeiten erheblich verringert.<br \/>\nDank der modernen Technologie k\u00f6nnen auch beide Techniken kombiniert werden.<\/p>\n<p>Mit der Ultraschallpr\u00fcfung f\u00fchrt Condomett Dickenmessungen mit qualifizierten Technikern durch, wobei die Leitlinien der Norm eingehalten oder die Leitlinien von INAIL f\u00fcr die Nachweise von Druckger\u00e4ten befolgt werden.<br \/>\nNeben den klassischen Instrumenten f\u00fcr die Standard-Dickenmessung verf\u00fcgt Condomett \u00fcber die Ausr\u00fcstung, um Dickenmessungen an Hochtemperaturger\u00e4ten bis 650\u00b0 C durchzuf\u00fchren<\/p>\n","protected":false},"excerpt":{"rendered":"<p>Die Inspektion mit Ultraschall ist eine zerst\u00f6rungsfreie Methode, bei der Hochfrequenz-Schallwellen in das zu pr\u00fcfende Material eingef\u00fchrt werden, um Oberfl\u00e4chen- oder innere M\u00e4ngel festzustellen, die Materialdicke zu erfassen, den Abstand und das Ausma\u00df der Fehlstellen zu messen. Der wichtigste Anwendungsbereich ist die Pr\u00fcfung von Schwei\u00dfungen (voll durchgeschwei\u00dfte N\u00e4hte), Blechen, Schmiedest\u00fccken, Schmelzungen und Verbundmaterialien. In den&#8230; <a class=\"read-more\" href=\"https:\/\/condomett.it\/de\/zerstoerungsfreie-pruefungen\/ultraschallpruefung\/\"> READ MORE<\/a><\/p>\n","protected":false},"author":3,"featured_media":2951,"parent":2914,"menu_order":5,"comment_status":"closed","ping_status":"closed","template":"","meta":{"footnotes":""},"class_list":["post-2950","page","type-page","status-publish","has-post-thumbnail","hentry"],"yoast_head":"<!-- This site is optimized with the Yoast SEO plugin v27.4 - https:\/\/yoast.com\/product\/yoast-seo-wordpress\/ -->\n<title>Ultraschallpr\u00fcfung (UT) - Condomett<\/title>\n<meta name=\"robots\" content=\"index, follow, max-snippet:-1, max-image-preview:large, max-video-preview:-1\" \/>\n<link rel=\"canonical\" href=\"https:\/\/condomett.it\/de\/zerstoerungsfreie-pruefungen\/ultraschallpruefung\/\" \/>\n<meta property=\"og:locale\" content=\"de_DE\" \/>\n<meta property=\"og:type\" content=\"article\" \/>\n<meta property=\"og:title\" content=\"Ultraschallpr\u00fcfung (UT) - Condomett\" \/>\n<meta property=\"og:description\" content=\"Die Inspektion mit Ultraschall ist eine zerst\u00f6rungsfreie Methode, bei der Hochfrequenz-Schallwellen in das zu pr\u00fcfende Material eingef\u00fchrt werden, um Oberfl\u00e4chen- oder innere M\u00e4ngel festzustellen, die Materialdicke zu erfassen, den Abstand und das Ausma\u00df der Fehlstellen zu messen. Der wichtigste Anwendungsbereich ist die Pr\u00fcfung von Schwei\u00dfungen (voll durchgeschwei\u00dfte N\u00e4hte), Blechen, Schmiedest\u00fccken, Schmelzungen und Verbundmaterialien. In den... READ MORE\" \/>\n<meta property=\"og:url\" content=\"https:\/\/condomett.it\/de\/zerstoerungsfreie-pruefungen\/ultraschallpruefung\/\" \/>\n<meta property=\"og:site_name\" content=\"Condomett\" \/>\n<meta property=\"article:modified_time\" content=\"2017-10-10T13:45:20+00:00\" \/>\n<meta property=\"og:image\" content=\"https:\/\/condomett.it\/wp-content\/uploads\/2017\/07\/Ultrasuoni_Phased-Array-Tofd.jpg\" \/>\n\t<meta property=\"og:image:width\" content=\"1128\" \/>\n\t<meta property=\"og:image:height\" content=\"600\" \/>\n\t<meta property=\"og:image:type\" content=\"image\/jpeg\" \/>\n<meta name=\"twitter:card\" content=\"summary_large_image\" \/>\n<meta name=\"twitter:label1\" content=\"Gesch\u00e4tzte Lesezeit\" \/>\n\t<meta name=\"twitter:data1\" content=\"1\u00a0Minute\" \/>\n<script type=\"application\/ld+json\" class=\"yoast-schema-graph\">{\"@context\":\"https:\\\/\\\/schema.org\",\"@graph\":[{\"@type\":\"WebPage\",\"@id\":\"https:\\\/\\\/condomett.it\\\/de\\\/zerstoerungsfreie-pruefungen\\\/ultraschallpruefung\\\/\",\"url\":\"https:\\\/\\\/condomett.it\\\/de\\\/zerstoerungsfreie-pruefungen\\\/ultraschallpruefung\\\/\",\"name\":\"Ultraschallpr\u00fcfung (UT) - Condomett\",\"isPartOf\":{\"@id\":\"https:\\\/\\\/condomett.it\\\/de\\\/#website\"},\"primaryImageOfPage\":{\"@id\":\"https:\\\/\\\/condomett.it\\\/de\\\/zerstoerungsfreie-pruefungen\\\/ultraschallpruefung\\\/#primaryimage\"},\"image\":{\"@id\":\"https:\\\/\\\/condomett.it\\\/de\\\/zerstoerungsfreie-pruefungen\\\/ultraschallpruefung\\\/#primaryimage\"},\"thumbnailUrl\":\"https:\\\/\\\/condomett.it\\\/wp-content\\\/uploads\\\/2017\\\/07\\\/Ultrasuoni_Phased-Array-Tofd.jpg\",\"datePublished\":\"2017-07-04T09:51:49+00:00\",\"dateModified\":\"2017-10-10T13:45:20+00:00\",\"breadcrumb\":{\"@id\":\"https:\\\/\\\/condomett.it\\\/de\\\/zerstoerungsfreie-pruefungen\\\/ultraschallpruefung\\\/#breadcrumb\"},\"inLanguage\":\"de\",\"potentialAction\":[{\"@type\":\"ReadAction\",\"target\":[\"https:\\\/\\\/condomett.it\\\/de\\\/zerstoerungsfreie-pruefungen\\\/ultraschallpruefung\\\/\"]}]},{\"@type\":\"ImageObject\",\"inLanguage\":\"de\",\"@id\":\"https:\\\/\\\/condomett.it\\\/de\\\/zerstoerungsfreie-pruefungen\\\/ultraschallpruefung\\\/#primaryimage\",\"url\":\"https:\\\/\\\/condomett.it\\\/wp-content\\\/uploads\\\/2017\\\/07\\\/Ultrasuoni_Phased-Array-Tofd.jpg\",\"contentUrl\":\"https:\\\/\\\/condomett.it\\\/wp-content\\\/uploads\\\/2017\\\/07\\\/Ultrasuoni_Phased-Array-Tofd.jpg\",\"width\":1128,\"height\":600},{\"@type\":\"BreadcrumbList\",\"@id\":\"https:\\\/\\\/condomett.it\\\/de\\\/zerstoerungsfreie-pruefungen\\\/ultraschallpruefung\\\/#breadcrumb\",\"itemListElement\":[{\"@type\":\"ListItem\",\"position\":1,\"name\":\"Home\",\"item\":\"https:\\\/\\\/condomett.it\\\/de\\\/\"},{\"@type\":\"ListItem\",\"position\":2,\"name\":\"Zerst\u00f6rungsfreie pr\u00fcfungen\",\"item\":\"https:\\\/\\\/condomett.it\\\/controlli-non-distruttivi\\\/\"},{\"@type\":\"ListItem\",\"position\":3,\"name\":\"Ultraschallpr\u00fcfung (UT)\"}]},{\"@type\":\"WebSite\",\"@id\":\"https:\\\/\\\/condomett.it\\\/de\\\/#website\",\"url\":\"https:\\\/\\\/condomett.it\\\/de\\\/\",\"name\":\"Condomett\",\"description\":\"Condomett Fidenza (dal 1953 \u2013 Parma): controlli non distruttivi, trattamenti termici, officina meccanica, verifiche periodiche ed ispezioni aeree con drone\",\"potentialAction\":[{\"@type\":\"SearchAction\",\"target\":{\"@type\":\"EntryPoint\",\"urlTemplate\":\"https:\\\/\\\/condomett.it\\\/de\\\/?s={search_term_string}\"},\"query-input\":{\"@type\":\"PropertyValueSpecification\",\"valueRequired\":true,\"valueName\":\"search_term_string\"}}],\"inLanguage\":\"de\"}]}<\/script>\n<!-- \/ Yoast SEO plugin. -->","yoast_head_json":{"title":"Ultraschallpr\u00fcfung (UT) - Condomett","robots":{"index":"index","follow":"follow","max-snippet":"max-snippet:-1","max-image-preview":"max-image-preview:large","max-video-preview":"max-video-preview:-1"},"canonical":"https:\/\/condomett.it\/de\/zerstoerungsfreie-pruefungen\/ultraschallpruefung\/","og_locale":"de_DE","og_type":"article","og_title":"Ultraschallpr\u00fcfung (UT) - Condomett","og_description":"Die Inspektion mit Ultraschall ist eine zerst\u00f6rungsfreie Methode, bei der Hochfrequenz-Schallwellen in das zu pr\u00fcfende Material eingef\u00fchrt werden, um Oberfl\u00e4chen- oder innere M\u00e4ngel festzustellen, die Materialdicke zu erfassen, den Abstand und das Ausma\u00df der Fehlstellen zu messen. Der wichtigste Anwendungsbereich ist die Pr\u00fcfung von Schwei\u00dfungen (voll durchgeschwei\u00dfte N\u00e4hte), Blechen, Schmiedest\u00fccken, Schmelzungen und Verbundmaterialien. In den... READ MORE","og_url":"https:\/\/condomett.it\/de\/zerstoerungsfreie-pruefungen\/ultraschallpruefung\/","og_site_name":"Condomett","article_modified_time":"2017-10-10T13:45:20+00:00","og_image":[{"width":1128,"height":600,"url":"https:\/\/condomett.it\/wp-content\/uploads\/2017\/07\/Ultrasuoni_Phased-Array-Tofd.jpg","type":"image\/jpeg"}],"twitter_card":"summary_large_image","twitter_misc":{"Gesch\u00e4tzte Lesezeit":"1\u00a0Minute"},"schema":{"@context":"https:\/\/schema.org","@graph":[{"@type":"WebPage","@id":"https:\/\/condomett.it\/de\/zerstoerungsfreie-pruefungen\/ultraschallpruefung\/","url":"https:\/\/condomett.it\/de\/zerstoerungsfreie-pruefungen\/ultraschallpruefung\/","name":"Ultraschallpr\u00fcfung (UT) - Condomett","isPartOf":{"@id":"https:\/\/condomett.it\/de\/#website"},"primaryImageOfPage":{"@id":"https:\/\/condomett.it\/de\/zerstoerungsfreie-pruefungen\/ultraschallpruefung\/#primaryimage"},"image":{"@id":"https:\/\/condomett.it\/de\/zerstoerungsfreie-pruefungen\/ultraschallpruefung\/#primaryimage"},"thumbnailUrl":"https:\/\/condomett.it\/wp-content\/uploads\/2017\/07\/Ultrasuoni_Phased-Array-Tofd.jpg","datePublished":"2017-07-04T09:51:49+00:00","dateModified":"2017-10-10T13:45:20+00:00","breadcrumb":{"@id":"https:\/\/condomett.it\/de\/zerstoerungsfreie-pruefungen\/ultraschallpruefung\/#breadcrumb"},"inLanguage":"de","potentialAction":[{"@type":"ReadAction","target":["https:\/\/condomett.it\/de\/zerstoerungsfreie-pruefungen\/ultraschallpruefung\/"]}]},{"@type":"ImageObject","inLanguage":"de","@id":"https:\/\/condomett.it\/de\/zerstoerungsfreie-pruefungen\/ultraschallpruefung\/#primaryimage","url":"https:\/\/condomett.it\/wp-content\/uploads\/2017\/07\/Ultrasuoni_Phased-Array-Tofd.jpg","contentUrl":"https:\/\/condomett.it\/wp-content\/uploads\/2017\/07\/Ultrasuoni_Phased-Array-Tofd.jpg","width":1128,"height":600},{"@type":"BreadcrumbList","@id":"https:\/\/condomett.it\/de\/zerstoerungsfreie-pruefungen\/ultraschallpruefung\/#breadcrumb","itemListElement":[{"@type":"ListItem","position":1,"name":"Home","item":"https:\/\/condomett.it\/de\/"},{"@type":"ListItem","position":2,"name":"Zerst\u00f6rungsfreie pr\u00fcfungen","item":"https:\/\/condomett.it\/controlli-non-distruttivi\/"},{"@type":"ListItem","position":3,"name":"Ultraschallpr\u00fcfung (UT)"}]},{"@type":"WebSite","@id":"https:\/\/condomett.it\/de\/#website","url":"https:\/\/condomett.it\/de\/","name":"Condomett","description":"Condomett Fidenza (dal 1953 \u2013 Parma): controlli non distruttivi, trattamenti termici, officina meccanica, verifiche periodiche ed ispezioni aeree con drone","potentialAction":[{"@type":"SearchAction","target":{"@type":"EntryPoint","urlTemplate":"https:\/\/condomett.it\/de\/?s={search_term_string}"},"query-input":{"@type":"PropertyValueSpecification","valueRequired":true,"valueName":"search_term_string"}}],"inLanguage":"de"}]}},"_links":{"self":[{"href":"https:\/\/condomett.it\/de\/wp-json\/wp\/v2\/pages\/2950","targetHints":{"allow":["GET"]}}],"collection":[{"href":"https:\/\/condomett.it\/de\/wp-json\/wp\/v2\/pages"}],"about":[{"href":"https:\/\/condomett.it\/de\/wp-json\/wp\/v2\/types\/page"}],"author":[{"embeddable":true,"href":"https:\/\/condomett.it\/de\/wp-json\/wp\/v2\/users\/3"}],"replies":[{"embeddable":true,"href":"https:\/\/condomett.it\/de\/wp-json\/wp\/v2\/comments?post=2950"}],"version-history":[{"count":2,"href":"https:\/\/condomett.it\/de\/wp-json\/wp\/v2\/pages\/2950\/revisions"}],"predecessor-version":[{"id":2953,"href":"https:\/\/condomett.it\/de\/wp-json\/wp\/v2\/pages\/2950\/revisions\/2953"}],"up":[{"embeddable":true,"href":"https:\/\/condomett.it\/de\/wp-json\/wp\/v2\/pages\/2914"}],"wp:featuredmedia":[{"embeddable":true,"href":"https:\/\/condomett.it\/de\/wp-json\/wp\/v2\/media\/2951"}],"wp:attachment":[{"href":"https:\/\/condomett.it\/de\/wp-json\/wp\/v2\/media?parent=2950"}],"curies":[{"name":"wp","href":"https:\/\/api.w.org\/{rel}","templated":true}]}}