{"id":2947,"date":"2017-07-04T14:31:02","date_gmt":"2017-07-04T12:31:02","guid":{"rendered":"https:\/\/condomett.it\/zerstoerungsfreie-pruefungen\/termografia\/"},"modified":"2017-10-10T12:16:08","modified_gmt":"2017-10-10T10:16:08","slug":"thermographie","status":"publish","type":"page","link":"https:\/\/condomett.it\/de\/zerstoerungsfreie-pruefungen\/thermographie\/","title":{"rendered":"Thermographie (TIR)"},"content":{"rendered":"<style type=\"text\/css\">.easingslider-2319 { width: 100%; }.easingslider-2319 .easingslider-image { max-height: 400px; max-width: 640px; }.easingslider-2319 .easingslider-fade-in, .easingslider-fade-out { -webkit-animation-duration: 400ms; -moz-animation-duration: 400ms; animation-duration: 400ms; }<\/style><script type=\"text\/javascript\">window.EasingSlider2319 = {\"width\":640,\"height\":400,\"singleItem\":true,\"items\":1,\"itemsDesktop\":false,\"itemsDesktopSmall\":false,\"itemsTablet\":false,\"itemsTabletSmall\":false,\"itemsMobile\":false,\"responsive\":true,\"lazyLoad\":true,\"autoPlay\":4000,\"slideSpeed\":400,\"navigation\":true,\"navigationText\":[\"\",\"\"],\"pagination\":false,\"autoHeight\":false,\"mouseDrag\":false,\"touchDrag\":false,\"addClassActive\":true,\"transitionStyle\":\"fade\"};<\/script><div data-id=\"2319\" class=\"easingslider easingslider-2319 easingslider-container easingslider-full-width easingslider-resizing-enabled easingslider-aspect-ratio easingslider-arrows-inside\"><div class=\"easingslider-slide\"><a href=\"https:\/\/condomett.it\/wp-content\/uploads\/2017\/09\/deposito-tubazioni-2-640x400.jpg\"><img decoding=\"async\" src=\"https:\/\/condomett.it\/wp-content\/plugins\/easing-slider\/assets\/images\/placeholder-pixel.png\" data-src=\"https:\/\/condomett.it\/wp-content\/uploads\/2017\/09\/deposito-tubazioni-2-640x400.jpg\" alt=\"\" title=\"\" class=\"easingslider-image easingslider-lazy\" \/><\/a><\/div><div class=\"easingslider-slide\"><a href=\"https:\/\/condomett.it\/wp-content\/uploads\/2017\/09\/Immagine-IR-scantec-625x6001-640x400.jpg\"><img decoding=\"async\" src=\"https:\/\/condomett.it\/wp-content\/plugins\/easing-slider\/assets\/images\/placeholder-pixel.png\" data-src=\"https:\/\/condomett.it\/wp-content\/uploads\/2017\/09\/Immagine-IR-scantec-625x6001-640x400.jpg\" alt=\"\" title=\"\" class=\"easingslider-image easingslider-lazy\" \/><\/a><\/div><\/div>\n<hr \/>\n<p>Die Thermographie (TT) ist eine Technik der zerst\u00f6rungsfreien Pr\u00fcfung, die mit einer tragbaren Infrarot-Ausr\u00fcstung durchgef\u00fchrt wird (Thermokamera oder anderes Infrarotger\u00e4t).<br \/>\nBei dieser Art der Kontrolle werden Kartierungen mit verschiedenen Farben erzeugt, die die untersuchten Zonen repr\u00e4sentieren. Diese Karten stellen eine gemessene Temperatur mit einer bestimmten Farbe dar, so dass man Fehlerstellen im Material feststellen kann.<\/p>\n<p>Condomett kann diese Messungen auch mit Hilfe einer professionellen Drohne durchf\u00fchren. Damit werden unbequeme Man\u00f6ver vermieden, die bis heute manuell vom Bediener ausgef\u00fchrt wurden, was auch mit Risiken verbunden war und schwer erreichbare Zonen betraf. Die Sensitivit\u00e4t der Ausr\u00fcstung kann auch bis zu einigen Hundertstel Grad gelangen.<\/p>\n<p>Condomett kann diese Dienstleistung auch beim Kunden bieten.<\/p>\n<p>&nbsp;<\/p>\n","protected":false},"excerpt":{"rendered":"<p>Die Thermographie (TT) ist eine Technik der zerst\u00f6rungsfreien Pr\u00fcfung, die mit einer tragbaren Infrarot-Ausr\u00fcstung durchgef\u00fchrt wird (Thermokamera oder anderes Infrarotger\u00e4t). Bei dieser Art der Kontrolle werden Kartierungen mit verschiedenen Farben erzeugt, die die untersuchten Zonen repr\u00e4sentieren. Diese Karten stellen eine gemessene Temperatur mit einer bestimmten Farbe dar, so dass man Fehlerstellen im Material feststellen kann&#8230;. <a class=\"read-more\" href=\"https:\/\/condomett.it\/de\/zerstoerungsfreie-pruefungen\/thermographie\/\"> READ MORE<\/a><\/p>\n","protected":false},"author":3,"featured_media":2948,"parent":2914,"menu_order":11,"comment_status":"closed","ping_status":"closed","template":"","meta":{"footnotes":""},"class_list":["post-2947","page","type-page","status-publish","has-post-thumbnail","hentry"],"yoast_head":"<!-- This site is optimized with the Yoast SEO plugin v27.5 - https:\/\/yoast.com\/product\/yoast-seo-wordpress\/ -->\n<title>Thermographie (TIR) - Condomett<\/title>\n<meta name=\"robots\" content=\"index, follow, max-snippet:-1, max-image-preview:large, max-video-preview:-1\" \/>\n<link rel=\"canonical\" href=\"https:\/\/condomett.it\/controlli-non-distruttivi\/termografia\/\" \/>\n<meta property=\"og:locale\" content=\"de_DE\" \/>\n<meta property=\"og:type\" content=\"article\" \/>\n<meta property=\"og:title\" content=\"Thermographie (TIR) - Condomett\" \/>\n<meta property=\"og:description\" content=\"Die Thermographie (TT) ist eine Technik der zerst\u00f6rungsfreien Pr\u00fcfung, die mit einer tragbaren Infrarot-Ausr\u00fcstung durchgef\u00fchrt wird (Thermokamera oder anderes Infrarotger\u00e4t). Bei dieser Art der Kontrolle werden Kartierungen mit verschiedenen Farben erzeugt, die die untersuchten Zonen repr\u00e4sentieren. Diese Karten stellen eine gemessene Temperatur mit einer bestimmten Farbe dar, so dass man Fehlerstellen im Material feststellen kann.... READ MORE\" \/>\n<meta property=\"og:url\" content=\"https:\/\/condomett.it\/controlli-non-distruttivi\/termografia\/\" \/>\n<meta property=\"og:site_name\" content=\"Condomett\" \/>\n<meta property=\"article:modified_time\" content=\"2017-10-10T10:16:08+00:00\" \/>\n<meta property=\"og:image\" content=\"https:\/\/condomett.it\/wp-content\/uploads\/2017\/07\/termografia.jpg\" \/>\n\t<meta property=\"og:image:width\" content=\"994\" \/>\n\t<meta property=\"og:image:height\" content=\"563\" \/>\n\t<meta property=\"og:image:type\" content=\"image\/jpeg\" \/>\n<meta name=\"twitter:card\" content=\"summary_large_image\" \/>\n<meta name=\"twitter:label1\" content=\"Gesch\u00e4tzte Lesezeit\" \/>\n\t<meta name=\"twitter:data1\" content=\"1\u00a0Minute\" \/>\n<script type=\"application\/ld+json\" class=\"yoast-schema-graph\">{\"@context\":\"https:\\\/\\\/schema.org\",\"@graph\":[{\"@type\":\"WebPage\",\"@id\":\"https:\\\/\\\/condomett.it\\\/controlli-non-distruttivi\\\/termografia\\\/\",\"url\":\"https:\\\/\\\/condomett.it\\\/controlli-non-distruttivi\\\/termografia\\\/\",\"name\":\"Thermographie (TIR) - Condomett\",\"isPartOf\":{\"@id\":\"https:\\\/\\\/condomett.it\\\/de\\\/#website\"},\"primaryImageOfPage\":{\"@id\":\"https:\\\/\\\/condomett.it\\\/controlli-non-distruttivi\\\/termografia\\\/#primaryimage\"},\"image\":{\"@id\":\"https:\\\/\\\/condomett.it\\\/controlli-non-distruttivi\\\/termografia\\\/#primaryimage\"},\"thumbnailUrl\":\"https:\\\/\\\/condomett.it\\\/wp-content\\\/uploads\\\/2017\\\/07\\\/termografia.jpg\",\"datePublished\":\"2017-07-04T12:31:02+00:00\",\"dateModified\":\"2017-10-10T10:16:08+00:00\",\"breadcrumb\":{\"@id\":\"https:\\\/\\\/condomett.it\\\/controlli-non-distruttivi\\\/termografia\\\/#breadcrumb\"},\"inLanguage\":\"de\",\"potentialAction\":[{\"@type\":\"ReadAction\",\"target\":[\"https:\\\/\\\/condomett.it\\\/controlli-non-distruttivi\\\/termografia\\\/\"]}]},{\"@type\":\"ImageObject\",\"inLanguage\":\"de\",\"@id\":\"https:\\\/\\\/condomett.it\\\/controlli-non-distruttivi\\\/termografia\\\/#primaryimage\",\"url\":\"https:\\\/\\\/condomett.it\\\/wp-content\\\/uploads\\\/2017\\\/07\\\/termografia.jpg\",\"contentUrl\":\"https:\\\/\\\/condomett.it\\\/wp-content\\\/uploads\\\/2017\\\/07\\\/termografia.jpg\",\"width\":994,\"height\":563},{\"@type\":\"BreadcrumbList\",\"@id\":\"https:\\\/\\\/condomett.it\\\/controlli-non-distruttivi\\\/termografia\\\/#breadcrumb\",\"itemListElement\":[{\"@type\":\"ListItem\",\"position\":1,\"name\":\"Home\",\"item\":\"https:\\\/\\\/condomett.it\\\/de\\\/\"},{\"@type\":\"ListItem\",\"position\":2,\"name\":\"Zerst\u00f6rungsfreie pr\u00fcfungen\",\"item\":\"https:\\\/\\\/condomett.it\\\/controlli-non-distruttivi\\\/\"},{\"@type\":\"ListItem\",\"position\":3,\"name\":\"Thermographie (TIR)\"}]},{\"@type\":\"WebSite\",\"@id\":\"https:\\\/\\\/condomett.it\\\/de\\\/#website\",\"url\":\"https:\\\/\\\/condomett.it\\\/de\\\/\",\"name\":\"Condomett\",\"description\":\"Condomett Fidenza (dal 1953 \u2013 Parma): controlli non distruttivi, trattamenti termici, officina meccanica, verifiche periodiche ed ispezioni aeree con drone\",\"potentialAction\":[{\"@type\":\"SearchAction\",\"target\":{\"@type\":\"EntryPoint\",\"urlTemplate\":\"https:\\\/\\\/condomett.it\\\/de\\\/?s={search_term_string}\"},\"query-input\":{\"@type\":\"PropertyValueSpecification\",\"valueRequired\":true,\"valueName\":\"search_term_string\"}}],\"inLanguage\":\"de\"}]}<\/script>\n<!-- \/ Yoast SEO plugin. -->","yoast_head_json":{"title":"Thermographie (TIR) - Condomett","robots":{"index":"index","follow":"follow","max-snippet":"max-snippet:-1","max-image-preview":"max-image-preview:large","max-video-preview":"max-video-preview:-1"},"canonical":"https:\/\/condomett.it\/controlli-non-distruttivi\/termografia\/","og_locale":"de_DE","og_type":"article","og_title":"Thermographie (TIR) - Condomett","og_description":"Die Thermographie (TT) ist eine Technik der zerst\u00f6rungsfreien Pr\u00fcfung, die mit einer tragbaren Infrarot-Ausr\u00fcstung durchgef\u00fchrt wird (Thermokamera oder anderes Infrarotger\u00e4t). Bei dieser Art der Kontrolle werden Kartierungen mit verschiedenen Farben erzeugt, die die untersuchten Zonen repr\u00e4sentieren. Diese Karten stellen eine gemessene Temperatur mit einer bestimmten Farbe dar, so dass man Fehlerstellen im Material feststellen kann.... READ MORE","og_url":"https:\/\/condomett.it\/controlli-non-distruttivi\/termografia\/","og_site_name":"Condomett","article_modified_time":"2017-10-10T10:16:08+00:00","og_image":[{"width":994,"height":563,"url":"https:\/\/condomett.it\/wp-content\/uploads\/2017\/07\/termografia.jpg","type":"image\/jpeg"}],"twitter_card":"summary_large_image","twitter_misc":{"Gesch\u00e4tzte Lesezeit":"1\u00a0Minute"},"schema":{"@context":"https:\/\/schema.org","@graph":[{"@type":"WebPage","@id":"https:\/\/condomett.it\/controlli-non-distruttivi\/termografia\/","url":"https:\/\/condomett.it\/controlli-non-distruttivi\/termografia\/","name":"Thermographie (TIR) - Condomett","isPartOf":{"@id":"https:\/\/condomett.it\/de\/#website"},"primaryImageOfPage":{"@id":"https:\/\/condomett.it\/controlli-non-distruttivi\/termografia\/#primaryimage"},"image":{"@id":"https:\/\/condomett.it\/controlli-non-distruttivi\/termografia\/#primaryimage"},"thumbnailUrl":"https:\/\/condomett.it\/wp-content\/uploads\/2017\/07\/termografia.jpg","datePublished":"2017-07-04T12:31:02+00:00","dateModified":"2017-10-10T10:16:08+00:00","breadcrumb":{"@id":"https:\/\/condomett.it\/controlli-non-distruttivi\/termografia\/#breadcrumb"},"inLanguage":"de","potentialAction":[{"@type":"ReadAction","target":["https:\/\/condomett.it\/controlli-non-distruttivi\/termografia\/"]}]},{"@type":"ImageObject","inLanguage":"de","@id":"https:\/\/condomett.it\/controlli-non-distruttivi\/termografia\/#primaryimage","url":"https:\/\/condomett.it\/wp-content\/uploads\/2017\/07\/termografia.jpg","contentUrl":"https:\/\/condomett.it\/wp-content\/uploads\/2017\/07\/termografia.jpg","width":994,"height":563},{"@type":"BreadcrumbList","@id":"https:\/\/condomett.it\/controlli-non-distruttivi\/termografia\/#breadcrumb","itemListElement":[{"@type":"ListItem","position":1,"name":"Home","item":"https:\/\/condomett.it\/de\/"},{"@type":"ListItem","position":2,"name":"Zerst\u00f6rungsfreie pr\u00fcfungen","item":"https:\/\/condomett.it\/controlli-non-distruttivi\/"},{"@type":"ListItem","position":3,"name":"Thermographie (TIR)"}]},{"@type":"WebSite","@id":"https:\/\/condomett.it\/de\/#website","url":"https:\/\/condomett.it\/de\/","name":"Condomett","description":"Condomett Fidenza (dal 1953 \u2013 Parma): controlli non distruttivi, trattamenti termici, officina meccanica, verifiche periodiche ed ispezioni aeree con drone","potentialAction":[{"@type":"SearchAction","target":{"@type":"EntryPoint","urlTemplate":"https:\/\/condomett.it\/de\/?s={search_term_string}"},"query-input":{"@type":"PropertyValueSpecification","valueRequired":true,"valueName":"search_term_string"}}],"inLanguage":"de"}]}},"_links":{"self":[{"href":"https:\/\/condomett.it\/de\/wp-json\/wp\/v2\/pages\/2947","targetHints":{"allow":["GET"]}}],"collection":[{"href":"https:\/\/condomett.it\/de\/wp-json\/wp\/v2\/pages"}],"about":[{"href":"https:\/\/condomett.it\/de\/wp-json\/wp\/v2\/types\/page"}],"author":[{"embeddable":true,"href":"https:\/\/condomett.it\/de\/wp-json\/wp\/v2\/users\/3"}],"replies":[{"embeddable":true,"href":"https:\/\/condomett.it\/de\/wp-json\/wp\/v2\/comments?post=2947"}],"version-history":[{"count":1,"href":"https:\/\/condomett.it\/de\/wp-json\/wp\/v2\/pages\/2947\/revisions"}],"predecessor-version":[{"id":2949,"href":"https:\/\/condomett.it\/de\/wp-json\/wp\/v2\/pages\/2947\/revisions\/2949"}],"up":[{"embeddable":true,"href":"https:\/\/condomett.it\/de\/wp-json\/wp\/v2\/pages\/2914"}],"wp:featuredmedia":[{"embeddable":true,"href":"https:\/\/condomett.it\/de\/wp-json\/wp\/v2\/media\/2948"}],"wp:attachment":[{"href":"https:\/\/condomett.it\/de\/wp-json\/wp\/v2\/media?parent=2947"}],"curies":[{"name":"wp","href":"https:\/\/api.w.org\/{rel}","templated":true}]}}