{"id":2944,"date":"2017-07-04T14:25:03","date_gmt":"2017-07-04T12:25:03","guid":{"rendered":"https:\/\/condomett.it\/zerstoerungsfreie-pruefungen\/repliche-metallografiche\/"},"modified":"2017-10-10T12:13:50","modified_gmt":"2017-10-10T10:13:50","slug":"metallographische-replica-technik","status":"publish","type":"page","link":"https:\/\/condomett.it\/de\/zerstoerungsfreie-pruefungen\/metallographische-replica-technik\/","title":{"rendered":"Metallographische replica-technik"},"content":{"rendered":"<style type=\"text\/css\">.easingslider-2328 { width: 100%; }.easingslider-2328 .easingslider-image { max-height: 400px; max-width: 640px; }.easingslider-2328 .easingslider-fade-in, .easingslider-fade-out { -webkit-animation-duration: 400ms; -moz-animation-duration: 400ms; animation-duration: 400ms; }<\/style><script type=\"text\/javascript\">window.EasingSlider2328 = {\"width\":640,\"height\":400,\"singleItem\":true,\"items\":1,\"itemsDesktop\":false,\"itemsDesktopSmall\":false,\"itemsTablet\":false,\"itemsTabletSmall\":false,\"itemsMobile\":false,\"responsive\":true,\"lazyLoad\":true,\"autoPlay\":4000,\"slideSpeed\":400,\"navigation\":true,\"navigationText\":[\"\",\"\"],\"pagination\":false,\"autoHeight\":false,\"mouseDrag\":false,\"touchDrag\":false,\"addClassActive\":true,\"transitionStyle\":\"fade\"};<\/script><div data-id=\"2328\" class=\"easingslider easingslider-2328 easingslider-container easingslider-full-width easingslider-resizing-enabled easingslider-aspect-ratio easingslider-arrows-inside\"><div class=\"easingslider-slide\"><a href=\"https:\/\/condomett.it\/wp-content\/uploads\/2017\/07\/repliche-640x400.jpg\"><img decoding=\"async\" src=\"https:\/\/condomett.it\/wp-content\/plugins\/easing-slider\/assets\/images\/placeholder-pixel.png\" data-src=\"https:\/\/condomett.it\/wp-content\/uploads\/2017\/07\/repliche-640x400.jpg\" alt=\"\" title=\"\" class=\"easingslider-image easingslider-lazy\" \/><\/a><\/div><div class=\"easingslider-slide\"><a href=\"https:\/\/condomett.it\/wp-content\/uploads\/2018\/07\/IMG_4553-1-640x400.jpg\"><img decoding=\"async\" src=\"https:\/\/condomett.it\/wp-content\/plugins\/easing-slider\/assets\/images\/placeholder-pixel.png\" data-src=\"https:\/\/condomett.it\/wp-content\/uploads\/2018\/07\/IMG_4553-1-640x400.jpg\" alt=\"\" title=\"\" class=\"easingslider-image easingslider-lazy\" \/><\/a><\/div><div class=\"easingslider-slide\"><a href=\"https:\/\/condomett.it\/wp-content\/uploads\/2018\/07\/DSC00525-Copia-640x400.jpg\"><img decoding=\"async\" src=\"https:\/\/condomett.it\/wp-content\/plugins\/easing-slider\/assets\/images\/placeholder-pixel.png\" data-src=\"https:\/\/condomett.it\/wp-content\/uploads\/2018\/07\/DSC00525-Copia-640x400.jpg\" alt=\"\" title=\"\" class=\"easingslider-image easingslider-lazy\" \/><\/a><\/div><div class=\"easingslider-slide\"><a href=\"https:\/\/condomett.it\/wp-content\/uploads\/2018\/07\/repliche-640x400.jpg\"><img decoding=\"async\" src=\"https:\/\/condomett.it\/wp-content\/plugins\/easing-slider\/assets\/images\/placeholder-pixel.png\" data-src=\"https:\/\/condomett.it\/wp-content\/uploads\/2018\/07\/repliche-640x400.jpg\" alt=\"\" title=\"\" class=\"easingslider-image easingslider-lazy\" \/><\/a><\/div><div class=\"easingslider-slide\"><a href=\"https:\/\/condomett.it\/wp-content\/uploads\/2018\/07\/repliche2-640x400.png\"><img decoding=\"async\" src=\"https:\/\/condomett.it\/wp-content\/plugins\/easing-slider\/assets\/images\/placeholder-pixel.png\" data-src=\"https:\/\/condomett.it\/wp-content\/uploads\/2018\/07\/repliche2-640x400.png\" alt=\"\" title=\"\" class=\"easingslider-image easingslider-lazy\" \/><\/a><\/div><\/div>\n<hr \/>\n<p>Mit dieser Art der zerst\u00f6rungsfreien Pr\u00fcfung kann die innere Struktur eines Materials beobachtet werden.  Bei der Kontrolle k\u00f6nnen Ph\u00e4nomene der Besch\u00e4digung oder mikrostrukturellen Alterung erfasst und die Art von Materialerm\u00fcdung, Korrosion usw. interpretiert werden. Die Untersuchung kann verschiedenen Zwecken dienen: Materialannahme, Ermittlung von mikrostrukturellen Sch\u00e4den durch \u00dcberhitzung oder Br\u00e4nde, Beurteilung von Alterungsph\u00e4nomenen w\u00e4hrend des Betriebs und Sch\u00e4tzung der Restlebensdauer.<\/p>\n","protected":false},"excerpt":{"rendered":"<p>Mit dieser Art der zerst\u00f6rungsfreien Pr\u00fcfung kann die innere Struktur eines Materials beobachtet werden. Bei der Kontrolle k\u00f6nnen Ph\u00e4nomene der Besch\u00e4digung oder mikrostrukturellen Alterung erfasst und die Art von Materialerm\u00fcdung, Korrosion usw. interpretiert werden. Die Untersuchung kann verschiedenen Zwecken dienen: Materialannahme, Ermittlung von mikrostrukturellen Sch\u00e4den durch \u00dcberhitzung oder Br\u00e4nde, Beurteilung von Alterungsph\u00e4nomenen w\u00e4hrend des Betriebs&#8230; <a class=\"read-more\" href=\"https:\/\/condomett.it\/de\/zerstoerungsfreie-pruefungen\/metallographische-replica-technik\/\"> READ MORE<\/a><\/p>\n","protected":false},"author":3,"featured_media":2945,"parent":2914,"menu_order":13,"comment_status":"closed","ping_status":"closed","template":"","meta":{"footnotes":""},"class_list":["post-2944","page","type-page","status-publish","has-post-thumbnail","hentry"],"yoast_head":"<!-- This site is optimized with the Yoast SEO plugin v27.4 - https:\/\/yoast.com\/product\/yoast-seo-wordpress\/ -->\n<title>Metallographische replica-technik - Condomett<\/title>\n<meta name=\"robots\" content=\"index, follow, max-snippet:-1, max-image-preview:large, max-video-preview:-1\" \/>\n<link rel=\"canonical\" href=\"https:\/\/condomett.it\/controlli-non-distruttivi\/repliche-metallografiche\/\" \/>\n<meta property=\"og:locale\" content=\"de_DE\" \/>\n<meta property=\"og:type\" content=\"article\" \/>\n<meta property=\"og:title\" content=\"Metallographische replica-technik - Condomett\" \/>\n<meta property=\"og:description\" content=\"Mit dieser Art der zerst\u00f6rungsfreien Pr\u00fcfung kann die innere Struktur eines Materials beobachtet werden. Bei der Kontrolle k\u00f6nnen Ph\u00e4nomene der Besch\u00e4digung oder mikrostrukturellen Alterung erfasst und die Art von Materialerm\u00fcdung, Korrosion usw. interpretiert werden. Die Untersuchung kann verschiedenen Zwecken dienen: Materialannahme, Ermittlung von mikrostrukturellen Sch\u00e4den durch \u00dcberhitzung oder Br\u00e4nde, Beurteilung von Alterungsph\u00e4nomenen w\u00e4hrend des Betriebs... READ MORE\" \/>\n<meta property=\"og:url\" content=\"https:\/\/condomett.it\/controlli-non-distruttivi\/repliche-metallografiche\/\" \/>\n<meta property=\"og:site_name\" content=\"Condomett\" \/>\n<meta property=\"article:modified_time\" content=\"2017-10-10T10:13:50+00:00\" \/>\n<meta property=\"og:image\" content=\"https:\/\/condomett.it\/wp-content\/uploads\/2017\/07\/repliche.jpg\" \/>\n\t<meta property=\"og:image:width\" content=\"753\" \/>\n\t<meta property=\"og:image:height\" content=\"486\" \/>\n\t<meta property=\"og:image:type\" content=\"image\/jpeg\" \/>\n<meta name=\"twitter:card\" content=\"summary_large_image\" \/>\n<script type=\"application\/ld+json\" class=\"yoast-schema-graph\">{\"@context\":\"https:\\\/\\\/schema.org\",\"@graph\":[{\"@type\":\"WebPage\",\"@id\":\"https:\\\/\\\/condomett.it\\\/controlli-non-distruttivi\\\/repliche-metallografiche\\\/\",\"url\":\"https:\\\/\\\/condomett.it\\\/controlli-non-distruttivi\\\/repliche-metallografiche\\\/\",\"name\":\"Metallographische replica-technik - Condomett\",\"isPartOf\":{\"@id\":\"https:\\\/\\\/condomett.it\\\/de\\\/#website\"},\"primaryImageOfPage\":{\"@id\":\"https:\\\/\\\/condomett.it\\\/controlli-non-distruttivi\\\/repliche-metallografiche\\\/#primaryimage\"},\"image\":{\"@id\":\"https:\\\/\\\/condomett.it\\\/controlli-non-distruttivi\\\/repliche-metallografiche\\\/#primaryimage\"},\"thumbnailUrl\":\"https:\\\/\\\/condomett.it\\\/wp-content\\\/uploads\\\/2017\\\/07\\\/repliche.jpg\",\"datePublished\":\"2017-07-04T12:25:03+00:00\",\"dateModified\":\"2017-10-10T10:13:50+00:00\",\"breadcrumb\":{\"@id\":\"https:\\\/\\\/condomett.it\\\/controlli-non-distruttivi\\\/repliche-metallografiche\\\/#breadcrumb\"},\"inLanguage\":\"de\",\"potentialAction\":[{\"@type\":\"ReadAction\",\"target\":[\"https:\\\/\\\/condomett.it\\\/controlli-non-distruttivi\\\/repliche-metallografiche\\\/\"]}]},{\"@type\":\"ImageObject\",\"inLanguage\":\"de\",\"@id\":\"https:\\\/\\\/condomett.it\\\/controlli-non-distruttivi\\\/repliche-metallografiche\\\/#primaryimage\",\"url\":\"https:\\\/\\\/condomett.it\\\/wp-content\\\/uploads\\\/2017\\\/07\\\/repliche.jpg\",\"contentUrl\":\"https:\\\/\\\/condomett.it\\\/wp-content\\\/uploads\\\/2017\\\/07\\\/repliche.jpg\",\"width\":753,\"height\":486},{\"@type\":\"BreadcrumbList\",\"@id\":\"https:\\\/\\\/condomett.it\\\/controlli-non-distruttivi\\\/repliche-metallografiche\\\/#breadcrumb\",\"itemListElement\":[{\"@type\":\"ListItem\",\"position\":1,\"name\":\"Home\",\"item\":\"https:\\\/\\\/condomett.it\\\/de\\\/\"},{\"@type\":\"ListItem\",\"position\":2,\"name\":\"Zerst\u00f6rungsfreie pr\u00fcfungen\",\"item\":\"https:\\\/\\\/condomett.it\\\/controlli-non-distruttivi\\\/\"},{\"@type\":\"ListItem\",\"position\":3,\"name\":\"Metallographische replica-technik\"}]},{\"@type\":\"WebSite\",\"@id\":\"https:\\\/\\\/condomett.it\\\/de\\\/#website\",\"url\":\"https:\\\/\\\/condomett.it\\\/de\\\/\",\"name\":\"Condomett\",\"description\":\"Condomett Fidenza (dal 1953 \u2013 Parma): controlli non distruttivi, trattamenti termici, officina meccanica, verifiche periodiche ed ispezioni aeree con drone\",\"potentialAction\":[{\"@type\":\"SearchAction\",\"target\":{\"@type\":\"EntryPoint\",\"urlTemplate\":\"https:\\\/\\\/condomett.it\\\/de\\\/?s={search_term_string}\"},\"query-input\":{\"@type\":\"PropertyValueSpecification\",\"valueRequired\":true,\"valueName\":\"search_term_string\"}}],\"inLanguage\":\"de\"}]}<\/script>\n<!-- \/ Yoast SEO plugin. -->","yoast_head_json":{"title":"Metallographische replica-technik - Condomett","robots":{"index":"index","follow":"follow","max-snippet":"max-snippet:-1","max-image-preview":"max-image-preview:large","max-video-preview":"max-video-preview:-1"},"canonical":"https:\/\/condomett.it\/controlli-non-distruttivi\/repliche-metallografiche\/","og_locale":"de_DE","og_type":"article","og_title":"Metallographische replica-technik - Condomett","og_description":"Mit dieser Art der zerst\u00f6rungsfreien Pr\u00fcfung kann die innere Struktur eines Materials beobachtet werden. Bei der Kontrolle k\u00f6nnen Ph\u00e4nomene der Besch\u00e4digung oder mikrostrukturellen Alterung erfasst und die Art von Materialerm\u00fcdung, Korrosion usw. interpretiert werden. Die Untersuchung kann verschiedenen Zwecken dienen: Materialannahme, Ermittlung von mikrostrukturellen Sch\u00e4den durch \u00dcberhitzung oder Br\u00e4nde, Beurteilung von Alterungsph\u00e4nomenen w\u00e4hrend des Betriebs... READ MORE","og_url":"https:\/\/condomett.it\/controlli-non-distruttivi\/repliche-metallografiche\/","og_site_name":"Condomett","article_modified_time":"2017-10-10T10:13:50+00:00","og_image":[{"width":753,"height":486,"url":"https:\/\/condomett.it\/wp-content\/uploads\/2017\/07\/repliche.jpg","type":"image\/jpeg"}],"twitter_card":"summary_large_image","schema":{"@context":"https:\/\/schema.org","@graph":[{"@type":"WebPage","@id":"https:\/\/condomett.it\/controlli-non-distruttivi\/repliche-metallografiche\/","url":"https:\/\/condomett.it\/controlli-non-distruttivi\/repliche-metallografiche\/","name":"Metallographische replica-technik - Condomett","isPartOf":{"@id":"https:\/\/condomett.it\/de\/#website"},"primaryImageOfPage":{"@id":"https:\/\/condomett.it\/controlli-non-distruttivi\/repliche-metallografiche\/#primaryimage"},"image":{"@id":"https:\/\/condomett.it\/controlli-non-distruttivi\/repliche-metallografiche\/#primaryimage"},"thumbnailUrl":"https:\/\/condomett.it\/wp-content\/uploads\/2017\/07\/repliche.jpg","datePublished":"2017-07-04T12:25:03+00:00","dateModified":"2017-10-10T10:13:50+00:00","breadcrumb":{"@id":"https:\/\/condomett.it\/controlli-non-distruttivi\/repliche-metallografiche\/#breadcrumb"},"inLanguage":"de","potentialAction":[{"@type":"ReadAction","target":["https:\/\/condomett.it\/controlli-non-distruttivi\/repliche-metallografiche\/"]}]},{"@type":"ImageObject","inLanguage":"de","@id":"https:\/\/condomett.it\/controlli-non-distruttivi\/repliche-metallografiche\/#primaryimage","url":"https:\/\/condomett.it\/wp-content\/uploads\/2017\/07\/repliche.jpg","contentUrl":"https:\/\/condomett.it\/wp-content\/uploads\/2017\/07\/repliche.jpg","width":753,"height":486},{"@type":"BreadcrumbList","@id":"https:\/\/condomett.it\/controlli-non-distruttivi\/repliche-metallografiche\/#breadcrumb","itemListElement":[{"@type":"ListItem","position":1,"name":"Home","item":"https:\/\/condomett.it\/de\/"},{"@type":"ListItem","position":2,"name":"Zerst\u00f6rungsfreie pr\u00fcfungen","item":"https:\/\/condomett.it\/controlli-non-distruttivi\/"},{"@type":"ListItem","position":3,"name":"Metallographische replica-technik"}]},{"@type":"WebSite","@id":"https:\/\/condomett.it\/de\/#website","url":"https:\/\/condomett.it\/de\/","name":"Condomett","description":"Condomett Fidenza (dal 1953 \u2013 Parma): controlli non distruttivi, trattamenti termici, officina meccanica, verifiche periodiche ed ispezioni aeree con drone","potentialAction":[{"@type":"SearchAction","target":{"@type":"EntryPoint","urlTemplate":"https:\/\/condomett.it\/de\/?s={search_term_string}"},"query-input":{"@type":"PropertyValueSpecification","valueRequired":true,"valueName":"search_term_string"}}],"inLanguage":"de"}]}},"_links":{"self":[{"href":"https:\/\/condomett.it\/de\/wp-json\/wp\/v2\/pages\/2944","targetHints":{"allow":["GET"]}}],"collection":[{"href":"https:\/\/condomett.it\/de\/wp-json\/wp\/v2\/pages"}],"about":[{"href":"https:\/\/condomett.it\/de\/wp-json\/wp\/v2\/types\/page"}],"author":[{"embeddable":true,"href":"https:\/\/condomett.it\/de\/wp-json\/wp\/v2\/users\/3"}],"replies":[{"embeddable":true,"href":"https:\/\/condomett.it\/de\/wp-json\/wp\/v2\/comments?post=2944"}],"version-history":[{"count":1,"href":"https:\/\/condomett.it\/de\/wp-json\/wp\/v2\/pages\/2944\/revisions"}],"predecessor-version":[{"id":2946,"href":"https:\/\/condomett.it\/de\/wp-json\/wp\/v2\/pages\/2944\/revisions\/2946"}],"up":[{"embeddable":true,"href":"https:\/\/condomett.it\/de\/wp-json\/wp\/v2\/pages\/2914"}],"wp:featuredmedia":[{"embeddable":true,"href":"https:\/\/condomett.it\/de\/wp-json\/wp\/v2\/media\/2945"}],"wp:attachment":[{"href":"https:\/\/condomett.it\/de\/wp-json\/wp\/v2\/media?parent=2944"}],"curies":[{"name":"wp","href":"https:\/\/api.w.org\/{rel}","templated":true}]}}