{"id":2939,"date":"2017-07-18T14:28:29","date_gmt":"2017-07-18T12:28:29","guid":{"rendered":"https:\/\/condomett.it\/zerstoerungsfreie-pruefungen\/onde-guidate\/"},"modified":"2017-10-10T12:05:42","modified_gmt":"2017-10-10T10:05:42","slug":"guided-waves-pruefung","status":"publish","type":"page","link":"https:\/\/condomett.it\/de\/zerstoerungsfreie-pruefungen\/guided-waves-pruefung\/","title":{"rendered":"Guided waves pr\u00fcfung (GW)"},"content":{"rendered":"<style type=\"text\/css\">.easingslider-2327 { width: 100%; }.easingslider-2327 .easingslider-image { max-height: 400px; max-width: 640px; }.easingslider-2327 .easingslider-fade-in, .easingslider-fade-out { -webkit-animation-duration: 400ms; -moz-animation-duration: 400ms; animation-duration: 400ms; }<\/style><script type=\"text\/javascript\">window.EasingSlider2327 = {\"width\":640,\"height\":400,\"singleItem\":true,\"items\":1,\"itemsDesktop\":false,\"itemsDesktopSmall\":false,\"itemsTablet\":false,\"itemsTabletSmall\":false,\"itemsMobile\":false,\"responsive\":true,\"lazyLoad\":true,\"autoPlay\":4000,\"slideSpeed\":400,\"navigation\":true,\"navigationText\":[\"\",\"\"],\"pagination\":false,\"autoHeight\":false,\"mouseDrag\":false,\"touchDrag\":false,\"addClassActive\":true,\"transitionStyle\":\"fade\"};<\/script><div data-id=\"2327\" class=\"easingslider easingslider-2327 easingslider-container easingslider-full-width easingslider-resizing-enabled easingslider-aspect-ratio easingslider-arrows-inside\"><div class=\"easingslider-slide\"><a href=\"https:\/\/condomett.it\/wp-content\/uploads\/2017\/09\/Onde-Guidate1-e1508247947226-640x400.jpg\"><img decoding=\"async\" src=\"https:\/\/condomett.it\/wp-content\/plugins\/easing-slider\/assets\/images\/placeholder-pixel.png\" data-src=\"https:\/\/condomett.it\/wp-content\/uploads\/2017\/09\/Onde-Guidate1-e1508247947226-640x400.jpg\" alt=\"\" title=\"\" class=\"easingslider-image easingslider-lazy\" \/><\/a><\/div><div class=\"easingslider-slide\"><a href=\"https:\/\/condomett.it\/wp-content\/uploads\/2017\/09\/Onde-guidate2-e1508247906450-640x400.jpg\"><img decoding=\"async\" src=\"https:\/\/condomett.it\/wp-content\/plugins\/easing-slider\/assets\/images\/placeholder-pixel.png\" data-src=\"https:\/\/condomett.it\/wp-content\/uploads\/2017\/09\/Onde-guidate2-e1508247906450-640x400.jpg\" alt=\"\" title=\"\" class=\"easingslider-image easingslider-lazy\" \/><\/a><\/div><div class=\"easingslider-slide\"><a href=\"https:\/\/condomett.it\/wp-content\/uploads\/2017\/09\/onde-guidate-1-e1505552252979-640x400.jpg\"><img decoding=\"async\" src=\"https:\/\/condomett.it\/wp-content\/plugins\/easing-slider\/assets\/images\/placeholder-pixel.png\" data-src=\"https:\/\/condomett.it\/wp-content\/uploads\/2017\/09\/onde-guidate-1-e1505552252979-640x400.jpg\" alt=\"\" title=\"\" class=\"easingslider-image easingslider-lazy\" \/><\/a><\/div><div class=\"easingslider-slide\"><a href=\"https:\/\/condomett.it\/wp-content\/uploads\/2018\/07\/DSC000201-Copia-4-Copia-640x400.jpg\"><img decoding=\"async\" src=\"https:\/\/condomett.it\/wp-content\/plugins\/easing-slider\/assets\/images\/placeholder-pixel.png\" data-src=\"https:\/\/condomett.it\/wp-content\/uploads\/2018\/07\/DSC000201-Copia-4-Copia-640x400.jpg\" alt=\"\" title=\"\" class=\"easingslider-image easingslider-lazy\" \/><\/a><\/div><div class=\"easingslider-slide\"><a href=\"https:\/\/condomett.it\/wp-content\/uploads\/2018\/07\/20171026_091239-Copia-640x400.jpg\"><img decoding=\"async\" src=\"https:\/\/condomett.it\/wp-content\/plugins\/easing-slider\/assets\/images\/placeholder-pixel.png\" data-src=\"https:\/\/condomett.it\/wp-content\/uploads\/2018\/07\/20171026_091239-Copia-640x400.jpg\" alt=\"\" title=\"\" class=\"easingslider-image easingslider-lazy\" \/><\/a><\/div><\/div>\n<hr \/>\n<p>Die Guided Waves Pr\u00fcfung, auch als Long Range Guided Waves bekannt, besteht darin, Wellen zu erzeugen und in die zu pr\u00fcfende Struktur zu leiten, so dass sie sich in den geometrischen Grenzen der Struktur ausbreiten. Bei ihrer Ausbreitung interagieren die Wellen mit eventuellen geometrischen Unregelm\u00e4\u00dfigkeiten und erzeugen reflektierte Wellen, die vom gleichen System, das sie erzeugt hat, erfasst werden.<\/p>\n<p>Die Technik der Guided Waves Pr\u00fcfung weist zahlreiche Vorteile auf, zum Beispiel:<\/p>\n<ul>\n<li>Geringere Kosten f\u00fcr den Zugang zu schwer erreichbaren Rohrleitungen<\/li>\n<li>M\u00f6glichkeit zur Inspektion von entfernten Bereichen auf Distanz, die nicht oder nur schwer erreichbar sind (Stra\u00dfen- oder Bahn\u00fcberquerungen, Br\u00fccken)<\/li>\n<li>Liefert schnell Informationen \u00fcber den Zustand eines relativ langen Abschnitts mit nur einer Zugangsstelle<\/li>\n<li>Verringert die Kosten f\u00fcr Inspektionen mit konventionellen zerst\u00f6rungsfreien Techniken, denn sie gibt genau die kritischen Stellen der zu pr\u00fcfenden Struktur an<\/li>\n<li>M\u00f6glichkeit zur langfristigen \u00dcberwachung von in Betrieb befindlichen Anlagen, so dass Kosten durch lange Stillstandszeiten wegen Wartungsarbeiten verringert werden<\/li>\n<li>Kann Rohrleitungen mit Betriebstemperaturen von -196 C\u00b0 bis +300 C\u00b0 inspizieren Mit unseren Signalgeberringen k\u00f6nnen wir Leitungen von 2\u201d bis zu einem Durchmesser von 48\u201d inspizieren\n<\/li>\n<\/ul>\n<p>Mit unseren Signalgeberringen k\u00f6nnen wir Leitungen von 2\u201d bis zu einem Durchmesser von 48\u201d inspizieren.<\/p>\n","protected":false},"excerpt":{"rendered":"<p>Die Guided Waves Pr\u00fcfung, auch als Long Range Guided Waves bekannt, besteht darin, Wellen zu erzeugen und in die zu pr\u00fcfende Struktur zu leiten, so dass sie sich in den geometrischen Grenzen der Struktur ausbreiten. Bei ihrer Ausbreitung interagieren die Wellen mit eventuellen geometrischen Unregelm\u00e4\u00dfigkeiten und erzeugen reflektierte Wellen, die vom gleichen System, das sie&#8230; <a class=\"read-more\" href=\"https:\/\/condomett.it\/de\/zerstoerungsfreie-pruefungen\/guided-waves-pruefung\/\"> READ MORE<\/a><\/p>\n","protected":false},"author":3,"featured_media":3176,"parent":2914,"menu_order":12,"comment_status":"closed","ping_status":"closed","template":"","meta":{"footnotes":""},"class_list":["post-2939","page","type-page","status-publish","has-post-thumbnail","hentry"],"yoast_head":"<!-- This site is optimized with the Yoast SEO plugin v27.4 - https:\/\/yoast.com\/product\/yoast-seo-wordpress\/ -->\n<title>Guided waves pr\u00fcfung (GW) - Condomett<\/title>\n<meta name=\"robots\" content=\"index, follow, max-snippet:-1, max-image-preview:large, max-video-preview:-1\" \/>\n<link rel=\"canonical\" href=\"https:\/\/condomett.it\/controlli-non-distruttivi\/onde-guidate\/\" \/>\n<meta property=\"og:locale\" content=\"de_DE\" \/>\n<meta property=\"og:type\" content=\"article\" \/>\n<meta property=\"og:title\" content=\"Guided waves pr\u00fcfung (GW) - Condomett\" \/>\n<meta property=\"og:description\" content=\"Die Guided Waves Pr\u00fcfung, auch als Long Range Guided Waves bekannt, besteht darin, Wellen zu erzeugen und in die zu pr\u00fcfende Struktur zu leiten, so dass sie sich in den geometrischen Grenzen der Struktur ausbreiten. Bei ihrer Ausbreitung interagieren die Wellen mit eventuellen geometrischen Unregelm\u00e4\u00dfigkeiten und erzeugen reflektierte Wellen, die vom gleichen System, das sie... READ MORE\" \/>\n<meta property=\"og:url\" content=\"https:\/\/condomett.it\/controlli-non-distruttivi\/onde-guidate\/\" \/>\n<meta property=\"og:site_name\" content=\"Condomett\" \/>\n<meta property=\"article:modified_time\" content=\"2017-10-10T10:05:42+00:00\" \/>\n<meta property=\"og:image\" content=\"https:\/\/condomett.it\/wp-content\/uploads\/2018\/07\/DSC000201-Copia-4-Copia.jpg\" \/>\n\t<meta property=\"og:image:width\" content=\"600\" \/>\n\t<meta property=\"og:image:height\" content=\"400\" \/>\n\t<meta property=\"og:image:type\" content=\"image\/jpeg\" \/>\n<meta name=\"twitter:card\" content=\"summary_large_image\" \/>\n<meta name=\"twitter:label1\" content=\"Gesch\u00e4tzte Lesezeit\" \/>\n\t<meta name=\"twitter:data1\" content=\"1\u00a0Minute\" \/>\n<script type=\"application\/ld+json\" class=\"yoast-schema-graph\">{\"@context\":\"https:\\\/\\\/schema.org\",\"@graph\":[{\"@type\":\"WebPage\",\"@id\":\"https:\\\/\\\/condomett.it\\\/controlli-non-distruttivi\\\/onde-guidate\\\/\",\"url\":\"https:\\\/\\\/condomett.it\\\/controlli-non-distruttivi\\\/onde-guidate\\\/\",\"name\":\"Guided waves pr\u00fcfung (GW) - Condomett\",\"isPartOf\":{\"@id\":\"https:\\\/\\\/condomett.it\\\/de\\\/#website\"},\"primaryImageOfPage\":{\"@id\":\"https:\\\/\\\/condomett.it\\\/controlli-non-distruttivi\\\/onde-guidate\\\/#primaryimage\"},\"image\":{\"@id\":\"https:\\\/\\\/condomett.it\\\/controlli-non-distruttivi\\\/onde-guidate\\\/#primaryimage\"},\"thumbnailUrl\":\"https:\\\/\\\/condomett.it\\\/wp-content\\\/uploads\\\/2018\\\/07\\\/DSC000201-Copia-4-Copia.jpg\",\"datePublished\":\"2017-07-18T12:28:29+00:00\",\"dateModified\":\"2017-10-10T10:05:42+00:00\",\"breadcrumb\":{\"@id\":\"https:\\\/\\\/condomett.it\\\/controlli-non-distruttivi\\\/onde-guidate\\\/#breadcrumb\"},\"inLanguage\":\"de\",\"potentialAction\":[{\"@type\":\"ReadAction\",\"target\":[\"https:\\\/\\\/condomett.it\\\/controlli-non-distruttivi\\\/onde-guidate\\\/\"]}]},{\"@type\":\"ImageObject\",\"inLanguage\":\"de\",\"@id\":\"https:\\\/\\\/condomett.it\\\/controlli-non-distruttivi\\\/onde-guidate\\\/#primaryimage\",\"url\":\"https:\\\/\\\/condomett.it\\\/wp-content\\\/uploads\\\/2018\\\/07\\\/DSC000201-Copia-4-Copia.jpg\",\"contentUrl\":\"https:\\\/\\\/condomett.it\\\/wp-content\\\/uploads\\\/2018\\\/07\\\/DSC000201-Copia-4-Copia.jpg\",\"width\":600,\"height\":400},{\"@type\":\"BreadcrumbList\",\"@id\":\"https:\\\/\\\/condomett.it\\\/controlli-non-distruttivi\\\/onde-guidate\\\/#breadcrumb\",\"itemListElement\":[{\"@type\":\"ListItem\",\"position\":1,\"name\":\"Home\",\"item\":\"https:\\\/\\\/condomett.it\\\/de\\\/\"},{\"@type\":\"ListItem\",\"position\":2,\"name\":\"Zerst\u00f6rungsfreie pr\u00fcfungen\",\"item\":\"https:\\\/\\\/condomett.it\\\/controlli-non-distruttivi\\\/\"},{\"@type\":\"ListItem\",\"position\":3,\"name\":\"Guided waves pr\u00fcfung (GW)\"}]},{\"@type\":\"WebSite\",\"@id\":\"https:\\\/\\\/condomett.it\\\/de\\\/#website\",\"url\":\"https:\\\/\\\/condomett.it\\\/de\\\/\",\"name\":\"Condomett\",\"description\":\"Condomett Fidenza (dal 1953 \u2013 Parma): controlli non distruttivi, trattamenti termici, officina meccanica, verifiche periodiche ed ispezioni aeree con drone\",\"potentialAction\":[{\"@type\":\"SearchAction\",\"target\":{\"@type\":\"EntryPoint\",\"urlTemplate\":\"https:\\\/\\\/condomett.it\\\/de\\\/?s={search_term_string}\"},\"query-input\":{\"@type\":\"PropertyValueSpecification\",\"valueRequired\":true,\"valueName\":\"search_term_string\"}}],\"inLanguage\":\"de\"}]}<\/script>\n<!-- \/ Yoast SEO plugin. -->","yoast_head_json":{"title":"Guided waves pr\u00fcfung (GW) - Condomett","robots":{"index":"index","follow":"follow","max-snippet":"max-snippet:-1","max-image-preview":"max-image-preview:large","max-video-preview":"max-video-preview:-1"},"canonical":"https:\/\/condomett.it\/controlli-non-distruttivi\/onde-guidate\/","og_locale":"de_DE","og_type":"article","og_title":"Guided waves pr\u00fcfung (GW) - Condomett","og_description":"Die Guided Waves Pr\u00fcfung, auch als Long Range Guided Waves bekannt, besteht darin, Wellen zu erzeugen und in die zu pr\u00fcfende Struktur zu leiten, so dass sie sich in den geometrischen Grenzen der Struktur ausbreiten. Bei ihrer Ausbreitung interagieren die Wellen mit eventuellen geometrischen Unregelm\u00e4\u00dfigkeiten und erzeugen reflektierte Wellen, die vom gleichen System, das sie... READ MORE","og_url":"https:\/\/condomett.it\/controlli-non-distruttivi\/onde-guidate\/","og_site_name":"Condomett","article_modified_time":"2017-10-10T10:05:42+00:00","og_image":[{"width":600,"height":400,"url":"https:\/\/condomett.it\/wp-content\/uploads\/2018\/07\/DSC000201-Copia-4-Copia.jpg","type":"image\/jpeg"}],"twitter_card":"summary_large_image","twitter_misc":{"Gesch\u00e4tzte Lesezeit":"1\u00a0Minute"},"schema":{"@context":"https:\/\/schema.org","@graph":[{"@type":"WebPage","@id":"https:\/\/condomett.it\/controlli-non-distruttivi\/onde-guidate\/","url":"https:\/\/condomett.it\/controlli-non-distruttivi\/onde-guidate\/","name":"Guided waves pr\u00fcfung (GW) - Condomett","isPartOf":{"@id":"https:\/\/condomett.it\/de\/#website"},"primaryImageOfPage":{"@id":"https:\/\/condomett.it\/controlli-non-distruttivi\/onde-guidate\/#primaryimage"},"image":{"@id":"https:\/\/condomett.it\/controlli-non-distruttivi\/onde-guidate\/#primaryimage"},"thumbnailUrl":"https:\/\/condomett.it\/wp-content\/uploads\/2018\/07\/DSC000201-Copia-4-Copia.jpg","datePublished":"2017-07-18T12:28:29+00:00","dateModified":"2017-10-10T10:05:42+00:00","breadcrumb":{"@id":"https:\/\/condomett.it\/controlli-non-distruttivi\/onde-guidate\/#breadcrumb"},"inLanguage":"de","potentialAction":[{"@type":"ReadAction","target":["https:\/\/condomett.it\/controlli-non-distruttivi\/onde-guidate\/"]}]},{"@type":"ImageObject","inLanguage":"de","@id":"https:\/\/condomett.it\/controlli-non-distruttivi\/onde-guidate\/#primaryimage","url":"https:\/\/condomett.it\/wp-content\/uploads\/2018\/07\/DSC000201-Copia-4-Copia.jpg","contentUrl":"https:\/\/condomett.it\/wp-content\/uploads\/2018\/07\/DSC000201-Copia-4-Copia.jpg","width":600,"height":400},{"@type":"BreadcrumbList","@id":"https:\/\/condomett.it\/controlli-non-distruttivi\/onde-guidate\/#breadcrumb","itemListElement":[{"@type":"ListItem","position":1,"name":"Home","item":"https:\/\/condomett.it\/de\/"},{"@type":"ListItem","position":2,"name":"Zerst\u00f6rungsfreie pr\u00fcfungen","item":"https:\/\/condomett.it\/controlli-non-distruttivi\/"},{"@type":"ListItem","position":3,"name":"Guided waves pr\u00fcfung (GW)"}]},{"@type":"WebSite","@id":"https:\/\/condomett.it\/de\/#website","url":"https:\/\/condomett.it\/de\/","name":"Condomett","description":"Condomett Fidenza (dal 1953 \u2013 Parma): controlli non distruttivi, trattamenti termici, officina meccanica, verifiche periodiche ed ispezioni aeree con drone","potentialAction":[{"@type":"SearchAction","target":{"@type":"EntryPoint","urlTemplate":"https:\/\/condomett.it\/de\/?s={search_term_string}"},"query-input":{"@type":"PropertyValueSpecification","valueRequired":true,"valueName":"search_term_string"}}],"inLanguage":"de"}]}},"_links":{"self":[{"href":"https:\/\/condomett.it\/de\/wp-json\/wp\/v2\/pages\/2939","targetHints":{"allow":["GET"]}}],"collection":[{"href":"https:\/\/condomett.it\/de\/wp-json\/wp\/v2\/pages"}],"about":[{"href":"https:\/\/condomett.it\/de\/wp-json\/wp\/v2\/types\/page"}],"author":[{"embeddable":true,"href":"https:\/\/condomett.it\/de\/wp-json\/wp\/v2\/users\/3"}],"replies":[{"embeddable":true,"href":"https:\/\/condomett.it\/de\/wp-json\/wp\/v2\/comments?post=2939"}],"version-history":[{"count":2,"href":"https:\/\/condomett.it\/de\/wp-json\/wp\/v2\/pages\/2939\/revisions"}],"predecessor-version":[{"id":2943,"href":"https:\/\/condomett.it\/de\/wp-json\/wp\/v2\/pages\/2939\/revisions\/2943"}],"up":[{"embeddable":true,"href":"https:\/\/condomett.it\/de\/wp-json\/wp\/v2\/pages\/2914"}],"wp:featuredmedia":[{"embeddable":true,"href":"https:\/\/condomett.it\/de\/wp-json\/wp\/v2\/media\/3176"}],"wp:attachment":[{"href":"https:\/\/condomett.it\/de\/wp-json\/wp\/v2\/media?parent=2939"}],"curies":[{"name":"wp","href":"https:\/\/api.w.org\/{rel}","templated":true}]}}