{"id":2935,"date":"2017-07-04T14:43:06","date_gmt":"2017-07-04T12:43:06","guid":{"rendered":"https:\/\/condomett.it\/zerstoerungsfreie-pruefungen\/magnetoscopia\/"},"modified":"2017-10-10T11:50:12","modified_gmt":"2017-10-10T09:50:12","slug":"magnetpulverpruefung","status":"publish","type":"page","link":"https:\/\/condomett.it\/de\/zerstoerungsfreie-pruefungen\/magnetpulverpruefung\/","title":{"rendered":"Magnetpulverpr\u00fcfung (MT)"},"content":{"rendered":"<style type=\"text\/css\">.easingslider-2283 { width: 100%; }.easingslider-2283 .easingslider-image { max-height: 400px; max-width: 640px; }.easingslider-2283 .easingslider-fade-in, .easingslider-fade-out { -webkit-animation-duration: 400ms; -moz-animation-duration: 400ms; animation-duration: 400ms; }<\/style><script type=\"text\/javascript\">window.EasingSlider2283 = {\"width\":640,\"height\":400,\"singleItem\":true,\"items\":1,\"itemsDesktop\":false,\"itemsDesktopSmall\":false,\"itemsTablet\":false,\"itemsTabletSmall\":false,\"itemsMobile\":false,\"responsive\":true,\"lazyLoad\":true,\"autoPlay\":4000,\"slideSpeed\":400,\"navigation\":true,\"navigationText\":[\"\",\"\"],\"pagination\":false,\"autoHeight\":false,\"mouseDrag\":false,\"touchDrag\":false,\"addClassActive\":true,\"transitionStyle\":\"fade\"};<\/script><div data-id=\"2283\" class=\"easingslider easingslider-2283 easingslider-container easingslider-full-width easingslider-resizing-enabled easingslider-aspect-ratio easingslider-arrows-inside\"><div class=\"easingslider-slide\"><a href=\"https:\/\/condomett.it\/wp-content\/uploads\/2017\/09\/fluo-640x400.jpg\"><img decoding=\"async\" src=\"https:\/\/condomett.it\/wp-content\/plugins\/easing-slider\/assets\/images\/placeholder-pixel.png\" data-src=\"https:\/\/condomett.it\/wp-content\/uploads\/2017\/09\/fluo-640x400.jpg\" alt=\"\" title=\"\" class=\"easingslider-image easingslider-lazy\" \/><\/a><\/div><div class=\"easingslider-slide\"><a href=\"https:\/\/condomett.it\/wp-content\/uploads\/2017\/09\/IMG_1350-640x400.jpg\"><img decoding=\"async\" src=\"https:\/\/condomett.it\/wp-content\/plugins\/easing-slider\/assets\/images\/placeholder-pixel.png\" data-src=\"https:\/\/condomett.it\/wp-content\/uploads\/2017\/09\/IMG_1350-640x400.jpg\" alt=\"\" title=\"\" class=\"easingslider-image easingslider-lazy\" \/><\/a><\/div><div class=\"easingslider-slide\"><a href=\"https:\/\/condomett.it\/wp-content\/uploads\/2017\/09\/IMG_1309-640x400.jpg\"><img decoding=\"async\" src=\"https:\/\/condomett.it\/wp-content\/plugins\/easing-slider\/assets\/images\/placeholder-pixel.png\" data-src=\"https:\/\/condomett.it\/wp-content\/uploads\/2017\/09\/IMG_1309-640x400.jpg\" alt=\"\" title=\"\" class=\"easingslider-image easingslider-lazy\" \/><\/a><\/div><div class=\"easingslider-slide\"><a href=\"https:\/\/condomett.it\/wp-content\/uploads\/2017\/07\/IMG_2493-640x400.jpg\"><img decoding=\"async\" src=\"https:\/\/condomett.it\/wp-content\/plugins\/easing-slider\/assets\/images\/placeholder-pixel.png\" data-src=\"https:\/\/condomett.it\/wp-content\/uploads\/2017\/07\/IMG_2493-640x400.jpg\" alt=\"\" title=\"\" class=\"easingslider-image easingslider-lazy\" \/><\/a><\/div><div class=\"easingslider-slide\"><a href=\"https:\/\/condomett.it\/wp-content\/uploads\/2017\/09\/IMG_1360-640x400.jpg\"><img decoding=\"async\" src=\"https:\/\/condomett.it\/wp-content\/plugins\/easing-slider\/assets\/images\/placeholder-pixel.png\" data-src=\"https:\/\/condomett.it\/wp-content\/uploads\/2017\/09\/IMG_1360-640x400.jpg\" alt=\"\" title=\"\" class=\"easingslider-image easingslider-lazy\" \/><\/a><\/div><div class=\"easingslider-slide\"><a href=\"https:\/\/condomett.it\/wp-content\/uploads\/2017\/09\/magnetoscopia-640x400.jpg\"><img decoding=\"async\" src=\"https:\/\/condomett.it\/wp-content\/plugins\/easing-slider\/assets\/images\/placeholder-pixel.png\" data-src=\"https:\/\/condomett.it\/wp-content\/uploads\/2017\/09\/magnetoscopia-640x400.jpg\" alt=\"\" title=\"\" class=\"easingslider-image easingslider-lazy\" \/><\/a><\/div><\/div>\n<hr \/>\n<p>Die Magnetpulverpr\u00fcfung ist eine Art der zerst\u00f6rungsfreien Pr\u00fcfung, die f\u00fcr die Suche nach Rissen in oder nahe der Oberfl\u00e4che von ferromagnetischen Werkstoffen verwendet wird.<\/p>\n<p>Die Magnetpartikel k\u00f6nnen fluoreszierend pigmentiert sein (d.h. in einem verdunkelten Raum mit UV-Lampe sichtbar) oder im Farbkontrast stehen (also bei wei\u00dfem Umgebungslicht sichtbar).<\/p>\n<p>Wenn das Objekt magnetisiert ist, zeigt sich an der indizierten Stelle eine Abweichung der Magnetkraftlinien nach au\u00dfen und es bildet sich ein Streufluss. Um den Mangel sichtbar zu machen, bespr\u00fcht man die Fl\u00e4chen mit geeigneten Pr\u00fcfmitteln aus farbigem oder fluoreszierendem ferromagnetischem Pulver. Die Ansammlung dieses Pulvers erm\u00f6glicht die Feststellung eventueller Fehlstellen.<\/p>\n","protected":false},"excerpt":{"rendered":"<p>Die Magnetpulverpr\u00fcfung ist eine Art der zerst\u00f6rungsfreien Pr\u00fcfung, die f\u00fcr die Suche nach Rissen in oder nahe der Oberfl\u00e4che von ferromagnetischen Werkstoffen verwendet wird. Die Magnetpartikel k\u00f6nnen fluoreszierend pigmentiert sein (d.h. in einem verdunkelten Raum mit UV-Lampe sichtbar) oder im Farbkontrast stehen (also bei wei\u00dfem Umgebungslicht sichtbar). Wenn das Objekt magnetisiert ist, zeigt sich an&#8230; <a class=\"read-more\" href=\"https:\/\/condomett.it\/de\/zerstoerungsfreie-pruefungen\/magnetpulverpruefung\/\"> READ MORE<\/a><\/p>\n","protected":false},"author":3,"featured_media":2937,"parent":2914,"menu_order":3,"comment_status":"closed","ping_status":"closed","template":"","meta":{"footnotes":""},"class_list":["post-2935","page","type-page","status-publish","has-post-thumbnail","hentry"],"yoast_head":"<!-- This site is optimized with the Yoast SEO plugin v27.4 - https:\/\/yoast.com\/product\/yoast-seo-wordpress\/ -->\n<title>Magnetpulverpr\u00fcfung (MT) - Condomett<\/title>\n<meta name=\"robots\" content=\"index, follow, max-snippet:-1, max-image-preview:large, max-video-preview:-1\" \/>\n<link rel=\"canonical\" href=\"https:\/\/condomett.it\/controlli-non-distruttivi\/magnetoscopia\/\" \/>\n<meta property=\"og:locale\" content=\"de_DE\" \/>\n<meta property=\"og:type\" content=\"article\" \/>\n<meta property=\"og:title\" content=\"Magnetpulverpr\u00fcfung (MT) - Condomett\" \/>\n<meta property=\"og:description\" content=\"Die Magnetpulverpr\u00fcfung ist eine Art der zerst\u00f6rungsfreien Pr\u00fcfung, die f\u00fcr die Suche nach Rissen in oder nahe der Oberfl\u00e4che von ferromagnetischen Werkstoffen verwendet wird. Die Magnetpartikel k\u00f6nnen fluoreszierend pigmentiert sein (d.h. in einem verdunkelten Raum mit UV-Lampe sichtbar) oder im Farbkontrast stehen (also bei wei\u00dfem Umgebungslicht sichtbar). Wenn das Objekt magnetisiert ist, zeigt sich an... READ MORE\" \/>\n<meta property=\"og:url\" content=\"https:\/\/condomett.it\/controlli-non-distruttivi\/magnetoscopia\/\" \/>\n<meta property=\"og:site_name\" content=\"Condomett\" \/>\n<meta property=\"article:modified_time\" content=\"2017-10-10T09:50:12+00:00\" \/>\n<meta property=\"og:image\" content=\"https:\/\/condomett.it\/wp-content\/uploads\/2017\/07\/Magnetoscopia_1.jpg\" \/>\n\t<meta property=\"og:image:width\" content=\"1680\" \/>\n\t<meta property=\"og:image:height\" content=\"350\" \/>\n\t<meta property=\"og:image:type\" content=\"image\/jpeg\" \/>\n<meta name=\"twitter:card\" content=\"summary_large_image\" \/>\n<meta name=\"twitter:label1\" content=\"Gesch\u00e4tzte Lesezeit\" \/>\n\t<meta name=\"twitter:data1\" content=\"1\u00a0Minute\" \/>\n<script type=\"application\/ld+json\" class=\"yoast-schema-graph\">{\"@context\":\"https:\\\/\\\/schema.org\",\"@graph\":[{\"@type\":\"WebPage\",\"@id\":\"https:\\\/\\\/condomett.it\\\/controlli-non-distruttivi\\\/magnetoscopia\\\/\",\"url\":\"https:\\\/\\\/condomett.it\\\/controlli-non-distruttivi\\\/magnetoscopia\\\/\",\"name\":\"Magnetpulverpr\u00fcfung (MT) - Condomett\",\"isPartOf\":{\"@id\":\"https:\\\/\\\/condomett.it\\\/de\\\/#website\"},\"primaryImageOfPage\":{\"@id\":\"https:\\\/\\\/condomett.it\\\/controlli-non-distruttivi\\\/magnetoscopia\\\/#primaryimage\"},\"image\":{\"@id\":\"https:\\\/\\\/condomett.it\\\/controlli-non-distruttivi\\\/magnetoscopia\\\/#primaryimage\"},\"thumbnailUrl\":\"https:\\\/\\\/condomett.it\\\/wp-content\\\/uploads\\\/2017\\\/07\\\/Magnetoscopia_1.jpg\",\"datePublished\":\"2017-07-04T12:43:06+00:00\",\"dateModified\":\"2017-10-10T09:50:12+00:00\",\"breadcrumb\":{\"@id\":\"https:\\\/\\\/condomett.it\\\/controlli-non-distruttivi\\\/magnetoscopia\\\/#breadcrumb\"},\"inLanguage\":\"de\",\"potentialAction\":[{\"@type\":\"ReadAction\",\"target\":[\"https:\\\/\\\/condomett.it\\\/controlli-non-distruttivi\\\/magnetoscopia\\\/\"]}]},{\"@type\":\"ImageObject\",\"inLanguage\":\"de\",\"@id\":\"https:\\\/\\\/condomett.it\\\/controlli-non-distruttivi\\\/magnetoscopia\\\/#primaryimage\",\"url\":\"https:\\\/\\\/condomett.it\\\/wp-content\\\/uploads\\\/2017\\\/07\\\/Magnetoscopia_1.jpg\",\"contentUrl\":\"https:\\\/\\\/condomett.it\\\/wp-content\\\/uploads\\\/2017\\\/07\\\/Magnetoscopia_1.jpg\",\"width\":1680,\"height\":350},{\"@type\":\"BreadcrumbList\",\"@id\":\"https:\\\/\\\/condomett.it\\\/controlli-non-distruttivi\\\/magnetoscopia\\\/#breadcrumb\",\"itemListElement\":[{\"@type\":\"ListItem\",\"position\":1,\"name\":\"Home\",\"item\":\"https:\\\/\\\/condomett.it\\\/de\\\/\"},{\"@type\":\"ListItem\",\"position\":2,\"name\":\"Zerst\u00f6rungsfreie pr\u00fcfungen\",\"item\":\"https:\\\/\\\/condomett.it\\\/controlli-non-distruttivi\\\/\"},{\"@type\":\"ListItem\",\"position\":3,\"name\":\"Magnetpulverpr\u00fcfung (MT)\"}]},{\"@type\":\"WebSite\",\"@id\":\"https:\\\/\\\/condomett.it\\\/de\\\/#website\",\"url\":\"https:\\\/\\\/condomett.it\\\/de\\\/\",\"name\":\"Condomett\",\"description\":\"Condomett Fidenza (dal 1953 \u2013 Parma): controlli non distruttivi, trattamenti termici, officina meccanica, verifiche periodiche ed ispezioni aeree con drone\",\"potentialAction\":[{\"@type\":\"SearchAction\",\"target\":{\"@type\":\"EntryPoint\",\"urlTemplate\":\"https:\\\/\\\/condomett.it\\\/de\\\/?s={search_term_string}\"},\"query-input\":{\"@type\":\"PropertyValueSpecification\",\"valueRequired\":true,\"valueName\":\"search_term_string\"}}],\"inLanguage\":\"de\"}]}<\/script>\n<!-- \/ Yoast SEO plugin. -->","yoast_head_json":{"title":"Magnetpulverpr\u00fcfung (MT) - Condomett","robots":{"index":"index","follow":"follow","max-snippet":"max-snippet:-1","max-image-preview":"max-image-preview:large","max-video-preview":"max-video-preview:-1"},"canonical":"https:\/\/condomett.it\/controlli-non-distruttivi\/magnetoscopia\/","og_locale":"de_DE","og_type":"article","og_title":"Magnetpulverpr\u00fcfung (MT) - Condomett","og_description":"Die Magnetpulverpr\u00fcfung ist eine Art der zerst\u00f6rungsfreien Pr\u00fcfung, die f\u00fcr die Suche nach Rissen in oder nahe der Oberfl\u00e4che von ferromagnetischen Werkstoffen verwendet wird. Die Magnetpartikel k\u00f6nnen fluoreszierend pigmentiert sein (d.h. in einem verdunkelten Raum mit UV-Lampe sichtbar) oder im Farbkontrast stehen (also bei wei\u00dfem Umgebungslicht sichtbar). Wenn das Objekt magnetisiert ist, zeigt sich an... READ MORE","og_url":"https:\/\/condomett.it\/controlli-non-distruttivi\/magnetoscopia\/","og_site_name":"Condomett","article_modified_time":"2017-10-10T09:50:12+00:00","og_image":[{"width":1680,"height":350,"url":"https:\/\/condomett.it\/wp-content\/uploads\/2017\/07\/Magnetoscopia_1.jpg","type":"image\/jpeg"}],"twitter_card":"summary_large_image","twitter_misc":{"Gesch\u00e4tzte Lesezeit":"1\u00a0Minute"},"schema":{"@context":"https:\/\/schema.org","@graph":[{"@type":"WebPage","@id":"https:\/\/condomett.it\/controlli-non-distruttivi\/magnetoscopia\/","url":"https:\/\/condomett.it\/controlli-non-distruttivi\/magnetoscopia\/","name":"Magnetpulverpr\u00fcfung (MT) - Condomett","isPartOf":{"@id":"https:\/\/condomett.it\/de\/#website"},"primaryImageOfPage":{"@id":"https:\/\/condomett.it\/controlli-non-distruttivi\/magnetoscopia\/#primaryimage"},"image":{"@id":"https:\/\/condomett.it\/controlli-non-distruttivi\/magnetoscopia\/#primaryimage"},"thumbnailUrl":"https:\/\/condomett.it\/wp-content\/uploads\/2017\/07\/Magnetoscopia_1.jpg","datePublished":"2017-07-04T12:43:06+00:00","dateModified":"2017-10-10T09:50:12+00:00","breadcrumb":{"@id":"https:\/\/condomett.it\/controlli-non-distruttivi\/magnetoscopia\/#breadcrumb"},"inLanguage":"de","potentialAction":[{"@type":"ReadAction","target":["https:\/\/condomett.it\/controlli-non-distruttivi\/magnetoscopia\/"]}]},{"@type":"ImageObject","inLanguage":"de","@id":"https:\/\/condomett.it\/controlli-non-distruttivi\/magnetoscopia\/#primaryimage","url":"https:\/\/condomett.it\/wp-content\/uploads\/2017\/07\/Magnetoscopia_1.jpg","contentUrl":"https:\/\/condomett.it\/wp-content\/uploads\/2017\/07\/Magnetoscopia_1.jpg","width":1680,"height":350},{"@type":"BreadcrumbList","@id":"https:\/\/condomett.it\/controlli-non-distruttivi\/magnetoscopia\/#breadcrumb","itemListElement":[{"@type":"ListItem","position":1,"name":"Home","item":"https:\/\/condomett.it\/de\/"},{"@type":"ListItem","position":2,"name":"Zerst\u00f6rungsfreie pr\u00fcfungen","item":"https:\/\/condomett.it\/controlli-non-distruttivi\/"},{"@type":"ListItem","position":3,"name":"Magnetpulverpr\u00fcfung (MT)"}]},{"@type":"WebSite","@id":"https:\/\/condomett.it\/de\/#website","url":"https:\/\/condomett.it\/de\/","name":"Condomett","description":"Condomett Fidenza (dal 1953 \u2013 Parma): controlli non distruttivi, trattamenti termici, officina meccanica, verifiche periodiche ed ispezioni aeree con drone","potentialAction":[{"@type":"SearchAction","target":{"@type":"EntryPoint","urlTemplate":"https:\/\/condomett.it\/de\/?s={search_term_string}"},"query-input":{"@type":"PropertyValueSpecification","valueRequired":true,"valueName":"search_term_string"}}],"inLanguage":"de"}]}},"_links":{"self":[{"href":"https:\/\/condomett.it\/de\/wp-json\/wp\/v2\/pages\/2935","targetHints":{"allow":["GET"]}}],"collection":[{"href":"https:\/\/condomett.it\/de\/wp-json\/wp\/v2\/pages"}],"about":[{"href":"https:\/\/condomett.it\/de\/wp-json\/wp\/v2\/types\/page"}],"author":[{"embeddable":true,"href":"https:\/\/condomett.it\/de\/wp-json\/wp\/v2\/users\/3"}],"replies":[{"embeddable":true,"href":"https:\/\/condomett.it\/de\/wp-json\/wp\/v2\/comments?post=2935"}],"version-history":[{"count":1,"href":"https:\/\/condomett.it\/de\/wp-json\/wp\/v2\/pages\/2935\/revisions"}],"predecessor-version":[{"id":2938,"href":"https:\/\/condomett.it\/de\/wp-json\/wp\/v2\/pages\/2935\/revisions\/2938"}],"up":[{"embeddable":true,"href":"https:\/\/condomett.it\/de\/wp-json\/wp\/v2\/pages\/2914"}],"wp:featuredmedia":[{"embeddable":true,"href":"https:\/\/condomett.it\/de\/wp-json\/wp\/v2\/media\/2937"}],"wp:attachment":[{"href":"https:\/\/condomett.it\/de\/wp-json\/wp\/v2\/media?parent=2935"}],"curies":[{"name":"wp","href":"https:\/\/api.w.org\/{rel}","templated":true}]}}