{"id":2929,"date":"2017-07-04T11:34:46","date_gmt":"2017-07-04T09:34:46","guid":{"rendered":"https:\/\/condomett.it\/zerstoerungsfreie-pruefungen\/liquidi-penetranti\/"},"modified":"2017-10-10T11:47:47","modified_gmt":"2017-10-10T09:47:47","slug":"lindringpruefung","status":"publish","type":"page","link":"https:\/\/condomett.it\/de\/zerstoerungsfreie-pruefungen\/lindringpruefung\/","title":{"rendered":"Lindringpr\u00fcfung (PT)"},"content":{"rendered":"<style type=\"text\/css\">.easingslider-2271 { width: 100%; }.easingslider-2271 .easingslider-image { max-height: 400px; max-width: 640px; }.easingslider-2271 .easingslider-fade-in, .easingslider-fade-out { -webkit-animation-duration: 400ms; -moz-animation-duration: 400ms; animation-duration: 400ms; }<\/style><script type=\"text\/javascript\">window.EasingSlider2271 = {\"width\":640,\"height\":400,\"singleItem\":true,\"items\":1,\"itemsDesktop\":false,\"itemsDesktopSmall\":false,\"itemsTablet\":false,\"itemsTabletSmall\":false,\"itemsMobile\":false,\"responsive\":true,\"lazyLoad\":true,\"autoPlay\":4000,\"slideSpeed\":400,\"navigation\":true,\"navigationText\":[\"\",\"\"],\"pagination\":false,\"autoHeight\":false,\"mouseDrag\":false,\"touchDrag\":false,\"addClassActive\":true,\"transitionStyle\":\"fade\"};<\/script><div data-id=\"2271\" class=\"easingslider easingslider-2271 easingslider-container easingslider-full-width easingslider-resizing-enabled easingslider-aspect-ratio easingslider-arrows-inside\"><div class=\"easingslider-slide\"><a href=\"https:\/\/condomett.it\/wp-content\/uploads\/2017\/07\/liquidi-penetranti-2-640x400.jpg\"><img decoding=\"async\" src=\"https:\/\/condomett.it\/wp-content\/plugins\/easing-slider\/assets\/images\/placeholder-pixel.png\" data-src=\"https:\/\/condomett.it\/wp-content\/uploads\/2017\/07\/liquidi-penetranti-2-640x400.jpg\" alt=\"\" title=\"\" class=\"easingslider-image easingslider-lazy\" \/><\/a><\/div><div class=\"easingslider-slide\"><a href=\"https:\/\/condomett.it\/wp-content\/uploads\/2017\/07\/liquidi-penetranti-5-640x400.jpg\"><img decoding=\"async\" src=\"https:\/\/condomett.it\/wp-content\/plugins\/easing-slider\/assets\/images\/placeholder-pixel.png\" data-src=\"https:\/\/condomett.it\/wp-content\/uploads\/2017\/07\/liquidi-penetranti-5-640x400.jpg\" alt=\"\" title=\"\" class=\"easingslider-image easingslider-lazy\" \/><\/a><\/div><div class=\"easingslider-slide\"><a href=\"https:\/\/condomett.it\/wp-content\/uploads\/2017\/09\/liquidi-penetranti-2-640x400.jpg\"><img decoding=\"async\" src=\"https:\/\/condomett.it\/wp-content\/plugins\/easing-slider\/assets\/images\/placeholder-pixel.png\" data-src=\"https:\/\/condomett.it\/wp-content\/uploads\/2017\/09\/liquidi-penetranti-2-640x400.jpg\" alt=\"\" title=\"\" class=\"easingslider-image easingslider-lazy\" \/><\/a><\/div><div class=\"easingslider-slide\"><a href=\"https:\/\/condomett.it\/wp-content\/uploads\/2017\/09\/liquidi-penetranti-640x400.jpg\"><img decoding=\"async\" src=\"https:\/\/condomett.it\/wp-content\/plugins\/easing-slider\/assets\/images\/placeholder-pixel.png\" data-src=\"https:\/\/condomett.it\/wp-content\/uploads\/2017\/09\/liquidi-penetranti-640x400.jpg\" alt=\"\" title=\"\" class=\"easingslider-image easingslider-lazy\" \/><\/a><\/div><div class=\"easingslider-slide\"><a href=\"https:\/\/condomett.it\/wp-content\/uploads\/2017\/09\/IMG-20170920-WA0001-640x400.jpg\"><img decoding=\"async\" src=\"https:\/\/condomett.it\/wp-content\/plugins\/easing-slider\/assets\/images\/placeholder-pixel.png\" data-src=\"https:\/\/condomett.it\/wp-content\/uploads\/2017\/09\/IMG-20170920-WA0001-640x400.jpg\" alt=\"\" title=\"\" class=\"easingslider-image easingslider-lazy\" \/><\/a><\/div><\/div>\n<hr \/>\n<p>Diese zerst\u00f6rungsfreie Pr\u00fcftechnik nutzt die F\u00e4higkeit einiger Fl\u00fcssigkeiten, durch Kapillarkr\u00e4fte \u2013 nicht durch Schwerkraft \u2013 in winzige Oberfl\u00e4chenrisse und Materialtrennungen einzudringen.<br \/>\nDie Eindringpr\u00fcfung ist eine besonders geeignete Methode, um Materialtrennungen an der Oberfl\u00e4che wie Risse, Poren, Falten schnell und wirtschaftlich und mit gro\u00dfer Genauigkeit an allen Materialarten aufzuzeigen und zu lokalisieren.<\/p>\n<p>Je nach der verwendeten Technik kann der Mangel auf verschiedene Weise dargestellt werden: durch Farbkontrast oder mit fluoreszierendem Eindringmittel, das im Dunkeln mit einer Wood-Lampe leicht erkennbar ist.<\/p>\n","protected":false},"excerpt":{"rendered":"<p>Diese zerst\u00f6rungsfreie Pr\u00fcftechnik nutzt die F\u00e4higkeit einiger Fl\u00fcssigkeiten, durch Kapillarkr\u00e4fte \u2013 nicht durch Schwerkraft \u2013 in winzige Oberfl\u00e4chenrisse und Materialtrennungen einzudringen. Die Eindringpr\u00fcfung ist eine besonders geeignete Methode, um Materialtrennungen an der Oberfl\u00e4che wie Risse, Poren, Falten schnell und wirtschaftlich und mit gro\u00dfer Genauigkeit an allen Materialarten aufzuzeigen und zu lokalisieren. Je nach der verwendeten&#8230; <a class=\"read-more\" href=\"https:\/\/condomett.it\/de\/zerstoerungsfreie-pruefungen\/lindringpruefung\/\"> READ MORE<\/a><\/p>\n","protected":false},"author":3,"featured_media":2930,"parent":2914,"menu_order":2,"comment_status":"closed","ping_status":"closed","template":"","meta":{"footnotes":""},"class_list":["post-2929","page","type-page","status-publish","has-post-thumbnail","hentry"],"yoast_head":"<!-- This site is optimized with the Yoast SEO plugin v27.5 - https:\/\/yoast.com\/product\/yoast-seo-wordpress\/ -->\n<title>Lindringpr\u00fcfung (PT) - Condomett<\/title>\n<meta name=\"robots\" content=\"index, follow, max-snippet:-1, max-image-preview:large, max-video-preview:-1\" \/>\n<link rel=\"canonical\" href=\"https:\/\/condomett.it\/controlli-non-distruttivi\/liquidi-penetranti\/\" \/>\n<meta property=\"og:locale\" content=\"de_DE\" \/>\n<meta property=\"og:type\" content=\"article\" \/>\n<meta property=\"og:title\" content=\"Lindringpr\u00fcfung (PT) - Condomett\" \/>\n<meta property=\"og:description\" content=\"Diese zerst\u00f6rungsfreie Pr\u00fcftechnik nutzt die F\u00e4higkeit einiger Fl\u00fcssigkeiten, durch Kapillarkr\u00e4fte \u2013 nicht durch Schwerkraft \u2013 in winzige Oberfl\u00e4chenrisse und Materialtrennungen einzudringen. Die Eindringpr\u00fcfung ist eine besonders geeignete Methode, um Materialtrennungen an der Oberfl\u00e4che wie Risse, Poren, Falten schnell und wirtschaftlich und mit gro\u00dfer Genauigkeit an allen Materialarten aufzuzeigen und zu lokalisieren. Je nach der verwendeten... READ MORE\" \/>\n<meta property=\"og:url\" content=\"https:\/\/condomett.it\/controlli-non-distruttivi\/liquidi-penetranti\/\" \/>\n<meta property=\"og:site_name\" content=\"Condomett\" \/>\n<meta property=\"article:modified_time\" content=\"2017-10-10T09:47:47+00:00\" \/>\n<meta property=\"og:image\" content=\"https:\/\/condomett.it\/wp-content\/uploads\/2017\/07\/liquidi-penetranti-2.jpg\" \/>\n\t<meta property=\"og:image:width\" content=\"1280\" \/>\n\t<meta property=\"og:image:height\" content=\"960\" \/>\n\t<meta property=\"og:image:type\" content=\"image\/jpeg\" \/>\n<meta name=\"twitter:card\" content=\"summary_large_image\" \/>\n<script type=\"application\/ld+json\" class=\"yoast-schema-graph\">{\"@context\":\"https:\\\/\\\/schema.org\",\"@graph\":[{\"@type\":\"WebPage\",\"@id\":\"https:\\\/\\\/condomett.it\\\/controlli-non-distruttivi\\\/liquidi-penetranti\\\/\",\"url\":\"https:\\\/\\\/condomett.it\\\/controlli-non-distruttivi\\\/liquidi-penetranti\\\/\",\"name\":\"Lindringpr\u00fcfung (PT) - Condomett\",\"isPartOf\":{\"@id\":\"https:\\\/\\\/condomett.it\\\/de\\\/#website\"},\"primaryImageOfPage\":{\"@id\":\"https:\\\/\\\/condomett.it\\\/controlli-non-distruttivi\\\/liquidi-penetranti\\\/#primaryimage\"},\"image\":{\"@id\":\"https:\\\/\\\/condomett.it\\\/controlli-non-distruttivi\\\/liquidi-penetranti\\\/#primaryimage\"},\"thumbnailUrl\":\"https:\\\/\\\/condomett.it\\\/wp-content\\\/uploads\\\/2017\\\/07\\\/liquidi-penetranti-2.jpg\",\"datePublished\":\"2017-07-04T09:34:46+00:00\",\"dateModified\":\"2017-10-10T09:47:47+00:00\",\"breadcrumb\":{\"@id\":\"https:\\\/\\\/condomett.it\\\/controlli-non-distruttivi\\\/liquidi-penetranti\\\/#breadcrumb\"},\"inLanguage\":\"de\",\"potentialAction\":[{\"@type\":\"ReadAction\",\"target\":[\"https:\\\/\\\/condomett.it\\\/controlli-non-distruttivi\\\/liquidi-penetranti\\\/\"]}]},{\"@type\":\"ImageObject\",\"inLanguage\":\"de\",\"@id\":\"https:\\\/\\\/condomett.it\\\/controlli-non-distruttivi\\\/liquidi-penetranti\\\/#primaryimage\",\"url\":\"https:\\\/\\\/condomett.it\\\/wp-content\\\/uploads\\\/2017\\\/07\\\/liquidi-penetranti-2.jpg\",\"contentUrl\":\"https:\\\/\\\/condomett.it\\\/wp-content\\\/uploads\\\/2017\\\/07\\\/liquidi-penetranti-2.jpg\",\"width\":1280,\"height\":960},{\"@type\":\"BreadcrumbList\",\"@id\":\"https:\\\/\\\/condomett.it\\\/controlli-non-distruttivi\\\/liquidi-penetranti\\\/#breadcrumb\",\"itemListElement\":[{\"@type\":\"ListItem\",\"position\":1,\"name\":\"Home\",\"item\":\"https:\\\/\\\/condomett.it\\\/de\\\/\"},{\"@type\":\"ListItem\",\"position\":2,\"name\":\"Zerst\u00f6rungsfreie pr\u00fcfungen\",\"item\":\"https:\\\/\\\/condomett.it\\\/controlli-non-distruttivi\\\/\"},{\"@type\":\"ListItem\",\"position\":3,\"name\":\"Lindringpr\u00fcfung (PT)\"}]},{\"@type\":\"WebSite\",\"@id\":\"https:\\\/\\\/condomett.it\\\/de\\\/#website\",\"url\":\"https:\\\/\\\/condomett.it\\\/de\\\/\",\"name\":\"Condomett\",\"description\":\"Condomett Fidenza (dal 1953 \u2013 Parma): controlli non distruttivi, trattamenti termici, officina meccanica, verifiche periodiche ed ispezioni aeree con drone\",\"potentialAction\":[{\"@type\":\"SearchAction\",\"target\":{\"@type\":\"EntryPoint\",\"urlTemplate\":\"https:\\\/\\\/condomett.it\\\/de\\\/?s={search_term_string}\"},\"query-input\":{\"@type\":\"PropertyValueSpecification\",\"valueRequired\":true,\"valueName\":\"search_term_string\"}}],\"inLanguage\":\"de\"}]}<\/script>\n<!-- \/ Yoast SEO plugin. -->","yoast_head_json":{"title":"Lindringpr\u00fcfung (PT) - Condomett","robots":{"index":"index","follow":"follow","max-snippet":"max-snippet:-1","max-image-preview":"max-image-preview:large","max-video-preview":"max-video-preview:-1"},"canonical":"https:\/\/condomett.it\/controlli-non-distruttivi\/liquidi-penetranti\/","og_locale":"de_DE","og_type":"article","og_title":"Lindringpr\u00fcfung (PT) - Condomett","og_description":"Diese zerst\u00f6rungsfreie Pr\u00fcftechnik nutzt die F\u00e4higkeit einiger Fl\u00fcssigkeiten, durch Kapillarkr\u00e4fte \u2013 nicht durch Schwerkraft \u2013 in winzige Oberfl\u00e4chenrisse und Materialtrennungen einzudringen. Die Eindringpr\u00fcfung ist eine besonders geeignete Methode, um Materialtrennungen an der Oberfl\u00e4che wie Risse, Poren, Falten schnell und wirtschaftlich und mit gro\u00dfer Genauigkeit an allen Materialarten aufzuzeigen und zu lokalisieren. Je nach der verwendeten... READ MORE","og_url":"https:\/\/condomett.it\/controlli-non-distruttivi\/liquidi-penetranti\/","og_site_name":"Condomett","article_modified_time":"2017-10-10T09:47:47+00:00","og_image":[{"width":1280,"height":960,"url":"https:\/\/condomett.it\/wp-content\/uploads\/2017\/07\/liquidi-penetranti-2.jpg","type":"image\/jpeg"}],"twitter_card":"summary_large_image","schema":{"@context":"https:\/\/schema.org","@graph":[{"@type":"WebPage","@id":"https:\/\/condomett.it\/controlli-non-distruttivi\/liquidi-penetranti\/","url":"https:\/\/condomett.it\/controlli-non-distruttivi\/liquidi-penetranti\/","name":"Lindringpr\u00fcfung (PT) - Condomett","isPartOf":{"@id":"https:\/\/condomett.it\/de\/#website"},"primaryImageOfPage":{"@id":"https:\/\/condomett.it\/controlli-non-distruttivi\/liquidi-penetranti\/#primaryimage"},"image":{"@id":"https:\/\/condomett.it\/controlli-non-distruttivi\/liquidi-penetranti\/#primaryimage"},"thumbnailUrl":"https:\/\/condomett.it\/wp-content\/uploads\/2017\/07\/liquidi-penetranti-2.jpg","datePublished":"2017-07-04T09:34:46+00:00","dateModified":"2017-10-10T09:47:47+00:00","breadcrumb":{"@id":"https:\/\/condomett.it\/controlli-non-distruttivi\/liquidi-penetranti\/#breadcrumb"},"inLanguage":"de","potentialAction":[{"@type":"ReadAction","target":["https:\/\/condomett.it\/controlli-non-distruttivi\/liquidi-penetranti\/"]}]},{"@type":"ImageObject","inLanguage":"de","@id":"https:\/\/condomett.it\/controlli-non-distruttivi\/liquidi-penetranti\/#primaryimage","url":"https:\/\/condomett.it\/wp-content\/uploads\/2017\/07\/liquidi-penetranti-2.jpg","contentUrl":"https:\/\/condomett.it\/wp-content\/uploads\/2017\/07\/liquidi-penetranti-2.jpg","width":1280,"height":960},{"@type":"BreadcrumbList","@id":"https:\/\/condomett.it\/controlli-non-distruttivi\/liquidi-penetranti\/#breadcrumb","itemListElement":[{"@type":"ListItem","position":1,"name":"Home","item":"https:\/\/condomett.it\/de\/"},{"@type":"ListItem","position":2,"name":"Zerst\u00f6rungsfreie pr\u00fcfungen","item":"https:\/\/condomett.it\/controlli-non-distruttivi\/"},{"@type":"ListItem","position":3,"name":"Lindringpr\u00fcfung (PT)"}]},{"@type":"WebSite","@id":"https:\/\/condomett.it\/de\/#website","url":"https:\/\/condomett.it\/de\/","name":"Condomett","description":"Condomett Fidenza (dal 1953 \u2013 Parma): controlli non distruttivi, trattamenti termici, officina meccanica, verifiche periodiche ed ispezioni aeree con drone","potentialAction":[{"@type":"SearchAction","target":{"@type":"EntryPoint","urlTemplate":"https:\/\/condomett.it\/de\/?s={search_term_string}"},"query-input":{"@type":"PropertyValueSpecification","valueRequired":true,"valueName":"search_term_string"}}],"inLanguage":"de"}]}},"_links":{"self":[{"href":"https:\/\/condomett.it\/de\/wp-json\/wp\/v2\/pages\/2929","targetHints":{"allow":["GET"]}}],"collection":[{"href":"https:\/\/condomett.it\/de\/wp-json\/wp\/v2\/pages"}],"about":[{"href":"https:\/\/condomett.it\/de\/wp-json\/wp\/v2\/types\/page"}],"author":[{"embeddable":true,"href":"https:\/\/condomett.it\/de\/wp-json\/wp\/v2\/users\/3"}],"replies":[{"embeddable":true,"href":"https:\/\/condomett.it\/de\/wp-json\/wp\/v2\/comments?post=2929"}],"version-history":[{"count":2,"href":"https:\/\/condomett.it\/de\/wp-json\/wp\/v2\/pages\/2929\/revisions"}],"predecessor-version":[{"id":2934,"href":"https:\/\/condomett.it\/de\/wp-json\/wp\/v2\/pages\/2929\/revisions\/2934"}],"up":[{"embeddable":true,"href":"https:\/\/condomett.it\/de\/wp-json\/wp\/v2\/pages\/2914"}],"wp:featuredmedia":[{"embeddable":true,"href":"https:\/\/condomett.it\/de\/wp-json\/wp\/v2\/media\/2930"}],"wp:attachment":[{"href":"https:\/\/condomett.it\/de\/wp-json\/wp\/v2\/media?parent=2929"}],"curies":[{"name":"wp","href":"https:\/\/api.w.org\/{rel}","templated":true}]}}