{"id":2927,"date":"2017-09-04T10:20:20","date_gmt":"2017-09-04T08:20:20","guid":{"rendered":"https:\/\/condomett.it\/zerstoerungsfreie-pruefungen\/iris\/"},"modified":"2017-10-10T11:44:52","modified_gmt":"2017-10-10T09:44:52","slug":"iris","status":"publish","type":"page","link":"https:\/\/condomett.it\/de\/zerstoerungsfreie-pruefungen\/iris\/","title":{"rendered":"Iris-messung"},"content":{"rendered":"<style type=\"text\/css\">.easingslider-2430 { width: 100%; }.easingslider-2430 .easingslider-image { max-height: 400px; max-width: 640px; }.easingslider-2430 .easingslider-fade-in, .easingslider-fade-out { -webkit-animation-duration: 400ms; -moz-animation-duration: 400ms; animation-duration: 400ms; }<\/style><script type=\"text\/javascript\">window.EasingSlider2430 = {\"width\":640,\"height\":400,\"singleItem\":true,\"items\":1,\"itemsDesktop\":false,\"itemsDesktopSmall\":false,\"itemsTablet\":false,\"itemsTabletSmall\":false,\"itemsMobile\":false,\"responsive\":true,\"lazyLoad\":true,\"autoPlay\":4000,\"slideSpeed\":400,\"navigation\":true,\"navigationText\":[\"\",\"\"],\"pagination\":false,\"autoHeight\":false,\"mouseDrag\":false,\"touchDrag\":false,\"addClassActive\":true,\"transitionStyle\":\"fade\"};<\/script><div data-id=\"2430\" class=\"easingslider easingslider-2430 easingslider-container easingslider-full-width easingslider-resizing-enabled easingslider-aspect-ratio easingslider-arrows-inside\"><div class=\"easingslider-slide\"><a href=\"https:\/\/condomett.it\/wp-content\/uploads\/2017\/09\/IRIS-640x400.png\"><img decoding=\"async\" src=\"https:\/\/condomett.it\/wp-content\/plugins\/easing-slider\/assets\/images\/placeholder-pixel.png\" data-src=\"https:\/\/condomett.it\/wp-content\/uploads\/2017\/09\/IRIS-640x400.png\" alt=\"\" title=\"\" class=\"easingslider-image easingslider-lazy\" \/><\/a><\/div><div class=\"easingslider-slide\"><a href=\"https:\/\/condomett.it\/wp-content\/uploads\/2017\/09\/IRIS-2-640x400.png\"><img decoding=\"async\" src=\"https:\/\/condomett.it\/wp-content\/plugins\/easing-slider\/assets\/images\/placeholder-pixel.png\" data-src=\"https:\/\/condomett.it\/wp-content\/uploads\/2017\/09\/IRIS-2-640x400.png\" alt=\"\" title=\"\" class=\"easingslider-image easingslider-lazy\" \/><\/a><\/div><div class=\"easingslider-slide\"><a href=\"https:\/\/condomett.it\/wp-content\/uploads\/2017\/09\/IRIS-1-640x400.png\"><img decoding=\"async\" src=\"https:\/\/condomett.it\/wp-content\/plugins\/easing-slider\/assets\/images\/placeholder-pixel.png\" data-src=\"https:\/\/condomett.it\/wp-content\/uploads\/2017\/09\/IRIS-1-640x400.png\" alt=\"\" title=\"\" class=\"easingslider-image easingslider-lazy\" \/><\/a><\/div><\/div>\n<hr \/>\n<p>Die Iris-Messung (Internal Rotary Inspection Service) wird an eisenhaltigen, nicht eisenhaltigen und nicht metallischen Rohren ausgef\u00fchrt. Sie nutzt ein Ultraschallsignal mit einem Drehkopf, der durch das zu pr\u00fcfende Rohr gef\u00fchrt wird. Es ist wichtig, dass sich Wasser im Rohr befindet.<\/p>\n<p>Mit dieser Technik k\u00f6nnen Verringerungen der Wanddicke durch Korrosion, Erosion, Abnutzung, Pitting und Abbl\u00e4tterungen festgestellt werden.<\/p>\n<p>Die Rohrwanddicke wird durch die Messung der Zeit zwischen dem ersten und dem zweiten Echo erfasst.Einer der Hauptvorteile der Iris-Messung ist, dass das Ergebnis unmittelbar vorliegt.<\/p>\n","protected":false},"excerpt":{"rendered":"<p>Die Iris-Messung (Internal Rotary Inspection Service) wird an eisenhaltigen, nicht eisenhaltigen und nicht metallischen Rohren ausgef\u00fchrt. Sie nutzt ein Ultraschallsignal mit einem Drehkopf, der durch das zu pr\u00fcfende Rohr gef\u00fchrt wird. Es ist wichtig, dass sich Wasser im Rohr befindet. Mit dieser Technik k\u00f6nnen Verringerungen der Wanddicke durch Korrosion, Erosion, Abnutzung, Pitting und Abbl\u00e4tterungen festgestellt&#8230; <a class=\"read-more\" href=\"https:\/\/condomett.it\/de\/zerstoerungsfreie-pruefungen\/iris\/\"> READ MORE<\/a><\/p>\n","protected":false},"author":3,"featured_media":2928,"parent":2914,"menu_order":9,"comment_status":"closed","ping_status":"closed","template":"","meta":{"footnotes":""},"class_list":["post-2927","page","type-page","status-publish","has-post-thumbnail","hentry"],"yoast_head":"<!-- This site is optimized with the Yoast SEO plugin v27.4 - https:\/\/yoast.com\/product\/yoast-seo-wordpress\/ -->\n<title>Iris-messung - Condomett<\/title>\n<meta name=\"robots\" content=\"index, follow, max-snippet:-1, max-image-preview:large, max-video-preview:-1\" \/>\n<link rel=\"canonical\" href=\"https:\/\/condomett.it\/controlli-non-distruttivi\/iris\/\" \/>\n<meta property=\"og:locale\" content=\"de_DE\" \/>\n<meta property=\"og:type\" content=\"article\" \/>\n<meta property=\"og:title\" content=\"Iris-messung - Condomett\" \/>\n<meta property=\"og:description\" content=\"Die Iris-Messung (Internal Rotary Inspection Service) wird an eisenhaltigen, nicht eisenhaltigen und nicht metallischen Rohren ausgef\u00fchrt. Sie nutzt ein Ultraschallsignal mit einem Drehkopf, der durch das zu pr\u00fcfende Rohr gef\u00fchrt wird. Es ist wichtig, dass sich Wasser im Rohr befindet. Mit dieser Technik k\u00f6nnen Verringerungen der Wanddicke durch Korrosion, Erosion, Abnutzung, Pitting und Abbl\u00e4tterungen festgestellt... READ MORE\" \/>\n<meta property=\"og:url\" content=\"https:\/\/condomett.it\/controlli-non-distruttivi\/iris\/\" \/>\n<meta property=\"og:site_name\" content=\"Condomett\" \/>\n<meta property=\"article:modified_time\" content=\"2017-10-10T09:44:52+00:00\" \/>\n<meta property=\"og:image\" content=\"https:\/\/condomett.it\/wp-content\/uploads\/2017\/09\/IRIS.png\" \/>\n\t<meta property=\"og:image:width\" content=\"1017\" \/>\n\t<meta property=\"og:image:height\" content=\"705\" \/>\n\t<meta property=\"og:image:type\" content=\"image\/png\" \/>\n<meta name=\"twitter:card\" content=\"summary_large_image\" \/>\n<script type=\"application\/ld+json\" class=\"yoast-schema-graph\">{\"@context\":\"https:\\\/\\\/schema.org\",\"@graph\":[{\"@type\":\"WebPage\",\"@id\":\"https:\\\/\\\/condomett.it\\\/controlli-non-distruttivi\\\/iris\\\/\",\"url\":\"https:\\\/\\\/condomett.it\\\/controlli-non-distruttivi\\\/iris\\\/\",\"name\":\"Iris-messung - Condomett\",\"isPartOf\":{\"@id\":\"https:\\\/\\\/condomett.it\\\/de\\\/#website\"},\"primaryImageOfPage\":{\"@id\":\"https:\\\/\\\/condomett.it\\\/controlli-non-distruttivi\\\/iris\\\/#primaryimage\"},\"image\":{\"@id\":\"https:\\\/\\\/condomett.it\\\/controlli-non-distruttivi\\\/iris\\\/#primaryimage\"},\"thumbnailUrl\":\"https:\\\/\\\/condomett.it\\\/wp-content\\\/uploads\\\/2017\\\/09\\\/IRIS.png\",\"datePublished\":\"2017-09-04T08:20:20+00:00\",\"dateModified\":\"2017-10-10T09:44:52+00:00\",\"breadcrumb\":{\"@id\":\"https:\\\/\\\/condomett.it\\\/controlli-non-distruttivi\\\/iris\\\/#breadcrumb\"},\"inLanguage\":\"de\",\"potentialAction\":[{\"@type\":\"ReadAction\",\"target\":[\"https:\\\/\\\/condomett.it\\\/controlli-non-distruttivi\\\/iris\\\/\"]}]},{\"@type\":\"ImageObject\",\"inLanguage\":\"de\",\"@id\":\"https:\\\/\\\/condomett.it\\\/controlli-non-distruttivi\\\/iris\\\/#primaryimage\",\"url\":\"https:\\\/\\\/condomett.it\\\/wp-content\\\/uploads\\\/2017\\\/09\\\/IRIS.png\",\"contentUrl\":\"https:\\\/\\\/condomett.it\\\/wp-content\\\/uploads\\\/2017\\\/09\\\/IRIS.png\",\"width\":1017,\"height\":705},{\"@type\":\"BreadcrumbList\",\"@id\":\"https:\\\/\\\/condomett.it\\\/controlli-non-distruttivi\\\/iris\\\/#breadcrumb\",\"itemListElement\":[{\"@type\":\"ListItem\",\"position\":1,\"name\":\"Home\",\"item\":\"https:\\\/\\\/condomett.it\\\/de\\\/\"},{\"@type\":\"ListItem\",\"position\":2,\"name\":\"Zerst\u00f6rungsfreie pr\u00fcfungen\",\"item\":\"https:\\\/\\\/condomett.it\\\/controlli-non-distruttivi\\\/\"},{\"@type\":\"ListItem\",\"position\":3,\"name\":\"Iris-messung\"}]},{\"@type\":\"WebSite\",\"@id\":\"https:\\\/\\\/condomett.it\\\/de\\\/#website\",\"url\":\"https:\\\/\\\/condomett.it\\\/de\\\/\",\"name\":\"Condomett\",\"description\":\"Condomett Fidenza (dal 1953 \u2013 Parma): controlli non distruttivi, trattamenti termici, officina meccanica, verifiche periodiche ed ispezioni aeree con drone\",\"potentialAction\":[{\"@type\":\"SearchAction\",\"target\":{\"@type\":\"EntryPoint\",\"urlTemplate\":\"https:\\\/\\\/condomett.it\\\/de\\\/?s={search_term_string}\"},\"query-input\":{\"@type\":\"PropertyValueSpecification\",\"valueRequired\":true,\"valueName\":\"search_term_string\"}}],\"inLanguage\":\"de\"}]}<\/script>\n<!-- \/ Yoast SEO plugin. -->","yoast_head_json":{"title":"Iris-messung - Condomett","robots":{"index":"index","follow":"follow","max-snippet":"max-snippet:-1","max-image-preview":"max-image-preview:large","max-video-preview":"max-video-preview:-1"},"canonical":"https:\/\/condomett.it\/controlli-non-distruttivi\/iris\/","og_locale":"de_DE","og_type":"article","og_title":"Iris-messung - Condomett","og_description":"Die Iris-Messung (Internal Rotary Inspection Service) wird an eisenhaltigen, nicht eisenhaltigen und nicht metallischen Rohren ausgef\u00fchrt. Sie nutzt ein Ultraschallsignal mit einem Drehkopf, der durch das zu pr\u00fcfende Rohr gef\u00fchrt wird. Es ist wichtig, dass sich Wasser im Rohr befindet. Mit dieser Technik k\u00f6nnen Verringerungen der Wanddicke durch Korrosion, Erosion, Abnutzung, Pitting und Abbl\u00e4tterungen festgestellt... READ MORE","og_url":"https:\/\/condomett.it\/controlli-non-distruttivi\/iris\/","og_site_name":"Condomett","article_modified_time":"2017-10-10T09:44:52+00:00","og_image":[{"width":1017,"height":705,"url":"https:\/\/condomett.it\/wp-content\/uploads\/2017\/09\/IRIS.png","type":"image\/png"}],"twitter_card":"summary_large_image","schema":{"@context":"https:\/\/schema.org","@graph":[{"@type":"WebPage","@id":"https:\/\/condomett.it\/controlli-non-distruttivi\/iris\/","url":"https:\/\/condomett.it\/controlli-non-distruttivi\/iris\/","name":"Iris-messung - Condomett","isPartOf":{"@id":"https:\/\/condomett.it\/de\/#website"},"primaryImageOfPage":{"@id":"https:\/\/condomett.it\/controlli-non-distruttivi\/iris\/#primaryimage"},"image":{"@id":"https:\/\/condomett.it\/controlli-non-distruttivi\/iris\/#primaryimage"},"thumbnailUrl":"https:\/\/condomett.it\/wp-content\/uploads\/2017\/09\/IRIS.png","datePublished":"2017-09-04T08:20:20+00:00","dateModified":"2017-10-10T09:44:52+00:00","breadcrumb":{"@id":"https:\/\/condomett.it\/controlli-non-distruttivi\/iris\/#breadcrumb"},"inLanguage":"de","potentialAction":[{"@type":"ReadAction","target":["https:\/\/condomett.it\/controlli-non-distruttivi\/iris\/"]}]},{"@type":"ImageObject","inLanguage":"de","@id":"https:\/\/condomett.it\/controlli-non-distruttivi\/iris\/#primaryimage","url":"https:\/\/condomett.it\/wp-content\/uploads\/2017\/09\/IRIS.png","contentUrl":"https:\/\/condomett.it\/wp-content\/uploads\/2017\/09\/IRIS.png","width":1017,"height":705},{"@type":"BreadcrumbList","@id":"https:\/\/condomett.it\/controlli-non-distruttivi\/iris\/#breadcrumb","itemListElement":[{"@type":"ListItem","position":1,"name":"Home","item":"https:\/\/condomett.it\/de\/"},{"@type":"ListItem","position":2,"name":"Zerst\u00f6rungsfreie pr\u00fcfungen","item":"https:\/\/condomett.it\/controlli-non-distruttivi\/"},{"@type":"ListItem","position":3,"name":"Iris-messung"}]},{"@type":"WebSite","@id":"https:\/\/condomett.it\/de\/#website","url":"https:\/\/condomett.it\/de\/","name":"Condomett","description":"Condomett Fidenza (dal 1953 \u2013 Parma): controlli non distruttivi, trattamenti termici, officina meccanica, verifiche periodiche ed ispezioni aeree con drone","potentialAction":[{"@type":"SearchAction","target":{"@type":"EntryPoint","urlTemplate":"https:\/\/condomett.it\/de\/?s={search_term_string}"},"query-input":{"@type":"PropertyValueSpecification","valueRequired":true,"valueName":"search_term_string"}}],"inLanguage":"de"}]}},"_links":{"self":[{"href":"https:\/\/condomett.it\/de\/wp-json\/wp\/v2\/pages\/2927","targetHints":{"allow":["GET"]}}],"collection":[{"href":"https:\/\/condomett.it\/de\/wp-json\/wp\/v2\/pages"}],"about":[{"href":"https:\/\/condomett.it\/de\/wp-json\/wp\/v2\/types\/page"}],"author":[{"embeddable":true,"href":"https:\/\/condomett.it\/de\/wp-json\/wp\/v2\/users\/3"}],"replies":[{"embeddable":true,"href":"https:\/\/condomett.it\/de\/wp-json\/wp\/v2\/comments?post=2927"}],"version-history":[{"count":2,"href":"https:\/\/condomett.it\/de\/wp-json\/wp\/v2\/pages\/2927\/revisions"}],"predecessor-version":[{"id":2932,"href":"https:\/\/condomett.it\/de\/wp-json\/wp\/v2\/pages\/2927\/revisions\/2932"}],"up":[{"embeddable":true,"href":"https:\/\/condomett.it\/de\/wp-json\/wp\/v2\/pages\/2914"}],"wp:featuredmedia":[{"embeddable":true,"href":"https:\/\/condomett.it\/de\/wp-json\/wp\/v2\/media\/2928"}],"wp:attachment":[{"href":"https:\/\/condomett.it\/de\/wp-json\/wp\/v2\/media?parent=2927"}],"curies":[{"name":"wp","href":"https:\/\/api.w.org\/{rel}","templated":true}]}}