{"id":2920,"date":"2017-07-18T14:23:52","date_gmt":"2017-07-18T12:23:52","guid":{"rendered":"https:\/\/condomett.it\/zerstoerungsfreie-pruefungen\/emissioni-acustiche\/"},"modified":"2017-10-11T10:26:19","modified_gmt":"2017-10-11T08:26:19","slug":"schallemissionsanalyse","status":"publish","type":"page","link":"https:\/\/condomett.it\/de\/zerstoerungsfreie-pruefungen\/schallemissionsanalyse\/","title":{"rendered":"Schallemissionsanalyse (AT)"},"content":{"rendered":"<style type=\"text\/css\">.easingslider-2309 { width: 100%; }.easingslider-2309 .easingslider-image { max-height: 400px; max-width: 640px; }.easingslider-2309 .easingslider-fade-in, .easingslider-fade-out { -webkit-animation-duration: 400ms; -moz-animation-duration: 400ms; animation-duration: 400ms; }<\/style><script type=\"text\/javascript\">window.EasingSlider2309 = {\"width\":640,\"height\":400,\"singleItem\":true,\"items\":1,\"itemsDesktop\":false,\"itemsDesktopSmall\":false,\"itemsTablet\":false,\"itemsTabletSmall\":false,\"itemsMobile\":false,\"responsive\":true,\"lazyLoad\":true,\"autoPlay\":4000,\"slideSpeed\":400,\"navigation\":true,\"navigationText\":[\"\",\"\"],\"pagination\":false,\"autoHeight\":false,\"mouseDrag\":false,\"touchDrag\":false,\"addClassActive\":true,\"transitionStyle\":\"fade\"};<\/script><div data-id=\"2309\" class=\"easingslider easingslider-2309 easingslider-container easingslider-full-width easingslider-resizing-enabled easingslider-aspect-ratio easingslider-arrows-inside\"><div class=\"easingslider-slide\"><a href=\"\"><img decoding=\"async\" src=\"https:\/\/condomett.it\/wp-content\/plugins\/easing-slider\/assets\/images\/placeholder-pixel.png\" data-src=\"\" alt=\"\" title=\"\" class=\"easingslider-image easingslider-lazy\" \/><\/a><\/div><div class=\"easingslider-slide\"><a href=\"https:\/\/condomett.it\/wp-content\/uploads\/2017\/09\/Emissioni-Acustiche-640x400.jpg\"><img decoding=\"async\" src=\"https:\/\/condomett.it\/wp-content\/plugins\/easing-slider\/assets\/images\/placeholder-pixel.png\" data-src=\"https:\/\/condomett.it\/wp-content\/uploads\/2017\/09\/Emissioni-Acustiche-640x400.jpg\" alt=\"\" title=\"\" class=\"easingslider-image easingslider-lazy\" \/><\/a><\/div><div class=\"easingslider-slide\"><a href=\"https:\/\/condomett.it\/wp-content\/uploads\/2017\/09\/emissioni-acustiche-640x400.jpg\"><img decoding=\"async\" src=\"https:\/\/condomett.it\/wp-content\/plugins\/easing-slider\/assets\/images\/placeholder-pixel.png\" data-src=\"https:\/\/condomett.it\/wp-content\/uploads\/2017\/09\/emissioni-acustiche-640x400.jpg\" alt=\"\" title=\"\" class=\"easingslider-image easingslider-lazy\" \/><\/a><\/div><div class=\"easingslider-slide\"><a href=\"https:\/\/condomett.it\/wp-content\/uploads\/2017\/09\/Emissioni-acustiche1-640x400.jpg\"><img decoding=\"async\" src=\"https:\/\/condomett.it\/wp-content\/plugins\/easing-slider\/assets\/images\/placeholder-pixel.png\" data-src=\"https:\/\/condomett.it\/wp-content\/uploads\/2017\/09\/Emissioni-acustiche1-640x400.jpg\" alt=\"\" title=\"\" class=\"easingslider-image easingslider-lazy\" \/><\/a><\/div><div class=\"easingslider-slide\"><a href=\"https:\/\/condomett.it\/wp-content\/uploads\/2017\/09\/Cattura-640x400.jpg\"><img decoding=\"async\" src=\"https:\/\/condomett.it\/wp-content\/plugins\/easing-slider\/assets\/images\/placeholder-pixel.png\" data-src=\"https:\/\/condomett.it\/wp-content\/uploads\/2017\/09\/Cattura-640x400.jpg\" alt=\"\" title=\"\" class=\"easingslider-image easingslider-lazy\" \/><\/a><\/div><\/div>\n<hr \/>\n<p>Die Schallemissionsanalyse (SEA) ist eine Technik der zerst\u00f6rungsfreien Pr\u00fcfung, die auf der Erfassung der Ultraschallsignale basiert, mit denen M\u00e4ngel oder Leckstellen an Druckbeh\u00e4ltern festgestellt und lokalisiert werden k\u00f6nnen. Die Pr\u00fcfung mit der SEA liefert eine sofortige vollst\u00e4ndige Analyse von Struktur und Zustand des Testobjekts. Der wichtigste Vorteil der Schallemissionspr\u00fcfung ist, dass man die Unversehrtheit der Beh\u00e4lter nachweisen kann, ohne diese zu entleeren und verg\u00fcten zu m\u00fcssen. Die Informationen, die man mit der Schallemissionsanalyse \u00fcber die strukturelle.<\/p>\n<p>Unversehrtheit des Pr\u00fcflings erh\u00e4lt, sind zuverl\u00e4ssiger als bei traditionellen Pr\u00fcfmethoden.Mit unseren Instrument AMSY-6 mit 42 Kan\u00e4len k\u00f6nnen wir gro\u00dfe Tanks mit \u00fcber 90 m Durchmesser kontrollieren.<\/p>\n","protected":false},"excerpt":{"rendered":"<p>Die Schallemissionsanalyse (SEA) ist eine Technik der zerst\u00f6rungsfreien Pr\u00fcfung, die auf der Erfassung der Ultraschallsignale basiert, mit denen M\u00e4ngel oder Leckstellen an Druckbeh\u00e4ltern festgestellt und lokalisiert werden k\u00f6nnen. Die Pr\u00fcfung mit der SEA liefert eine sofortige vollst\u00e4ndige Analyse von Struktur und Zustand des Testobjekts. Der wichtigste Vorteil der Schallemissionspr\u00fcfung ist, dass man die Unversehrtheit der&#8230; <a class=\"read-more\" href=\"https:\/\/condomett.it\/de\/zerstoerungsfreie-pruefungen\/schallemissionsanalyse\/\"> READ MORE<\/a><\/p>\n","protected":false},"author":3,"featured_media":3232,"parent":2914,"menu_order":7,"comment_status":"closed","ping_status":"closed","template":"","meta":{"footnotes":""},"class_list":["post-2920","page","type-page","status-publish","has-post-thumbnail","hentry"],"yoast_head":"<!-- This site is optimized with the Yoast SEO plugin v27.4 - https:\/\/yoast.com\/product\/yoast-seo-wordpress\/ -->\n<title>Schallemissionsanalyse (AT) - Condomett<\/title>\n<meta name=\"robots\" content=\"index, follow, max-snippet:-1, max-image-preview:large, max-video-preview:-1\" \/>\n<link rel=\"canonical\" href=\"https:\/\/condomett.it\/controlli-non-distruttivi\/emissioni-acustiche\/\" \/>\n<meta property=\"og:locale\" content=\"de_DE\" \/>\n<meta property=\"og:type\" content=\"article\" \/>\n<meta property=\"og:title\" content=\"Schallemissionsanalyse (AT) - Condomett\" \/>\n<meta property=\"og:description\" content=\"Die Schallemissionsanalyse (SEA) ist eine Technik der zerst\u00f6rungsfreien Pr\u00fcfung, die auf der Erfassung der Ultraschallsignale basiert, mit denen M\u00e4ngel oder Leckstellen an Druckbeh\u00e4ltern festgestellt und lokalisiert werden k\u00f6nnen. Die Pr\u00fcfung mit der SEA liefert eine sofortige vollst\u00e4ndige Analyse von Struktur und Zustand des Testobjekts. Der wichtigste Vorteil der Schallemissionspr\u00fcfung ist, dass man die Unversehrtheit der... READ MORE\" \/>\n<meta property=\"og:url\" content=\"https:\/\/condomett.it\/controlli-non-distruttivi\/emissioni-acustiche\/\" \/>\n<meta property=\"og:site_name\" content=\"Condomett\" \/>\n<meta property=\"article:modified_time\" content=\"2017-10-11T08:26:19+00:00\" \/>\n<meta property=\"og:image\" content=\"https:\/\/condomett.it\/wp-content\/uploads\/2017\/09\/emissioni-acustiche-1024x683.jpg\" \/>\n\t<meta property=\"og:image:width\" content=\"1024\" \/>\n\t<meta property=\"og:image:height\" content=\"683\" \/>\n\t<meta property=\"og:image:type\" content=\"image\/jpeg\" \/>\n<meta name=\"twitter:card\" content=\"summary_large_image\" \/>\n<meta name=\"twitter:label1\" content=\"Gesch\u00e4tzte Lesezeit\" \/>\n\t<meta name=\"twitter:data1\" content=\"1\u00a0Minute\" \/>\n<script type=\"application\/ld+json\" class=\"yoast-schema-graph\">{\"@context\":\"https:\\\/\\\/schema.org\",\"@graph\":[{\"@type\":\"WebPage\",\"@id\":\"https:\\\/\\\/condomett.it\\\/controlli-non-distruttivi\\\/emissioni-acustiche\\\/\",\"url\":\"https:\\\/\\\/condomett.it\\\/controlli-non-distruttivi\\\/emissioni-acustiche\\\/\",\"name\":\"Schallemissionsanalyse (AT) - Condomett\",\"isPartOf\":{\"@id\":\"https:\\\/\\\/condomett.it\\\/de\\\/#website\"},\"primaryImageOfPage\":{\"@id\":\"https:\\\/\\\/condomett.it\\\/controlli-non-distruttivi\\\/emissioni-acustiche\\\/#primaryimage\"},\"image\":{\"@id\":\"https:\\\/\\\/condomett.it\\\/controlli-non-distruttivi\\\/emissioni-acustiche\\\/#primaryimage\"},\"thumbnailUrl\":\"https:\\\/\\\/condomett.it\\\/wp-content\\\/uploads\\\/2017\\\/09\\\/emissioni-acustiche.jpg\",\"datePublished\":\"2017-07-18T12:23:52+00:00\",\"dateModified\":\"2017-10-11T08:26:19+00:00\",\"breadcrumb\":{\"@id\":\"https:\\\/\\\/condomett.it\\\/controlli-non-distruttivi\\\/emissioni-acustiche\\\/#breadcrumb\"},\"inLanguage\":\"de\",\"potentialAction\":[{\"@type\":\"ReadAction\",\"target\":[\"https:\\\/\\\/condomett.it\\\/controlli-non-distruttivi\\\/emissioni-acustiche\\\/\"]}]},{\"@type\":\"ImageObject\",\"inLanguage\":\"de\",\"@id\":\"https:\\\/\\\/condomett.it\\\/controlli-non-distruttivi\\\/emissioni-acustiche\\\/#primaryimage\",\"url\":\"https:\\\/\\\/condomett.it\\\/wp-content\\\/uploads\\\/2017\\\/09\\\/emissioni-acustiche.jpg\",\"contentUrl\":\"https:\\\/\\\/condomett.it\\\/wp-content\\\/uploads\\\/2017\\\/09\\\/emissioni-acustiche.jpg\",\"width\":6000,\"height\":4000},{\"@type\":\"BreadcrumbList\",\"@id\":\"https:\\\/\\\/condomett.it\\\/controlli-non-distruttivi\\\/emissioni-acustiche\\\/#breadcrumb\",\"itemListElement\":[{\"@type\":\"ListItem\",\"position\":1,\"name\":\"Home\",\"item\":\"https:\\\/\\\/condomett.it\\\/de\\\/\"},{\"@type\":\"ListItem\",\"position\":2,\"name\":\"Zerst\u00f6rungsfreie pr\u00fcfungen\",\"item\":\"https:\\\/\\\/condomett.it\\\/controlli-non-distruttivi\\\/\"},{\"@type\":\"ListItem\",\"position\":3,\"name\":\"Schallemissionsanalyse (AT)\"}]},{\"@type\":\"WebSite\",\"@id\":\"https:\\\/\\\/condomett.it\\\/de\\\/#website\",\"url\":\"https:\\\/\\\/condomett.it\\\/de\\\/\",\"name\":\"Condomett\",\"description\":\"Condomett Fidenza (dal 1953 \u2013 Parma): controlli non distruttivi, trattamenti termici, officina meccanica, verifiche periodiche ed ispezioni aeree con drone\",\"potentialAction\":[{\"@type\":\"SearchAction\",\"target\":{\"@type\":\"EntryPoint\",\"urlTemplate\":\"https:\\\/\\\/condomett.it\\\/de\\\/?s={search_term_string}\"},\"query-input\":{\"@type\":\"PropertyValueSpecification\",\"valueRequired\":true,\"valueName\":\"search_term_string\"}}],\"inLanguage\":\"de\"}]}<\/script>\n<!-- \/ Yoast SEO plugin. -->","yoast_head_json":{"title":"Schallemissionsanalyse (AT) - Condomett","robots":{"index":"index","follow":"follow","max-snippet":"max-snippet:-1","max-image-preview":"max-image-preview:large","max-video-preview":"max-video-preview:-1"},"canonical":"https:\/\/condomett.it\/controlli-non-distruttivi\/emissioni-acustiche\/","og_locale":"de_DE","og_type":"article","og_title":"Schallemissionsanalyse (AT) - Condomett","og_description":"Die Schallemissionsanalyse (SEA) ist eine Technik der zerst\u00f6rungsfreien Pr\u00fcfung, die auf der Erfassung der Ultraschallsignale basiert, mit denen M\u00e4ngel oder Leckstellen an Druckbeh\u00e4ltern festgestellt und lokalisiert werden k\u00f6nnen. Die Pr\u00fcfung mit der SEA liefert eine sofortige vollst\u00e4ndige Analyse von Struktur und Zustand des Testobjekts. Der wichtigste Vorteil der Schallemissionspr\u00fcfung ist, dass man die Unversehrtheit der... READ MORE","og_url":"https:\/\/condomett.it\/controlli-non-distruttivi\/emissioni-acustiche\/","og_site_name":"Condomett","article_modified_time":"2017-10-11T08:26:19+00:00","og_image":[{"width":1024,"height":683,"url":"https:\/\/condomett.it\/wp-content\/uploads\/2017\/09\/emissioni-acustiche-1024x683.jpg","type":"image\/jpeg"}],"twitter_card":"summary_large_image","twitter_misc":{"Gesch\u00e4tzte Lesezeit":"1\u00a0Minute"},"schema":{"@context":"https:\/\/schema.org","@graph":[{"@type":"WebPage","@id":"https:\/\/condomett.it\/controlli-non-distruttivi\/emissioni-acustiche\/","url":"https:\/\/condomett.it\/controlli-non-distruttivi\/emissioni-acustiche\/","name":"Schallemissionsanalyse (AT) - Condomett","isPartOf":{"@id":"https:\/\/condomett.it\/de\/#website"},"primaryImageOfPage":{"@id":"https:\/\/condomett.it\/controlli-non-distruttivi\/emissioni-acustiche\/#primaryimage"},"image":{"@id":"https:\/\/condomett.it\/controlli-non-distruttivi\/emissioni-acustiche\/#primaryimage"},"thumbnailUrl":"https:\/\/condomett.it\/wp-content\/uploads\/2017\/09\/emissioni-acustiche.jpg","datePublished":"2017-07-18T12:23:52+00:00","dateModified":"2017-10-11T08:26:19+00:00","breadcrumb":{"@id":"https:\/\/condomett.it\/controlli-non-distruttivi\/emissioni-acustiche\/#breadcrumb"},"inLanguage":"de","potentialAction":[{"@type":"ReadAction","target":["https:\/\/condomett.it\/controlli-non-distruttivi\/emissioni-acustiche\/"]}]},{"@type":"ImageObject","inLanguage":"de","@id":"https:\/\/condomett.it\/controlli-non-distruttivi\/emissioni-acustiche\/#primaryimage","url":"https:\/\/condomett.it\/wp-content\/uploads\/2017\/09\/emissioni-acustiche.jpg","contentUrl":"https:\/\/condomett.it\/wp-content\/uploads\/2017\/09\/emissioni-acustiche.jpg","width":6000,"height":4000},{"@type":"BreadcrumbList","@id":"https:\/\/condomett.it\/controlli-non-distruttivi\/emissioni-acustiche\/#breadcrumb","itemListElement":[{"@type":"ListItem","position":1,"name":"Home","item":"https:\/\/condomett.it\/de\/"},{"@type":"ListItem","position":2,"name":"Zerst\u00f6rungsfreie pr\u00fcfungen","item":"https:\/\/condomett.it\/controlli-non-distruttivi\/"},{"@type":"ListItem","position":3,"name":"Schallemissionsanalyse (AT)"}]},{"@type":"WebSite","@id":"https:\/\/condomett.it\/de\/#website","url":"https:\/\/condomett.it\/de\/","name":"Condomett","description":"Condomett Fidenza (dal 1953 \u2013 Parma): controlli non distruttivi, trattamenti termici, officina meccanica, verifiche periodiche ed ispezioni aeree con drone","potentialAction":[{"@type":"SearchAction","target":{"@type":"EntryPoint","urlTemplate":"https:\/\/condomett.it\/de\/?s={search_term_string}"},"query-input":{"@type":"PropertyValueSpecification","valueRequired":true,"valueName":"search_term_string"}}],"inLanguage":"de"}]}},"_links":{"self":[{"href":"https:\/\/condomett.it\/de\/wp-json\/wp\/v2\/pages\/2920","targetHints":{"allow":["GET"]}}],"collection":[{"href":"https:\/\/condomett.it\/de\/wp-json\/wp\/v2\/pages"}],"about":[{"href":"https:\/\/condomett.it\/de\/wp-json\/wp\/v2\/types\/page"}],"author":[{"embeddable":true,"href":"https:\/\/condomett.it\/de\/wp-json\/wp\/v2\/users\/3"}],"replies":[{"embeddable":true,"href":"https:\/\/condomett.it\/de\/wp-json\/wp\/v2\/comments?post=2920"}],"version-history":[{"count":1,"href":"https:\/\/condomett.it\/de\/wp-json\/wp\/v2\/pages\/2920\/revisions"}],"predecessor-version":[{"id":2925,"href":"https:\/\/condomett.it\/de\/wp-json\/wp\/v2\/pages\/2920\/revisions\/2925"}],"up":[{"embeddable":true,"href":"https:\/\/condomett.it\/de\/wp-json\/wp\/v2\/pages\/2914"}],"wp:featuredmedia":[{"embeddable":true,"href":"https:\/\/condomett.it\/de\/wp-json\/wp\/v2\/media\/3232"}],"wp:attachment":[{"href":"https:\/\/condomett.it\/de\/wp-json\/wp\/v2\/media?parent=2920"}],"curies":[{"name":"wp","href":"https:\/\/api.w.org\/{rel}","templated":true}]}}