{"id":2914,"date":"2017-10-10T11:16:15","date_gmt":"2017-10-10T09:16:15","guid":{"rendered":"https:\/\/condomett.it\/?page_id=2914"},"modified":"2017-10-10T11:16:15","modified_gmt":"2017-10-10T09:16:15","slug":"zerstoerungsfreie-pruefungen","status":"publish","type":"page","link":"https:\/\/condomett.it\/de\/zerstoerungsfreie-pruefungen\/","title":{"rendered":"Zerst\u00f6rungsfreie pr\u00fcfungen"},"content":{"rendered":"<p>Zerst\u00f6rungsfreie Pr\u00fcfungen (ZfP) sind alle Pr\u00fcfungen, Tests und Messungen, f\u00fcr die Methoden angewendet werden, die das Material nicht ver\u00e4ndern und die keine Zerst\u00f6rung oder Probenentnahme aus der gepr\u00fcften Struktur f\u00fcr die Suche und Erkennung von M\u00e4ngeln daran erfordern.<\/p>\n<p>Condomett kann mit der \u00fcber 60-j\u00e4hrigen Erfahrung, dem qualifiziertem, zugelassenen Personal f\u00fcr die verschiedenen Methoden (VT-PT-MT-UT-RT-GW-ET-AT-TT) und einem hochmodernen, st\u00e4ndig aktualisierten Maschinenpark alle Anforderungen im Bereich der zerst\u00f6rungsfreien Kontrollen erf\u00fcllen und garantiert dabei P\u00fcnktlichkeit und Professionalit\u00e4t.<\/p>\n<p>Condomett f\u00fchrt regelm\u00e4\u00dfig die gesetzlichen Pr\u00fcfungen an Druckger\u00e4ten aus.Die Pr\u00fcfungen auf Unversehrtheit werden von unseren Technikern<br \/>\nmit Ultraschallger\u00e4ten der j\u00fcngsten Generation stets professionell und p\u00fcnktlich ausgef\u00fchrt.<\/p>\n<h3>Liste der Methoden f\u00fcr zerst\u00f6rungsfreie Pr\u00fcfungen<\/h3>\n","protected":false},"excerpt":{"rendered":"<p>Zerst\u00f6rungsfreie Pr\u00fcfungen (ZfP) sind alle Pr\u00fcfungen, Tests und Messungen, f\u00fcr die Methoden angewendet werden, die das Material nicht ver\u00e4ndern und die keine Zerst\u00f6rung oder Probenentnahme aus der gepr\u00fcften Struktur f\u00fcr die Suche und Erkennung von M\u00e4ngeln daran erfordern. Condomett kann mit der \u00fcber 60-j\u00e4hrigen Erfahrung, dem qualifiziertem, zugelassenen Personal f\u00fcr die verschiedenen Methoden (VT-PT-MT-UT-RT-GW-ET-AT-TT) und&#8230; <a class=\"read-more\" href=\"https:\/\/condomett.it\/de\/zerstoerungsfreie-pruefungen\/\"> READ MORE<\/a><\/p>\n","protected":false},"author":3,"featured_media":0,"parent":0,"menu_order":0,"comment_status":"closed","ping_status":"closed","template":"controlli non distruttivi.php","meta":{"footnotes":""},"class_list":["post-2914","page","type-page","status-publish","hentry"],"yoast_head":"<!-- This site is optimized with the Yoast SEO plugin v27.6 - https:\/\/yoast.com\/product\/yoast-seo-wordpress\/ -->\n<title>Zerst\u00f6rungsfreie pr\u00fcfungen - Condomett<\/title>\n<meta name=\"robots\" content=\"index, follow, max-snippet:-1, max-image-preview:large, max-video-preview:-1\" \/>\n<link rel=\"canonical\" href=\"https:\/\/condomett.it\/controlli-non-distruttivi\/\" \/>\n<meta property=\"og:locale\" content=\"de_DE\" \/>\n<meta property=\"og:type\" content=\"article\" \/>\n<meta property=\"og:title\" content=\"Zerst\u00f6rungsfreie pr\u00fcfungen - Condomett\" \/>\n<meta property=\"og:description\" content=\"Zerst\u00f6rungsfreie Pr\u00fcfungen (ZfP) sind alle Pr\u00fcfungen, Tests und Messungen, f\u00fcr die Methoden angewendet werden, die das Material nicht ver\u00e4ndern und die keine Zerst\u00f6rung oder Probenentnahme aus der gepr\u00fcften Struktur f\u00fcr die Suche und Erkennung von M\u00e4ngeln daran erfordern. Condomett kann mit der \u00fcber 60-j\u00e4hrigen Erfahrung, dem qualifiziertem, zugelassenen Personal f\u00fcr die verschiedenen Methoden (VT-PT-MT-UT-RT-GW-ET-AT-TT) und... READ MORE\" \/>\n<meta property=\"og:url\" content=\"https:\/\/condomett.it\/controlli-non-distruttivi\/\" \/>\n<meta property=\"og:site_name\" content=\"Condomett\" \/>\n<meta name=\"twitter:card\" content=\"summary_large_image\" \/>\n<meta name=\"twitter:label1\" content=\"Gesch\u00e4tzte Lesezeit\" \/>\n\t<meta name=\"twitter:data1\" content=\"1\u00a0Minute\" \/>\n<script type=\"application\/ld+json\" class=\"yoast-schema-graph\">{\"@context\":\"https:\\\/\\\/schema.org\",\"@graph\":[{\"@type\":\"WebPage\",\"@id\":\"https:\\\/\\\/condomett.it\\\/controlli-non-distruttivi\\\/\",\"url\":\"https:\\\/\\\/condomett.it\\\/controlli-non-distruttivi\\\/\",\"name\":\"Zerst\u00f6rungsfreie pr\u00fcfungen - Condomett\",\"isPartOf\":{\"@id\":\"https:\\\/\\\/condomett.it\\\/de\\\/#website\"},\"datePublished\":\"2017-10-10T09:16:15+00:00\",\"breadcrumb\":{\"@id\":\"https:\\\/\\\/condomett.it\\\/controlli-non-distruttivi\\\/#breadcrumb\"},\"inLanguage\":\"de\",\"potentialAction\":[{\"@type\":\"ReadAction\",\"target\":[\"https:\\\/\\\/condomett.it\\\/controlli-non-distruttivi\\\/\"]}]},{\"@type\":\"BreadcrumbList\",\"@id\":\"https:\\\/\\\/condomett.it\\\/controlli-non-distruttivi\\\/#breadcrumb\",\"itemListElement\":[{\"@type\":\"ListItem\",\"position\":1,\"name\":\"Home\",\"item\":\"https:\\\/\\\/condomett.it\\\/de\\\/\"},{\"@type\":\"ListItem\",\"position\":2,\"name\":\"Zerst\u00f6rungsfreie pr\u00fcfungen\"}]},{\"@type\":\"WebSite\",\"@id\":\"https:\\\/\\\/condomett.it\\\/de\\\/#website\",\"url\":\"https:\\\/\\\/condomett.it\\\/de\\\/\",\"name\":\"Condomett\",\"description\":\"Condomett Fidenza (dal 1953 \u2013 Parma): controlli non distruttivi, trattamenti termici, officina meccanica, verifiche periodiche ed ispezioni aeree con drone\",\"potentialAction\":[{\"@type\":\"SearchAction\",\"target\":{\"@type\":\"EntryPoint\",\"urlTemplate\":\"https:\\\/\\\/condomett.it\\\/de\\\/?s={search_term_string}\"},\"query-input\":{\"@type\":\"PropertyValueSpecification\",\"valueRequired\":true,\"valueName\":\"search_term_string\"}}],\"inLanguage\":\"de\"}]}<\/script>\n<!-- \/ Yoast SEO plugin. -->","yoast_head_json":{"title":"Zerst\u00f6rungsfreie pr\u00fcfungen - Condomett","robots":{"index":"index","follow":"follow","max-snippet":"max-snippet:-1","max-image-preview":"max-image-preview:large","max-video-preview":"max-video-preview:-1"},"canonical":"https:\/\/condomett.it\/controlli-non-distruttivi\/","og_locale":"de_DE","og_type":"article","og_title":"Zerst\u00f6rungsfreie pr\u00fcfungen - Condomett","og_description":"Zerst\u00f6rungsfreie Pr\u00fcfungen (ZfP) sind alle Pr\u00fcfungen, Tests und Messungen, f\u00fcr die Methoden angewendet werden, die das Material nicht ver\u00e4ndern und die keine Zerst\u00f6rung oder Probenentnahme aus der gepr\u00fcften Struktur f\u00fcr die Suche und Erkennung von M\u00e4ngeln daran erfordern. Condomett kann mit der \u00fcber 60-j\u00e4hrigen Erfahrung, dem qualifiziertem, zugelassenen Personal f\u00fcr die verschiedenen Methoden (VT-PT-MT-UT-RT-GW-ET-AT-TT) und... READ MORE","og_url":"https:\/\/condomett.it\/controlli-non-distruttivi\/","og_site_name":"Condomett","twitter_card":"summary_large_image","twitter_misc":{"Gesch\u00e4tzte Lesezeit":"1\u00a0Minute"},"schema":{"@context":"https:\/\/schema.org","@graph":[{"@type":"WebPage","@id":"https:\/\/condomett.it\/controlli-non-distruttivi\/","url":"https:\/\/condomett.it\/controlli-non-distruttivi\/","name":"Zerst\u00f6rungsfreie pr\u00fcfungen - Condomett","isPartOf":{"@id":"https:\/\/condomett.it\/de\/#website"},"datePublished":"2017-10-10T09:16:15+00:00","breadcrumb":{"@id":"https:\/\/condomett.it\/controlli-non-distruttivi\/#breadcrumb"},"inLanguage":"de","potentialAction":[{"@type":"ReadAction","target":["https:\/\/condomett.it\/controlli-non-distruttivi\/"]}]},{"@type":"BreadcrumbList","@id":"https:\/\/condomett.it\/controlli-non-distruttivi\/#breadcrumb","itemListElement":[{"@type":"ListItem","position":1,"name":"Home","item":"https:\/\/condomett.it\/de\/"},{"@type":"ListItem","position":2,"name":"Zerst\u00f6rungsfreie pr\u00fcfungen"}]},{"@type":"WebSite","@id":"https:\/\/condomett.it\/de\/#website","url":"https:\/\/condomett.it\/de\/","name":"Condomett","description":"Condomett Fidenza (dal 1953 \u2013 Parma): controlli non distruttivi, trattamenti termici, officina meccanica, verifiche periodiche ed ispezioni aeree con drone","potentialAction":[{"@type":"SearchAction","target":{"@type":"EntryPoint","urlTemplate":"https:\/\/condomett.it\/de\/?s={search_term_string}"},"query-input":{"@type":"PropertyValueSpecification","valueRequired":true,"valueName":"search_term_string"}}],"inLanguage":"de"}]}},"_links":{"self":[{"href":"https:\/\/condomett.it\/de\/wp-json\/wp\/v2\/pages\/2914","targetHints":{"allow":["GET"]}}],"collection":[{"href":"https:\/\/condomett.it\/de\/wp-json\/wp\/v2\/pages"}],"about":[{"href":"https:\/\/condomett.it\/de\/wp-json\/wp\/v2\/types\/page"}],"author":[{"embeddable":true,"href":"https:\/\/condomett.it\/de\/wp-json\/wp\/v2\/users\/3"}],"replies":[{"embeddable":true,"href":"https:\/\/condomett.it\/de\/wp-json\/wp\/v2\/comments?post=2914"}],"version-history":[{"count":1,"href":"https:\/\/condomett.it\/de\/wp-json\/wp\/v2\/pages\/2914\/revisions"}],"predecessor-version":[{"id":2915,"href":"https:\/\/condomett.it\/de\/wp-json\/wp\/v2\/pages\/2914\/revisions\/2915"}],"wp:attachment":[{"href":"https:\/\/condomett.it\/de\/wp-json\/wp\/v2\/media?parent=2914"}],"curies":[{"name":"wp","href":"https:\/\/api.w.org\/{rel}","templated":true}]}}