{"id":2891,"date":"2015-10-26T11:19:46","date_gmt":"2015-10-26T10:19:46","guid":{"rendered":"https:\/\/condomett.it\/chi-siamo\/"},"modified":"2026-03-12T14:44:05","modified_gmt":"2026-03-12T13:44:05","slug":"uber-uns","status":"publish","type":"page","link":"https:\/\/condomett.it\/de\/uber-uns\/","title":{"rendered":"\u00dcber uns"},"content":{"rendered":"<div class=\"wpb-content-wrapper\"><p>[vc_row el_class=&#8220;margin-bottom-50&#8243; css=&#8220;.vc_custom_1446511188959{border-bottom-width: 1px !important;padding-bottom: 65px !important;border-bottom-color: #eeeeee !important;border-bottom-style: solid !important;}&#8220;][vc_column width=&#8220;5\/12&#8243; el_class=&#8220;pdf&#8220;][vc_single_image image=&#8220;2896&#8243; img_size=&#8220;large&#8220; onclick=&#8220;img_link_large&#8220; el_class=&#8220;margin-bottom-40&#8243;]\t\t\t<div class=\"cortana-heading border-bottom left style1 \" >\n\t\t\t\t\t\t\t\t\t<h2 style=\"font-size:14px\">UMWELTPOLITIK<\/h2>\n\t\t\t\t\t\t\t<\/div>\n\t\t\t[vc_row_inner el_class=&#8220;hidden-xs&#8220;][vc_column_inner width=&#8220;1\/6&#8243;][vc_icon icon_fontawesome=&#8220;fa fa-file-pdf-o&#8220; color=&#8220;black&#8220;][\/vc_column_inner][vc_column_inner width=&#8220;5\/6&#8243; offset=&#8220;vc_hidden-sm vc_hidden-xs&#8220;][vc_column_text css=&#8220;&#8220;]<a href=\"https:\/\/condomett.it\/wp-content\/uploads\/2026\/03\/5.2_Politica-e-Vision-Aziendale.pdf\" target=\"_blank\" rel=\"noopener noreferrer\">UNTERNEHMENSPOLITIK<br \/>\n<\/a>[\/vc_column_text][\/vc_column_inner][\/vc_row_inner]\t\t\t<div class=\"cortana-heading border-bottom left style1 margine-basso\" >\n\t\t\t\t\t\t\t\t\t<h2 style=\"font-size:14px\">UNSERE BROSCH\u00dcRE<\/h2>\n\t\t\t\t\t\t\t<\/div>\n\t\t\t[vc_row_inner layout=&#8220;boxed&#8220; full_height=&#8220;yes&#8220;][vc_column_inner][vc_column_text]<a href=\"https:\/\/condomett.it\/wp-content\/uploads\/2015\/10\/CONDOMETT-TEDESCO-web.pdf\"><img loading=\"lazy\" decoding=\"async\" class=\"wp-image-2790 alignleft\" src=\"https:\/\/condomett.it\/wp-content\/uploads\/2015\/10\/catalogo-212x300.jpg\" alt=\"\" width=\"164\" height=\"232\" srcset=\"https:\/\/condomett.it\/wp-content\/uploads\/2015\/10\/catalogo-212x300.jpg 212w, https:\/\/condomett.it\/wp-content\/uploads\/2015\/10\/catalogo.jpg 446w\" sizes=\"auto, (max-width: 164px) 100vw, 164px\" \/><\/a>[\/vc_column_text][\/vc_column_inner][\/vc_row_inner][\/vc_column][vc_column width=&#8220;7\/12&#8243;]\t\t\t<div class=\"cortana-heading border-bottom left style1 \" >\n\t\t\t\t\t\t\t\t\t<h2 style=\"font-size:14px\">\u00dcBER UNS<\/h2>\n\t\t\t\t\t\t\t<\/div>\n\t\t\t[vc_column_text css=&#8220;.vc_custom_1507621649452{margin-bottom: 30px !important;}&#8220;]Condomett wurde 1953 als Fachfirma im Gebiet der zerst\u00f6rungsfreien Pr\u00fcfungen und der W\u00e4rmebehandlungen gegr\u00fcndet.<\/p>\n<p>Es ist die erste Firma in Italien, die solche Dienstleistungen im Auftrag Dritter anbietet.<\/p>\n<p>Condomett ist mit zwei Niederlassungen in Fidenza (Parma) und Sarroch (Cagliari) auf dem Landesgebiet vertreten. Der Personalbestand umfasst 70 Besch\u00e4ftigte, davon 50 qualifizierte Fachtechniker, die f\u00fcr die verschiedenen Methoden nach den Normen UNI EN ISO 9712 zertifiziert sind.<\/p>\n<p>Seriosit\u00e4t, Effizienz und st\u00e4ndige Aktualisierung und dazu die Erfahrung aus \u00fcber 60 Jahren T\u00e4tigkeit machen Condomett zu einer Referenz in ganz Italien f\u00fcr zerst\u00f6rungsfreie Pr\u00fcfungen und W\u00e4rmebehandlungen.[\/vc_column_text]\t\t\t<div class=\"cortana-heading border-bottom left style1 \" >\n\t\t\t\t\t\t\t\t\t<h2 style=\"font-size:14px\">WAS SPRICHT F\u00dcR UNS<\/h2>\n\t\t\t\t\t\t\t<\/div>\n\t\t\t[vc_column_text]Wir bieten unseren Kunden einen personalisierten, p\u00fcnktlichen und kontinuierlichen Service und k\u00fcmmern uns sorgf\u00e4ltig um alle Aspekte jedes einzelnen Falls, wobei hochmoderne Instrumente zum Einsatz kommen.<\/p>\n<p>Zerst\u00f6rungsfreie Pr\u00fcfungen (ZfP) sind alle Pr\u00fcfungen, Tests und Messungen, f\u00fcr die Methoden angewendet werden, die das Material nicht ver\u00e4ndern und die keine Zerst\u00f6rung oder Probenentnahme aus der gepr\u00fcften Struktur f\u00fcr die Suche und Erkennung von M\u00e4ngeln daran erfordern.[\/vc_column_text][\/vc_column][\/vc_row]<\/p>\n<\/div>","protected":false},"excerpt":{"rendered":"<p>[vc_row el_class=&#8220;margin-bottom-50&#8243; css=&#8220;.vc_custom_1446511188959{border-bottom-width: 1px !important;padding-bottom: 65px !important;border-bottom-color: #eeeeee !important;border-bottom-style: solid !important;}&#8220;][vc_column width=&#8220;5\/12&#8243; el_class=&#8220;pdf&#8220;][vc_single_image image=&#8220;2896&#8243; img_size=&#8220;large&#8220; onclick=&#8220;img_link_large&#8220; el_class=&#8220;margin-bottom-40&#8243;][vc_row_inner el_class=&#8220;hidden-xs&#8220;][vc_column_inner width=&#8220;1\/6&#8243;][vc_icon icon_fontawesome=&#8220;fa fa-file-pdf-o&#8220; color=&#8220;black&#8220;][\/vc_column_inner][vc_column_inner width=&#8220;5\/6&#8243; offset=&#8220;vc_hidden-sm vc_hidden-xs&#8220;][vc_column_text css=&#8220;&#8220;]UNTERNEHMENSPOLITIK [\/vc_column_text][\/vc_column_inner][\/vc_row_inner][vc_row_inner layout=&#8220;boxed&#8220; full_height=&#8220;yes&#8220;][vc_column_inner][vc_column_text][\/vc_column_text][\/vc_column_inner][\/vc_row_inner][\/vc_column][vc_column width=&#8220;7\/12&#8243;][vc_column_text css=&#8220;.vc_custom_1507621649452{margin-bottom: 30px !important;}&#8220;]Condomett wurde 1953 als Fachfirma im Gebiet der zerst\u00f6rungsfreien Pr\u00fcfungen und der W\u00e4rmebehandlungen gegr\u00fcndet. Es ist die erste Firma in Italien, die solche&#8230; <a class=\"read-more\" href=\"https:\/\/condomett.it\/de\/uber-uns\/\"> READ MORE<\/a><\/p>\n","protected":false},"author":3,"featured_media":0,"parent":0,"menu_order":0,"comment_status":"closed","ping_status":"closed","template":"","meta":{"footnotes":""},"class_list":["post-2891","page","type-page","status-publish","hentry"],"yoast_head":"<!-- This site is optimized with the Yoast SEO plugin v27.5 - https:\/\/yoast.com\/product\/yoast-seo-wordpress\/ -->\n<title>\u00dcber uns - Condomett<\/title>\n<meta name=\"robots\" content=\"index, follow, max-snippet:-1, max-image-preview:large, max-video-preview:-1\" \/>\n<link rel=\"canonical\" href=\"https:\/\/condomett.it\/de\/uber-uns\/\" \/>\n<meta property=\"og:locale\" content=\"de_DE\" \/>\n<meta property=\"og:type\" content=\"article\" \/>\n<meta property=\"og:title\" content=\"\u00dcber uns - Condomett\" \/>\n<meta property=\"og:description\" content=\"[vc_row el_class=&#8220;margin-bottom-50&#8243; css=&#8220;.vc_custom_1446511188959{border-bottom-width: 1px !important;padding-bottom: 65px !important;border-bottom-color: #eeeeee !important;border-bottom-style: solid !important;}&#8220;][vc_column width=&#8220;5\/12&#8243; el_class=&#8220;pdf&#8220;][vc_single_image image=&#8220;2896&#8243; img_size=&#8220;large&#8220; onclick=&#8220;img_link_large&#8220; el_class=&#8220;margin-bottom-40&#8243;][vc_row_inner el_class=&#8220;hidden-xs&#8220;][vc_column_inner width=&#8220;1\/6&#8243;][vc_icon icon_fontawesome=&#8220;fa fa-file-pdf-o&#8220; color=&#8220;black&#8220;][\/vc_column_inner][vc_column_inner width=&#8220;5\/6&#8243; offset=&#8220;vc_hidden-sm vc_hidden-xs&#8220;][vc_column_text css=&#8220;&#8220;]UNTERNEHMENSPOLITIK [\/vc_column_text][\/vc_column_inner][\/vc_row_inner][vc_row_inner layout=&#8220;boxed&#8220; full_height=&#8220;yes&#8220;][vc_column_inner][vc_column_text][\/vc_column_text][\/vc_column_inner][\/vc_row_inner][\/vc_column][vc_column width=&#8220;7\/12&#8243;][vc_column_text css=&#8220;.vc_custom_1507621649452{margin-bottom: 30px !important;}&#8220;]Condomett wurde 1953 als Fachfirma im Gebiet der zerst\u00f6rungsfreien Pr\u00fcfungen und der W\u00e4rmebehandlungen gegr\u00fcndet. Es ist die erste Firma in Italien, die solche... READ MORE\" \/>\n<meta property=\"og:url\" content=\"https:\/\/condomett.it\/de\/uber-uns\/\" \/>\n<meta property=\"og:site_name\" content=\"Condomett\" \/>\n<meta property=\"article:modified_time\" content=\"2026-03-12T13:44:05+00:00\" \/>\n<meta property=\"og:image\" content=\"https:\/\/condomett.it\/wp-content\/uploads\/2015\/10\/catalogo-212x300.jpg\" \/>\n<meta name=\"twitter:card\" content=\"summary_large_image\" \/>\n<meta name=\"twitter:label1\" content=\"Gesch\u00e4tzte Lesezeit\" \/>\n\t<meta name=\"twitter:data1\" content=\"2\u00a0Minuten\" \/>\n<script type=\"application\/ld+json\" class=\"yoast-schema-graph\">{\"@context\":\"https:\\\/\\\/schema.org\",\"@graph\":[{\"@type\":\"WebPage\",\"@id\":\"https:\\\/\\\/condomett.it\\\/de\\\/uber-uns\\\/\",\"url\":\"https:\\\/\\\/condomett.it\\\/de\\\/uber-uns\\\/\",\"name\":\"\u00dcber uns - Condomett\",\"isPartOf\":{\"@id\":\"https:\\\/\\\/condomett.it\\\/de\\\/#website\"},\"primaryImageOfPage\":{\"@id\":\"https:\\\/\\\/condomett.it\\\/de\\\/uber-uns\\\/#primaryimage\"},\"image\":{\"@id\":\"https:\\\/\\\/condomett.it\\\/de\\\/uber-uns\\\/#primaryimage\"},\"thumbnailUrl\":\"https:\\\/\\\/condomett.it\\\/wp-content\\\/uploads\\\/2015\\\/10\\\/catalogo-212x300.jpg\",\"datePublished\":\"2015-10-26T10:19:46+00:00\",\"dateModified\":\"2026-03-12T13:44:05+00:00\",\"breadcrumb\":{\"@id\":\"https:\\\/\\\/condomett.it\\\/de\\\/uber-uns\\\/#breadcrumb\"},\"inLanguage\":\"de\",\"potentialAction\":[{\"@type\":\"ReadAction\",\"target\":[\"https:\\\/\\\/condomett.it\\\/de\\\/uber-uns\\\/\"]}]},{\"@type\":\"ImageObject\",\"inLanguage\":\"de\",\"@id\":\"https:\\\/\\\/condomett.it\\\/de\\\/uber-uns\\\/#primaryimage\",\"url\":\"https:\\\/\\\/condomett.it\\\/wp-content\\\/uploads\\\/2015\\\/10\\\/catalogo-212x300.jpg\",\"contentUrl\":\"https:\\\/\\\/condomett.it\\\/wp-content\\\/uploads\\\/2015\\\/10\\\/catalogo-212x300.jpg\"},{\"@type\":\"BreadcrumbList\",\"@id\":\"https:\\\/\\\/condomett.it\\\/de\\\/uber-uns\\\/#breadcrumb\",\"itemListElement\":[{\"@type\":\"ListItem\",\"position\":1,\"name\":\"Home\",\"item\":\"https:\\\/\\\/condomett.it\\\/de\\\/\"},{\"@type\":\"ListItem\",\"position\":2,\"name\":\"\u00dcber uns\"}]},{\"@type\":\"WebSite\",\"@id\":\"https:\\\/\\\/condomett.it\\\/de\\\/#website\",\"url\":\"https:\\\/\\\/condomett.it\\\/de\\\/\",\"name\":\"Condomett\",\"description\":\"Condomett Fidenza (dal 1953 \u2013 Parma): controlli non distruttivi, trattamenti termici, officina meccanica, verifiche periodiche ed ispezioni aeree con drone\",\"potentialAction\":[{\"@type\":\"SearchAction\",\"target\":{\"@type\":\"EntryPoint\",\"urlTemplate\":\"https:\\\/\\\/condomett.it\\\/de\\\/?s={search_term_string}\"},\"query-input\":{\"@type\":\"PropertyValueSpecification\",\"valueRequired\":true,\"valueName\":\"search_term_string\"}}],\"inLanguage\":\"de\"}]}<\/script>\n<!-- \/ Yoast SEO plugin. -->","yoast_head_json":{"title":"\u00dcber uns - Condomett","robots":{"index":"index","follow":"follow","max-snippet":"max-snippet:-1","max-image-preview":"max-image-preview:large","max-video-preview":"max-video-preview:-1"},"canonical":"https:\/\/condomett.it\/de\/uber-uns\/","og_locale":"de_DE","og_type":"article","og_title":"\u00dcber uns - Condomett","og_description":"[vc_row el_class=&#8220;margin-bottom-50&#8243; css=&#8220;.vc_custom_1446511188959{border-bottom-width: 1px !important;padding-bottom: 65px !important;border-bottom-color: #eeeeee !important;border-bottom-style: solid !important;}&#8220;][vc_column width=&#8220;5\/12&#8243; el_class=&#8220;pdf&#8220;][vc_single_image image=&#8220;2896&#8243; img_size=&#8220;large&#8220; onclick=&#8220;img_link_large&#8220; el_class=&#8220;margin-bottom-40&#8243;][vc_row_inner el_class=&#8220;hidden-xs&#8220;][vc_column_inner width=&#8220;1\/6&#8243;][vc_icon icon_fontawesome=&#8220;fa fa-file-pdf-o&#8220; color=&#8220;black&#8220;][\/vc_column_inner][vc_column_inner width=&#8220;5\/6&#8243; offset=&#8220;vc_hidden-sm vc_hidden-xs&#8220;][vc_column_text css=&#8220;&#8220;]UNTERNEHMENSPOLITIK [\/vc_column_text][\/vc_column_inner][\/vc_row_inner][vc_row_inner layout=&#8220;boxed&#8220; full_height=&#8220;yes&#8220;][vc_column_inner][vc_column_text][\/vc_column_text][\/vc_column_inner][\/vc_row_inner][\/vc_column][vc_column width=&#8220;7\/12&#8243;][vc_column_text css=&#8220;.vc_custom_1507621649452{margin-bottom: 30px !important;}&#8220;]Condomett wurde 1953 als Fachfirma im Gebiet der zerst\u00f6rungsfreien Pr\u00fcfungen und der W\u00e4rmebehandlungen gegr\u00fcndet. Es ist die erste Firma in Italien, die solche... READ MORE","og_url":"https:\/\/condomett.it\/de\/uber-uns\/","og_site_name":"Condomett","article_modified_time":"2026-03-12T13:44:05+00:00","og_image":[{"url":"https:\/\/condomett.it\/wp-content\/uploads\/2015\/10\/catalogo-212x300.jpg","type":"","width":"","height":""}],"twitter_card":"summary_large_image","twitter_misc":{"Gesch\u00e4tzte Lesezeit":"2\u00a0Minuten"},"schema":{"@context":"https:\/\/schema.org","@graph":[{"@type":"WebPage","@id":"https:\/\/condomett.it\/de\/uber-uns\/","url":"https:\/\/condomett.it\/de\/uber-uns\/","name":"\u00dcber uns - Condomett","isPartOf":{"@id":"https:\/\/condomett.it\/de\/#website"},"primaryImageOfPage":{"@id":"https:\/\/condomett.it\/de\/uber-uns\/#primaryimage"},"image":{"@id":"https:\/\/condomett.it\/de\/uber-uns\/#primaryimage"},"thumbnailUrl":"https:\/\/condomett.it\/wp-content\/uploads\/2015\/10\/catalogo-212x300.jpg","datePublished":"2015-10-26T10:19:46+00:00","dateModified":"2026-03-12T13:44:05+00:00","breadcrumb":{"@id":"https:\/\/condomett.it\/de\/uber-uns\/#breadcrumb"},"inLanguage":"de","potentialAction":[{"@type":"ReadAction","target":["https:\/\/condomett.it\/de\/uber-uns\/"]}]},{"@type":"ImageObject","inLanguage":"de","@id":"https:\/\/condomett.it\/de\/uber-uns\/#primaryimage","url":"https:\/\/condomett.it\/wp-content\/uploads\/2015\/10\/catalogo-212x300.jpg","contentUrl":"https:\/\/condomett.it\/wp-content\/uploads\/2015\/10\/catalogo-212x300.jpg"},{"@type":"BreadcrumbList","@id":"https:\/\/condomett.it\/de\/uber-uns\/#breadcrumb","itemListElement":[{"@type":"ListItem","position":1,"name":"Home","item":"https:\/\/condomett.it\/de\/"},{"@type":"ListItem","position":2,"name":"\u00dcber uns"}]},{"@type":"WebSite","@id":"https:\/\/condomett.it\/de\/#website","url":"https:\/\/condomett.it\/de\/","name":"Condomett","description":"Condomett Fidenza (dal 1953 \u2013 Parma): controlli non distruttivi, trattamenti termici, officina meccanica, verifiche periodiche ed ispezioni aeree con drone","potentialAction":[{"@type":"SearchAction","target":{"@type":"EntryPoint","urlTemplate":"https:\/\/condomett.it\/de\/?s={search_term_string}"},"query-input":{"@type":"PropertyValueSpecification","valueRequired":true,"valueName":"search_term_string"}}],"inLanguage":"de"}]}},"_links":{"self":[{"href":"https:\/\/condomett.it\/de\/wp-json\/wp\/v2\/pages\/2891","targetHints":{"allow":["GET"]}}],"collection":[{"href":"https:\/\/condomett.it\/de\/wp-json\/wp\/v2\/pages"}],"about":[{"href":"https:\/\/condomett.it\/de\/wp-json\/wp\/v2\/types\/page"}],"author":[{"embeddable":true,"href":"https:\/\/condomett.it\/de\/wp-json\/wp\/v2\/users\/3"}],"replies":[{"embeddable":true,"href":"https:\/\/condomett.it\/de\/wp-json\/wp\/v2\/comments?post=2891"}],"version-history":[{"count":9,"href":"https:\/\/condomett.it\/de\/wp-json\/wp\/v2\/pages\/2891\/revisions"}],"predecessor-version":[{"id":3517,"href":"https:\/\/condomett.it\/de\/wp-json\/wp\/v2\/pages\/2891\/revisions\/3517"}],"wp:attachment":[{"href":"https:\/\/condomett.it\/de\/wp-json\/wp\/v2\/media?parent=2891"}],"curies":[{"name":"wp","href":"https:\/\/api.w.org\/{rel}","templated":true}]}}